{"id":1153,"date":"2018-12-12T11:19:06","date_gmt":"2018-12-12T10:19:06","guid":{"rendered":"https:\/\/www.asso-resppi.fr\/?page_id=1153"},"modified":"2020-10-28T10:52:42","modified_gmt":"2020-10-28T09:52:42","slug":"les-enfants-atypiques","status":"publish","type":"page","link":"https:\/\/www.asso-resppi.fr\/index.php\/notre-bibliographie\/comprendre-le-developpement-de-nos-enfants\/les-enfants-atypiques\/","title":{"rendered":"Les enfants atypiques"},"content":{"rendered":"<p>Un th\u00e8me abord\u00e9 durant le P&rsquo;tit D\u00e9j. Entre-Parents du 15 d\u00e9cembre 2018.<\/p>\n<p><span style=\"color: #0000ff;\"><em>ou comment faire face aux \u00e9motions chez nos enfants ?<\/em><\/span><\/p>\n<p><span style=\"color: #0000ff;\"><em>hyper actifs, hyper sensibles, toujours frustr\u00e9s, ou souvent en col\u00e8re&#8230;..<\/em><\/span><\/p>\n<h4><span style=\"color: #993366;\"><strong>Bibliographie et Sites internet utiles,\u00a0<\/strong> partag\u00e9s durant l&rsquo;atelier:<\/span><\/h4>\n<ul>\n<li>\u00a0<em>Le Petit guide des enfants atypiques<\/em>, (par profil d&rsquo;enfant r\u00e9pertori\u00e9 par les parents) \u00e9dit\u00e9 par le <a href=\"http:\/\/www.cscf13.org\/fr\/14732370015926-guide-des-enfants-atypiques-.html\">centre socioculturel du foss\u00e9 des 13<\/a>\u00a0 de Strasbourg, en t\u00e9l\u00e9chargement gratuit : <a href=\"https:\/\/cscf13.org\/fr\/15600965984289-documents-a-telecharger-.html\" rel=\"attachment wp-att-1158\">-Petit guide \u00e0 l&rsquo;usage des parents d&rsquo;enfants atypiques<\/a><\/li>\n<\/ul>\n<ul>\n<li><em>Les sites internet utiles<\/em>\u00a0 : site blog de parents\u00a0:\u00a0 <a href=\"http:\/\/www.enfantsprecoces.info\/\">www.enfantsprecoces.info<\/a> ;\u00a0 <a href=\"http:\/\/apprendreaeduquer.fr\/\">apprendreaeduquer.fr<\/a>;\u00a0 <a href=\"http:\/\/papapositive.fr\/\">papapositive.fr<\/a><\/li>\n<\/ul>\n<h4><span style=\"color: #993366;\">Bibliographie pratique\u00a0:<\/span><\/h4>\n<p><em>Des pistes, des activit\u00e9s, des outils pour <u>agir<\/u> en situation \u00e0 la maison !<br \/>\n<\/em><\/p>\n<ul>\n<li><span style=\"color: #993366;\"><em>Petit d\u00e9codeur illustr\u00e9 de l&rsquo;enfant en crise \u2013 Quand la crise nous fait grandir<\/em>,<\/span>\u00a0 d&rsquo;Anne-Claire KLEINDIENST &amp; Lynda CORAZZA, \u00e9ditions Mango<\/li>\n<li><span style=\"color: #993366;\"><em>Ajuster la m\u00e9t\u00e9o int\u00e9rieure des enfants \u2013 guide pratique<\/em>,<\/span> de Manon JEAN, \u00e9ditions CARD<\/li>\n<li><span style=\"color: #993366;\"><em>12 outils pour capter l&rsquo;attention des enfants<\/em><\/span>, de Marie POULHALEC, \u00e9ditions Jouvence<\/li>\n<li><span style=\"color: #993366;\"><em>J&rsquo;aide mon enfant \u00e0 surmonter son stress<\/em><\/span>, Sylvie SARZAUD, \u00e9ditions Eyrolles<\/li>\n<li><em><span style=\"color: #993366;\">La force tranquille du petit tigre<\/span> \u2013 40 activit\u00e9s pour aider son enfant \u00e0 d\u00e9stresser<\/em>, Gilles DIEDERICHS<\/li>\n<li>Livres d&rsquo;activit\u00e9s de Gilles DIEDERICHS, Collection <em>\u00ab<span style=\"color: #993366;\">\u00a0Le bien \u00eatre de mon enfant\u00a0\u00bb<\/span><\/em>, \u00e9ditions Mango\u00a0:\n<ul>\n<li><span style=\"color: #993366;\"><em>Gestion des \u00e9motions, G\u00e9rer col\u00e8res et caprices, Activit\u00e9s d\u00e9tente, Activit\u00e9 concentration,\u00a0<\/em><\/span><\/li>\n<li><em>D\u00e9velopper la confiance en soi,&#8230; <\/em>\u00a0<a href=\"http:\/\/bienetre.mangoeditions.com\/bien-etre-mon-enfant-c1288\/\">http:\/\/bienetre.mangoeditions.com\/bien-etre-mon-enfant-c1288\/<\/a><\/li>\n<\/ul>\n<\/li>\n<li>Livres d&rsquo;activit\u00e9s de St\u00e9phanie COUTURIER, Collection Le cabinet des \u00e9motions, \u00e9ditions Marabout\u00a0: <em><span style=\"color: #993366;\">Aidez votre enfant \u00e0&#8230; Canaliser son \u00e9nergie, G\u00e9rer ses col\u00e8res, Vaincre ses peurs, Bien dormir<\/span>..<\/em><a href=\"https:\/\/www.marabout.com\/recherche?search_api_views_fulltext=cabinet+des+\u00e9motions\">https:\/\/www.marabout.com\/recherche?search_api_views_fulltext=cabinet+des+%C3%A9motions<\/a><\/li>\n<li>Cahiers d&rsquo;activit\u00e9s d&rsquo;Isabelle FILLIOZAT, <em>\u00ab\u00a0Collection Filliozat\u00a0\u00bb,<\/em> \u00e9ditions Nathan\u00a0:<a href=\"https:\/\/www.filliozat.net\/les-cahiers-filliozat\/\">https:\/\/www.filliozat.net\/les-cahiers-filliozat\/<\/a><\/li>\n<\/ul>\n","protected":false},"excerpt":{"rendered":"<p>Un th\u00e8me abord\u00e9 durant le P&rsquo;tit D\u00e9j. Entre-Parents du 15 d\u00e9cembre 2018. ou comment faire face aux \u00e9motions chez nos enfants ? hyper actifs, hyper sensibles, toujours frustr\u00e9s, ou souvent en col\u00e8re&#8230;.. Bibliographie et Sites internet utiles,\u00a0 partag\u00e9s durant l&rsquo;atelier: \u00a0Le Petit guide des enfants atypiques, (par profil d&rsquo;enfant r\u00e9pertori\u00e9 par les parents) \u00e9dit\u00e9 par [&hellip;]<\/p>\n","protected":false},"author":2,"featured_media":0,"parent":1654,"menu_order":0,"comment_status":"closed","ping_status":"closed","template":"","meta":{"footnotes":""},"class_list":["post-1153","page","type-page","status-publish","hentry"],"_links":{"self":[{"href":"https:\/\/www.asso-resppi.fr\/index.php\/wp-json\/wp\/v2\/pages\/1153","targetHints":{"allow":["GET"]}}],"collection":[{"href":"https:\/\/www.asso-resppi.fr\/index.php\/wp-json\/wp\/v2\/pages"}],"about":[{"href":"https:\/\/www.asso-resppi.fr\/index.php\/wp-json\/wp\/v2\/types\/page"}],"author":[{"embeddable":true,"href":"https:\/\/www.asso-resppi.fr\/index.php\/wp-json\/wp\/v2\/users\/2"}],"replies":[{"embeddable":true,"href":"https:\/\/www.asso-resppi.fr\/index.php\/wp-json\/wp\/v2\/comments?post=1153"}],"version-history":[{"count":20,"href":"https:\/\/www.asso-resppi.fr\/index.php\/wp-json\/wp\/v2\/pages\/1153\/revisions"}],"predecessor-version":[{"id":2061,"href":"https:\/\/www.asso-resppi.fr\/index.php\/wp-json\/wp\/v2\/pages\/1153\/revisions\/2061"}],"up":[{"embeddable":true,"href":"https:\/\/www.asso-resppi.fr\/index.php\/wp-json\/wp\/v2\/pages\/1654"}],"wp:attachment":[{"href":"https:\/\/www.asso-resppi.fr\/index.php\/wp-json\/wp\/v2\/media?parent=1153"}],"curies":[{"name":"wp","href":"https:\/\/api.w.org\/{rel}","templated":true}]}}