{"id":1553,"date":"2019-05-12T16:42:19","date_gmt":"2019-05-12T14:42:19","guid":{"rendered":"https:\/\/www.asso-resppi.fr\/?page_id=1553"},"modified":"2019-07-07T20:55:08","modified_gmt":"2019-07-07T18:55:08","slug":"peut-on-sanctionner-sans-punir","status":"publish","type":"page","link":"https:\/\/www.asso-resppi.fr\/index.php\/notre-bibliographie\/vivre-et-grandir-avec-nos-enfants\/peut-on-sanctionner-sans-punir\/","title":{"rendered":"Peut-on sanctionner sans punir ?"},"content":{"rendered":"<h2><span style=\"color: #0000ff;\"><strong><em>Bibliographie : <\/em><\/strong><\/span><\/h2>\n<p><strong>\u00c9duquer sans punir : Thomas GORDON<\/strong> (Auteur) Apprendre l&rsquo;autodiscipline aux enfants Paru en janvier 2013 Guide (Poche)<\/p>\n<p><em>Amener ses enfants \u00e0 modifier leurs comportements sans avoir recours ni aux punitions ni aux r\u00e9compenses, en les responsabilisant. Des conseils fond\u00e9s sur des \u00e9tudes de cas. M\u00eame si les m\u00e9thodes d&rsquo;\u00e9ducation ont chang\u00e9, la discipline reste la pr\u00e9occupation premi\u00e8re des \u00e9ducateurs. Or, nous savons maintenant que c&rsquo;est l&rsquo;autodiscipline qui apporte une plus grande satisfaction aux parents et qui r\u00e9duit les troubles physiques et psychologiques chez les enfants. Il a \u00e9t\u00e9 clairement d\u00e9montr\u00e9 que l&rsquo;autodiscipline augmente leur estime d&rsquo;eux-m\u00eames, leur sens de l&rsquo;initiative ainsi que leur r\u00e9ussite sociale et scolaire.<\/em><\/p>\n<p><strong>Sanctionner sans punir<\/strong> : <strong>Elisabeth\u00a0 MAHEU<\/strong> (Auteure) Dire les r\u00e8gles pour vivre ensemble paru en mars 2012 Chronique sociale (5<sup>\u00e8me<\/sup> \u00e9dition).<\/p>\n<p><em>Ce livre fourmille de pistes concr\u00e8tes pour sanctionner sans punir, trouver des alternatives \u00e0 l&rsquo;exclusion, aux gifles, aux punitions collectives, colles, mise au coin, privation de desserts ou de sorties.<\/em><\/p>\n<p><em>La transgression de l&rsquo;enfant, du jeune, est un langage n\u00e9cessaire et peut \u00eatre un outil de progr\u00e8s. A\u00a0 condition qu&rsquo;il trouve sur son chemin des adultes capables de lui dire \u00ab\u00a0NON\u00a0\u00bb et de poser cette triple contrainte : r\u00e9parer les dommages caus\u00e9s, rendre des comptes quant aux r\u00e8gles bafou\u00e9es\u00a0 et r\u00e9fl\u00e9chir aux cons\u00e9quences pour lui-m\u00eame de ses actes. Ainsi se construira son rapport \u00e0 la loi, son rapport aux autres et \u00e0 lui-m\u00eame.<\/em><\/p>\n<p><strong>\u00a0<\/strong><strong>L&rsquo;impasse de la punition \u00e0 l&rsquo;\u00e9cole\u00a0: Eric DEBARBIEUX<\/strong> &#8211; Des solutions alternatives en classe. \u00a0Armand Colin. 2018.<\/p>\n<p><em>La question n&rsquo;est pas d&rsquo;\u00eatre pour ou contre la punition, mais d&rsquo;en montrer les difficult\u00e9s et les insuffisances en ce qui concerne la question de la violence \u00e0 l&rsquo;\u00e9cole et du climat scolaire\u00a0\u00bb. Sp\u00e9cialiste de la violence \u00e0 l&rsquo;\u00e9cole, d\u00e9l\u00e9gu\u00e9 minist\u00e9riel \u00e0 la lutte contre les violences scolaires sous deux pr\u00e9sidents, Eric Debarbieux apporte dans son nouveau livre \u00ab\u00a0L&rsquo;impasse de la punition, Armand Colin) des donn\u00e9es uniques (et surprenantes !) sur la r\u00e9alit\u00e9 des punitions dans l&rsquo;\u00e9cole fran\u00e7aise. A contrecourant des d\u00e9nonciations du laxisme qui s\u00e9virait \u00e0 l&rsquo;\u00e9cole, il en montre l&rsquo;importance. Il \u00e9tablit aussi leurs retomb\u00e9es n\u00e9gatives sur la vie quotidienne dans les \u00e9coles. Il en tire la conclusion : il y a d&rsquo;autres fa\u00e7ons de g\u00e9rer les relations dans les \u00e9coles dont certaines ont d\u00e9j\u00e0 \u00e9t\u00e9 \u00e9valu\u00e9es et exp\u00e9riment\u00e9es \u00e0 grande \u00e9chelle. La seconde partie de son ouvrage propose des contributions pour d&rsquo;autres fa\u00e7ons de g\u00e9rer la vie quotidienne de l&rsquo;\u00e9cole, de Freinet aux pratiques de justice restaurative.<\/em><\/p>\n<p><strong>\u00a0<\/strong><strong>La discipline sans drame : Daniel J.SIEGEL &amp; Tina PAYNE BRYSON \u2013 <\/strong>une approche bienveillante bas\u00e9e sur les neurosciences pour d\u00e9samorcer les conflits. Poche marabout-Enfant<\/p>\n<p>En tant que parent, vous aimeriez bien vous passer de <strong>jouer les gendarmes. <\/strong>Mais comment r\u00e9agir quand le bol de c\u00e9r\u00e9ales atterrit sur le mur de la cuisine, quand votre enfant hurle dans un restaurant, ou que, pour la troisi\u00e8me fois, vous recevez un appel de l&rsquo;\u00e9cole ?<\/p>\n<p>Oubliez tout ce que vous savez de la discipline. Ce livre apporte une nouvelle approche, fond\u00e9e sur ce que la science nous r\u00e9v\u00e8le de l&rsquo;enfant, de son cerveau, de ses besoins. Il propose <strong>toutes sortes d&rsquo;outils<\/strong> pour davantage de s\u00e9r\u00e9nit\u00e9 dans la <strong>relation parent-enfant<\/strong> : les questions \u00e0 se poser pour r\u00e9agir calmement, des astuces pour communiquer avec lui et d\u00e9samorcer les crises.<\/p>\n<p><strong>La Fess\u00e9e: Questions sur la violence \u00e9ducative : Olivier MAUREL, pr\u00e9fac\u00e9 par <a href=\"https:\/\/www.asso-resppi.fr\/index.php\/peut-on-sanctionner-sans-punir\/veo-e1437911459123\/\" rel=\"attachment wp-att-1561\"><img loading=\"lazy\" decoding=\"async\" class=\" wp-image-1561 alignright\" src=\"https:\/\/www.asso-resppi.fr\/wp-content\/uploads\/2019\/05\/veo-e1437911459123-300x224.png\" alt=\"\" width=\"425\" height=\"318\" srcset=\"https:\/\/www.asso-resppi.fr\/wp-content\/uploads\/2019\/05\/veo-e1437911459123-300x224.png 300w, https:\/\/www.asso-resppi.fr\/wp-content\/uploads\/2019\/05\/veo-e1437911459123-768x572.png 768w, https:\/\/www.asso-resppi.fr\/wp-content\/uploads\/2019\/05\/veo-e1437911459123-1024x763.png 1024w, https:\/\/www.asso-resppi.fr\/wp-content\/uploads\/2019\/05\/veo-e1437911459123.png 1208w\" sizes=\"auto, (max-width: 425px) 100vw, 425px\" \/><\/a>Alice MILLER-<\/strong> \u00c9ditions La plage.<\/p>\n<p>Beaucoup de maux des enfants et des adultes (d\u00e9pression, d\u00e9linquance, tendance \u00e0 avoir des accidents\u2026) tiennent \u00e0 la mani\u00e8re dont ils ont \u00e9t\u00e9 trait\u00e9s au moment o\u00f9 leur cerveau se formait.<\/p>\n<ul>\n<li>D&rsquo;ailleurs, les gifles et les fess\u00e9es rendent-elles les enfants plus ob\u00e9issants ? Am\u00e9liorent-elles les apprentissages ?<\/li>\n<li>Pourquoi les ch\u00e2timents corporels sont-ils si destructeurs ?<\/li>\n<li>Est-il possible d&rsquo;\u00e9duquer sans frapper ?<\/li>\n<\/ul>\n<p><span style=\"color: #800080;\"><strong><em>Et des petits guides pas chers, \u00e0 garder dans sa poche !<\/em><\/strong><\/span><\/p>\n<p><strong>L&rsquo;ob\u00e9issance sans cris ni punitions : St\u00e9phanie DAMOU-SABRY \u2013 <\/strong>10 cl\u00e9s pour fixer des r\u00e8gles respectueuses et constructives pour nos enfants-\u00a0 \u00c9ditions HATIER<\/p>\n<p><strong>La discipline un jeu d&rsquo;enfant : Brigitte RACINE <\/strong>\u2013 Une description de la discipline incitative- des moyens concrets et efficaces pour combler les besoins de l&rsquo;enfant et l&rsquo;aider \u00e0 devenir responsable- des strat\u00e9gies pour mettre en place l&rsquo;action de r\u00e9paration qui fait appel \u00e0 ce que l&rsquo;enfant a de meilleur en lui -\u00c9ditions Parlons PARENTS<\/p>\n<h2><span style=\"color: #0000ff;\">Vid\u00e9o<\/span><\/h2>\n<div style=\"width: 640px;\" class=\"wp-video\"><video class=\"wp-video-shortcode\" id=\"video-1553-1\" width=\"640\" height=\"360\" preload=\"metadata\" controls=\"controls\"><source type=\"video\/mp4\" src=\"https:\/\/www.asso-resppi.fr\/wp-content\/uploads\/2019\/05\/Comment-\u00e9duquer-sans-fess\u00e9e-La-Maison-des-Maternelles.mp4?_=1\" \/><a href=\"https:\/\/www.asso-resppi.fr\/wp-content\/uploads\/2019\/05\/Comment-\u00e9duquer-sans-fess\u00e9e-La-Maison-des-Maternelles.mp4\">https:\/\/www.asso-resppi.fr\/wp-content\/uploads\/2019\/05\/Comment-\u00e9duquer-sans-fess\u00e9e-La-Maison-des-Maternelles.mp4<\/a><\/video><\/div>\n<h2><\/h2>\n<h2><span style=\"color: #0000ff;\"><strong><em>Sites internet utiles\u00a0: <\/em><\/strong><\/span><\/h2>\n<p>EDUCAVOX : article de Caroline JAMBON (professeur des \u00e9coles et maman d&rsquo;une petite fille pr\u00e9coce)<\/p>\n<p><a href=\"https:\/\/www.educavox.fr\/formation\/analyse\/quelle-est-la-difference-entre-punition-et-sanction\">https:\/\/www.educavox.fr\/formation\/analyse\/quelle-est-la-difference-entre-punition-et-sanction<\/a><\/p>\n<p>APPRENDRE A EDUQUER:<\/p>\n<p><a href=\"https:\/\/apprendreaeduquer.fr\/comment-eduquer-sans-fessee-isabelle-filliozat\/\">https:\/\/apprendreaeduquer.fr\/comment-eduquer-sans-fessee-isabelle-filliozat\/<\/a><\/p>\n<p><a href=\"https:\/\/apprendreaeduquer.fr\/roue-des-emotions-enfants\/\">https:\/\/apprendreaeduquer.fr\/roue-des-emotions-enfants\/<\/a><\/p>\n<p><a href=\"https:\/\/apprendreaeduquer.fr\/poser-des-limites-aux-enfants\/\">https:\/\/apprendreaeduquer.fr\/poser-des-limites-aux-enfants\/<\/a><\/p>\n<p>EDUCSOL: <a href=\"http:\/\/eduscol.education.fr\/\">http:\/\/eduscol.education.fr\/<\/a><\/p>\n<p>A l&rsquo;\u00e9cole, sanctionner, c&rsquo;est \u00e9duquer ! &#8211; <a href=\"https:\/\/www.asso-resppi.fr\/index.php\/peut-on-sanctionner-sans-punir\/quelle-est-la-difference-entre-punition-et-sanction-_\/\" rel=\"attachment wp-att-1554\">Quelle est la diff\u00e9rence entre punition et sanction <\/a><\/p>\n<p>R\u00e9sultats de l&rsquo;enqu\u00eate conduite par PISA 2003, sur le climat scolaire comment\u00e9e par Claude BISSON-VAIVRE \u00a0 <a href=\"https:\/\/www.asso-resppi.fr\/index.php\/peut-on-sanctionner-sans-punir\/intervention_claude-bisson-vaivre_esen_213277\/\" rel=\"attachment wp-att-1555\">Intervention_Claude-Bisson-Vaivre_ESEN_213277<\/a><\/p>\n<p>MALETTE DES PARENTS : <a href=\"https:\/\/mallettedesparents.education.gouv.fr\/\">https:\/\/mallettedesparents.education.gouv.fr\/<\/a><\/p>\n<h2><span style=\"color: #0000ff;\">Ressources locales<\/span><\/h2>\n<p>Coll\u00e8ge CHANTENAY (Nantes): exp\u00e9rimente un dispositif \u00ab\u00a0Sentinelles\u00a0\u00bb bas\u00e9 sur la justice restaurative pour combattre le harc\u00e8lement scolaire<\/p>\n<p>\u00c9cole Ange GUEPIN (Nantes): met en \u0153uvre la p\u00e9dagogie FREINET [ <a href=\"https:\/\/www.asso-resppi.fr\/index.php\/peut-on-sanctionner-sans-punir\/techniques-freinet-_-pedagogie-active1\/\" rel=\"attachment wp-att-1564\">Techniques-Freinet-_-p\u00e9dagogie-active1 ]<\/a>qui favorise le respect de l&rsquo;individu (expression libre), la coop\u00e9ration (travail en groupe)<\/p>\n","protected":false},"excerpt":{"rendered":"<p>Bibliographie : \u00c9duquer sans punir : Thomas GORDON (Auteur) Apprendre l&rsquo;autodiscipline aux enfants Paru en janvier 2013 Guide (Poche) Amener ses enfants \u00e0 modifier leurs comportements sans avoir recours ni aux punitions ni aux r\u00e9compenses, en les responsabilisant. Des conseils fond\u00e9s sur des \u00e9tudes de cas. M\u00eame si les m\u00e9thodes d&rsquo;\u00e9ducation ont chang\u00e9, la discipline [&hellip;]<\/p>\n","protected":false},"author":2,"featured_media":0,"parent":1658,"menu_order":0,"comment_status":"closed","ping_status":"closed","template":"","meta":{"footnotes":""},"class_list":["post-1553","page","type-page","status-publish","hentry"],"_links":{"self":[{"href":"https:\/\/www.asso-resppi.fr\/index.php\/wp-json\/wp\/v2\/pages\/1553","targetHints":{"allow":["GET"]}}],"collection":[{"href":"https:\/\/www.asso-resppi.fr\/index.php\/wp-json\/wp\/v2\/pages"}],"about":[{"href":"https:\/\/www.asso-resppi.fr\/index.php\/wp-json\/wp\/v2\/types\/page"}],"author":[{"embeddable":true,"href":"https:\/\/www.asso-resppi.fr\/index.php\/wp-json\/wp\/v2\/users\/2"}],"replies":[{"embeddable":true,"href":"https:\/\/www.asso-resppi.fr\/index.php\/wp-json\/wp\/v2\/comments?post=1553"}],"version-history":[{"count":8,"href":"https:\/\/www.asso-resppi.fr\/index.php\/wp-json\/wp\/v2\/pages\/1553\/revisions"}],"predecessor-version":[{"id":1566,"href":"https:\/\/www.asso-resppi.fr\/index.php\/wp-json\/wp\/v2\/pages\/1553\/revisions\/1566"}],"up":[{"embeddable":true,"href":"https:\/\/www.asso-resppi.fr\/index.php\/wp-json\/wp\/v2\/pages\/1658"}],"wp:attachment":[{"href":"https:\/\/www.asso-resppi.fr\/index.php\/wp-json\/wp\/v2\/media?parent=1553"}],"curies":[{"name":"wp","href":"https:\/\/api.w.org\/{rel}","templated":true}]}}