{"id":1618,"date":"2019-07-02T17:06:14","date_gmt":"2019-07-02T15:06:14","guid":{"rendered":"https:\/\/www.asso-resppi.fr\/?page_id=1618"},"modified":"2019-07-07T20:58:48","modified_gmt":"2019-07-07T18:58:48","slug":"les-parents-se-separent-comment-en-parler-aux-enfants","status":"publish","type":"page","link":"https:\/\/www.asso-resppi.fr\/index.php\/notre-bibliographie\/nos-enfants-face-a-la-separation-du-couple-parental\/les-parents-se-separent-comment-en-parler-aux-enfants\/","title":{"rendered":"Les parents se s\u00e9parent : comment en parler aux enfants ?"},"content":{"rendered":"<p><a href=\"https:\/\/www.asso-resppi.fr\/index.php\/les-parents-se-separent-comment-en-parler-aux-enfants\/divorce-l-annonce-faite-aux-enfants_imagepanoramique647_286\/\" rel=\"attachment wp-att-1619\"><img loading=\"lazy\" decoding=\"async\" class=\"size-medium wp-image-1619 alignleft\" src=\"https:\/\/www.asso-resppi.fr\/wp-content\/uploads\/2019\/07\/Divorce-l-annonce-faite-aux-enfants_imagePanoramique647_286-300x132.jpg\" alt=\"\" width=\"300\" height=\"132\" srcset=\"https:\/\/www.asso-resppi.fr\/wp-content\/uploads\/2019\/07\/Divorce-l-annonce-faite-aux-enfants_imagePanoramique647_286-300x132.jpg 300w, https:\/\/www.asso-resppi.fr\/wp-content\/uploads\/2019\/07\/Divorce-l-annonce-faite-aux-enfants_imagePanoramique647_286.jpg 647w\" sizes=\"auto, (max-width: 300px) 100vw, 300px\" \/><\/a>L\u2019enfant dans la s\u00e9paration du couple parental<\/p>\n<ul>\n<li>Le partage de la garde et des responsabilit\u00e9s<\/li>\n<li>Peut-on tout dire \u00e0 son enfant\u00a0?<\/li>\n<li>Que dire en fonction de l\u2019\u00e2ge de l\u2019enfant\u00a0?<\/li>\n<\/ul>\n<p><a href=\"https:\/\/www.etreparent.info\/separation\">Je vais avoir deux maisons !\u00a0<\/a><\/p>\n<p>S\u00e9paration du couple : l\u2019enfant est capable de s\u2019adapter, \u00e0 condition que les parents gardent leurs responsabilit\u00e9s de parents.<\/p>\n<p><strong>Pour aller plus loin :<\/strong><\/p>\n<ul>\n<li><em><strong>Bibliographie :<\/strong><\/em><\/li>\n<\/ul>\n<p><a href=\"https:\/\/www.parents.fr\/etre-parent\/psycho-parents\/separation-des-parents-des-livres-pour-en-parler-avec-son-enfant-60999#slide1\">https:\/\/www.parents.fr\/etre-parent\/psycho-parents\/separation-des-parents-des-livres-pour-en-parler-avec-son-enfant-60999#slide1<\/a><\/p>\n<p>https:\/\/www.decitre.fr\/livres\/jeunesse\/albums-0-6-ans\/comprendre-3-6-ans\/separation-divorce.html<\/p>\n<p><a href=\"http:\/\/www.yapaka.be\/files\/publication\/TA-EnfantSeparWEB.pdf\">http:\/\/www.yapaka.be\/files\/publication\/TA-EnfantSeparWEB.pdf<\/a><\/p>\n<p>&nbsp;<\/p>\n<ul>\n<li><em><strong>Sites internet utiles\u00a0:<\/strong><\/em><\/li>\n<\/ul>\n<p><a href=\"https:\/\/www.soinsdenosenfants.cps.ca\/handouts\/separation_and_divorce\">https:\/\/www.soinsdenosenfants.cps.ca\/handouts\/separation_and_divorce<\/a><\/p>\n<p><a href=\"https:\/\/www.caf.fr\/sites\/default\/files\/caf\/541\/Documents\/guides_separation_divorce\/guide_sur_la_separation_des_couples_non_maries.pdf\">https:\/\/www.caf.fr\/sites\/default\/files\/caf\/541\/Documents\/guides_separation_divorce\/guide_sur_la_separation_des_couples_non_maries.pdf<\/a><\/p>\n<p><a href=\"http:\/\/www.pediatre-online.fr\/psycho-social\/la-prevention-des-troubles-psychologiques-chez-les-enfants-dont-les-parents-se-separent\/\">http:\/\/www.pediatre-online.fr\/psycho-social\/la-prevention-des-troubles-psychologiques-chez-les-enfants-dont-les-parents-se-separent\/<\/a><\/p>\n<p><a href=\"https:\/\/www.dossierfamilial.com\/famille\/couple\/l-autorite-parentale-dans-les-couples-separes-56882\">https:\/\/www.dossierfamilial.com\/famille\/couple\/l-autorite-parentale-dans-les-couples-separes-56882<\/a><\/p>\n<p><a href=\"https:\/\/naitreetgrandir.com\/fr\/etape\/3-5-ans\/vie-famille\/fiche.aspx?doc=educaloi-separation-la-garde-des-enfants-a-la-rupture\">https:\/\/naitreetgrandir.com\/fr\/etape\/3-5-ans\/vie-famille\/fiche.aspx?doc=educaloi-separation-la-garde-des-enfants-a-la-rupture<\/a> &#8211; Qu\u00e9bec<\/p>\n<p>&nbsp;<\/p>\n<p>En lecture pour s&rsquo;y pr\u00e9parer : <a href=\"https:\/\/www.justice.gc.ca\/fra\/pr-rp\/lf-fl\/divorce\/2004_2\/p2.html\">https:\/\/www.justice.gc.ca\/fra\/pr-rp\/lf-fl\/divorce\/2004_2\/p2.html<\/a><\/p>\n<p>&nbsp;<\/p>\n","protected":false},"excerpt":{"rendered":"<p>L\u2019enfant dans la s\u00e9paration du couple parental Le partage de la garde et des responsabilit\u00e9s Peut-on tout dire \u00e0 son enfant\u00a0? Que dire en fonction de l\u2019\u00e2ge de l\u2019enfant\u00a0? Je vais avoir deux maisons !\u00a0 S\u00e9paration du couple : l\u2019enfant est capable de s\u2019adapter, \u00e0 condition que les parents gardent leurs responsabilit\u00e9s de parents. Pour [&hellip;]<\/p>\n","protected":false},"author":2,"featured_media":0,"parent":1662,"menu_order":0,"comment_status":"closed","ping_status":"closed","template":"","meta":{"footnotes":""},"class_list":["post-1618","page","type-page","status-publish","hentry"],"_links":{"self":[{"href":"https:\/\/www.asso-resppi.fr\/index.php\/wp-json\/wp\/v2\/pages\/1618","targetHints":{"allow":["GET"]}}],"collection":[{"href":"https:\/\/www.asso-resppi.fr\/index.php\/wp-json\/wp\/v2\/pages"}],"about":[{"href":"https:\/\/www.asso-resppi.fr\/index.php\/wp-json\/wp\/v2\/types\/page"}],"author":[{"embeddable":true,"href":"https:\/\/www.asso-resppi.fr\/index.php\/wp-json\/wp\/v2\/users\/2"}],"replies":[{"embeddable":true,"href":"https:\/\/www.asso-resppi.fr\/index.php\/wp-json\/wp\/v2\/comments?post=1618"}],"version-history":[{"count":2,"href":"https:\/\/www.asso-resppi.fr\/index.php\/wp-json\/wp\/v2\/pages\/1618\/revisions"}],"predecessor-version":[{"id":1622,"href":"https:\/\/www.asso-resppi.fr\/index.php\/wp-json\/wp\/v2\/pages\/1618\/revisions\/1622"}],"up":[{"embeddable":true,"href":"https:\/\/www.asso-resppi.fr\/index.php\/wp-json\/wp\/v2\/pages\/1662"}],"wp:attachment":[{"href":"https:\/\/www.asso-resppi.fr\/index.php\/wp-json\/wp\/v2\/media?parent=1618"}],"curies":[{"name":"wp","href":"https:\/\/api.w.org\/{rel}","templated":true}]}}