{"id":1626,"date":"2019-07-02T17:14:58","date_gmt":"2019-07-02T15:14:58","guid":{"rendered":"https:\/\/www.asso-resppi.fr\/?page_id=1626"},"modified":"2019-07-07T20:59:14","modified_gmt":"2019-07-07T18:59:14","slug":"papa-comment-tu-vas-faire-tout-seul-maintenant","status":"publish","type":"page","link":"https:\/\/www.asso-resppi.fr\/index.php\/notre-bibliographie\/nos-enfants-face-a-la-separation-du-couple-parental\/papa-comment-tu-vas-faire-tout-seul-maintenant\/","title":{"rendered":"Papa comment tu vas faire tout seul maintenant ?"},"content":{"rendered":"<h4>Comment exercer sa paternit\u00e9 en solo ?<\/h4>\n<p>Apr\u00e8s une s\u00e9paration, le parent peut \u00eatre fragilis\u00e9 et l&rsquo;enfant a besoin d&rsquo;\u00eatre rassur\u00e9 sur la capacit\u00e9 du p\u00e8re \u00e0 faire face \u00e0 la situation.<\/p>\n<p>Comment exercer alors pleinement sa paternit\u00e9 au quotidien ?<\/p>\n<p><strong>Support(s) d&rsquo;animation propos\u00e9(s) :<\/strong><\/p>\n<ul>\n<li><em>Vid\u00e9o \u00ab\u00a0Comment rester parent apr\u00e8s un divorce ?\u00a0\u00bb (La maison des maternelles 27\u2019) <\/em><a href=\"https:\/\/www.youtube.com\/watch?v=KO98ecejECk\">https:\/\/www.youtube.com\/watch?v=KO98ecejECk<\/a><\/li>\n<li>Illustrations d&rsquo;un papa solo de <strong>Lan Shengjie <\/strong><a href=\"https:\/\/www.parents.fr\/actualites\/etre-parent\/papa-solo-il-dessine-son-quotidien-de-pere-celibataire-avec-son-fils-335222\">https:\/\/www.parents.fr\/actualites\/etre-parent\/papa-solo-il-dessine-son-quotidien-de-pere-celibataire-avec-son-fils-335222<\/a><\/li>\n<li>BD \u00ab Une semaine sur deux \u00bb de Pacco <a href=\"https:\/\/www.amazon.fr\/Une-semaine-sur-deux-suis\/dp\/2352072972\">https:\/\/www.amazon.fr\/Une-semaine-sur-deux-suis\/dp\/2352072972<\/a><\/li>\n<\/ul>\n<p><strong>Pour aller plus loin :<\/strong><\/p>\n<ul>\n<li><em><strong>Bibliographie :<\/strong><\/em>\n<ul>\n<li>UNAF, Etre p\u00e8re aujourd\u2019hui<\/li>\n<li>Pailles Lionel, Papa d\u00e9butant Le guide que les jeunes p\u00e8res attendaient<\/li>\n<li>OLIVIER Adam et al Etre p\u00e8re, disent-ils\u00a0: r\u00e9cits<\/li>\n<li>SELLENET Catherine, Les p\u00e8res vont bien ! Comment les hommes affirment et assument aujourd\u2019hui leur paternit\u00e9<\/li>\n<\/ul>\n<\/li>\n<li><strong><em>Sites internet utiles\u00a0<\/em><\/strong>:\n<ul>\n<li>Savoir \u00eatre seul avec son enfant <a href=\"http:\/\/www.psychologies.com\/Famille\/Etre-parent\/Pere\/Articles-et-Dossiers\/Qu-est-ce-qu-un-bon-pere\/Les-defis-de-la-paternite-a-temps-partiel\/4Savoir-etre-seul-avec-son-enfant\">http:\/\/www.psychologies.com\/Famille\/Etre-parent\/Pere\/Articles-et-Dossiers\/Qu-est-ce-qu-un-bon-pere\/Les-defis-de-la-paternite-a-temps-partiel\/4Savoir-etre-seul-avec-son-enfant<\/a>,<\/li>\n<li>Podcast <a href=\"http:\/\/darons.fr\">Histoire de Darons<\/a>, <a href=\"http:\/\/papapositive.fr\/\">Papa Positive<\/a>, <a href=\"https:\/\/le-blog-du-daron.com\/\">Le blog du Daron<\/a><\/li>\n<\/ul>\n<\/li>\n<li><em><strong>Ressources locales<\/strong> <\/em>: Proposition aux p\u00e8res de se joindre \u00e0 un groupe WhatsApp.<\/li>\n<\/ul>\n<p style=\"padding-left: 40px;\">Objectif : constituer un r\u00e9seau de papas propice aux \u00e9changes d&rsquo;adresses, de trucs et astuces, d&rsquo;activit\u00e9s sp\u00e9cifiques, etc. A terme, il pourrait devenir un r\u00e9seau de solidarit\u00e9 et d&rsquo;entraide entre p\u00e8res.<\/p>\n","protected":false},"excerpt":{"rendered":"<p>Comment exercer sa paternit\u00e9 en solo ? Apr\u00e8s une s\u00e9paration, le parent peut \u00eatre fragilis\u00e9 et l&rsquo;enfant a besoin d&rsquo;\u00eatre rassur\u00e9 sur la capacit\u00e9 du p\u00e8re \u00e0 faire face \u00e0 la situation. Comment exercer alors pleinement sa paternit\u00e9 au quotidien ? Support(s) d&rsquo;animation propos\u00e9(s) : Vid\u00e9o \u00ab\u00a0Comment rester parent apr\u00e8s un divorce ?\u00a0\u00bb (La maison [&hellip;]<\/p>\n","protected":false},"author":2,"featured_media":0,"parent":1662,"menu_order":0,"comment_status":"closed","ping_status":"closed","template":"","meta":{"footnotes":""},"class_list":["post-1626","page","type-page","status-publish","hentry"],"_links":{"self":[{"href":"https:\/\/www.asso-resppi.fr\/index.php\/wp-json\/wp\/v2\/pages\/1626","targetHints":{"allow":["GET"]}}],"collection":[{"href":"https:\/\/www.asso-resppi.fr\/index.php\/wp-json\/wp\/v2\/pages"}],"about":[{"href":"https:\/\/www.asso-resppi.fr\/index.php\/wp-json\/wp\/v2\/types\/page"}],"author":[{"embeddable":true,"href":"https:\/\/www.asso-resppi.fr\/index.php\/wp-json\/wp\/v2\/users\/2"}],"replies":[{"embeddable":true,"href":"https:\/\/www.asso-resppi.fr\/index.php\/wp-json\/wp\/v2\/comments?post=1626"}],"version-history":[{"count":1,"href":"https:\/\/www.asso-resppi.fr\/index.php\/wp-json\/wp\/v2\/pages\/1626\/revisions"}],"predecessor-version":[{"id":1627,"href":"https:\/\/www.asso-resppi.fr\/index.php\/wp-json\/wp\/v2\/pages\/1626\/revisions\/1627"}],"up":[{"embeddable":true,"href":"https:\/\/www.asso-resppi.fr\/index.php\/wp-json\/wp\/v2\/pages\/1662"}],"wp:attachment":[{"href":"https:\/\/www.asso-resppi.fr\/index.php\/wp-json\/wp\/v2\/media?parent=1626"}],"curies":[{"name":"wp","href":"https:\/\/api.w.org\/{rel}","templated":true}]}}