{"id":1654,"date":"2019-07-07T20:47:02","date_gmt":"2019-07-07T18:47:02","guid":{"rendered":"https:\/\/www.asso-resppi.fr\/?page_id=1654"},"modified":"2021-04-29T12:16:05","modified_gmt":"2021-04-29T10:16:05","slug":"comprendre-le-developpement-de-nos-enfants","status":"publish","type":"page","link":"https:\/\/www.asso-resppi.fr\/index.php\/notre-bibliographie\/comprendre-le-developpement-de-nos-enfants\/","title":{"rendered":"Comprendre le d\u00e9veloppement de nos enfants"},"content":{"rendered":"<p class=\"entry-title\"><a href=\"https:\/\/www.asso-resppi.fr\/index.php\/notre-bibliographie\/comprendre-le-developpement-de-nos-enfants\/les-etapes-clefs-du-developpement-de-lenfant\/\">Les \u00e9tapes clefs du d\u00e9veloppement de l\u2019enfant<\/a><\/p>\n<p><a href=\"https:\/\/www.asso-resppi.fr\/index.php\/notre-bibliographie\/comprendre-le-developpement-de-nos-enfants\/gerer-les-crises-chez-lenfant-de-0-a-3-ans\/\">G\u00e9rer les crises chez l&rsquo;enfant de 0 \u00e0 3 ans<\/a><\/p>\n<p><a href=\"https:\/\/www.asso-resppi.fr\/index.php\/notre-bibliographie\/comprendre-le-developpement-de-nos-enfants\/les-enfants-atypiques\/\">Les enfants atypiques<\/a><\/p>\n<p><a href=\"https:\/\/www.asso-resppi.fr\/index.php\/le-sommeil-de-nos-enfants\/\">le sommeil de nos enfants<\/a><\/p>\n<p><a href=\"https:\/\/www.asso-resppi.fr\/index.php\/lalimentation-de-nos-enfants\/\">l&rsquo;alimentation de nos enfants<\/a><\/p>\n<p><em><strong>La sexualit\u00e9 de nos enfants :<\/strong><\/em><\/p>\n<ul>\n<li><a href=\"https:\/\/www.asso-resppi.fr\/index.php\/comment-parler-sexualite-avec-nos-enfants\/\">Comment leur en parler ?<\/a><\/li>\n<li><a href=\"https:\/\/www.asso-resppi.fr\/index.php\/papa-cest-quoi-un-clito\/\">Comment r\u00e9pondre \u00e0 leurs questions ?<\/a><\/li>\n<\/ul>\n","protected":false},"excerpt":{"rendered":"<p>Les \u00e9tapes clefs du d\u00e9veloppement de l\u2019enfant G\u00e9rer les crises chez l&rsquo;enfant de 0 \u00e0 3 ans Les enfants atypiques le sommeil de nos enfants l&rsquo;alimentation de nos enfants La sexualit\u00e9 de nos enfants : Comment leur en parler ? Comment r\u00e9pondre \u00e0 leurs questions ?<\/p>\n","protected":false},"author":2,"featured_media":1146,"parent":596,"menu_order":0,"comment_status":"closed","ping_status":"closed","template":"","meta":{"footnotes":""},"class_list":["post-1654","page","type-page","status-publish","has-post-thumbnail","hentry"],"_links":{"self":[{"href":"https:\/\/www.asso-resppi.fr\/index.php\/wp-json\/wp\/v2\/pages\/1654","targetHints":{"allow":["GET"]}}],"collection":[{"href":"https:\/\/www.asso-resppi.fr\/index.php\/wp-json\/wp\/v2\/pages"}],"about":[{"href":"https:\/\/www.asso-resppi.fr\/index.php\/wp-json\/wp\/v2\/types\/page"}],"author":[{"embeddable":true,"href":"https:\/\/www.asso-resppi.fr\/index.php\/wp-json\/wp\/v2\/users\/2"}],"replies":[{"embeddable":true,"href":"https:\/\/www.asso-resppi.fr\/index.php\/wp-json\/wp\/v2\/comments?post=1654"}],"version-history":[{"count":17,"href":"https:\/\/www.asso-resppi.fr\/index.php\/wp-json\/wp\/v2\/pages\/1654\/revisions"}],"predecessor-version":[{"id":2159,"href":"https:\/\/www.asso-resppi.fr\/index.php\/wp-json\/wp\/v2\/pages\/1654\/revisions\/2159"}],"up":[{"embeddable":true,"href":"https:\/\/www.asso-resppi.fr\/index.php\/wp-json\/wp\/v2\/pages\/596"}],"wp:featuredmedia":[{"embeddable":true,"href":"https:\/\/www.asso-resppi.fr\/index.php\/wp-json\/wp\/v2\/media\/1146"}],"wp:attachment":[{"href":"https:\/\/www.asso-resppi.fr\/index.php\/wp-json\/wp\/v2\/media?parent=1654"}],"curies":[{"name":"wp","href":"https:\/\/api.w.org\/{rel}","templated":true}]}}