{"id":1656,"date":"2019-07-07T20:47:31","date_gmt":"2019-07-07T18:47:31","guid":{"rendered":"https:\/\/www.asso-resppi.fr\/?page_id=1656"},"modified":"2019-07-08T12:12:03","modified_gmt":"2019-07-08T10:12:03","slug":"comprendre-nos-ados-et-leur-environnement","status":"publish","type":"page","link":"https:\/\/www.asso-resppi.fr\/index.php\/notre-bibliographie\/comprendre-nos-ados-et-leur-environnement\/","title":{"rendered":"Comprendre nos ados et leur environnement"},"content":{"rendered":"<p>&nbsp;<\/p>\n<ul>\n<li><a href=\"https:\/\/www.asso-resppi.fr\/index.php\/ladolescent-e-comment-ca-marche\/\">l\u2019adolescent-e, comment \u00e7a marche ?<\/a><\/li>\n<li><a href=\"https:\/\/www.asso-resppi.fr\/index.php\/notre-bibliographie\/entre-papa-et-ado-qui-est-le-boss\/\">Entre papa et ado, qui est le boss ?<\/a><\/li>\n<li><a href=\"https:\/\/www.asso-resppi.fr\/index.php\/nos-ados-et-les-ecrans-fuite-ou-refuge\/\">nos ados et les \u00e9crans, fuite ou refuge ?<\/a><\/li>\n<li><a href=\"https:\/\/www.asso-resppi.fr\/index.php\/les-usages-a-risques-de-linternet\/\">les usages \u00e0 risques de l\u2019internet<\/a><\/li>\n<\/ul>\n<p>&nbsp;<\/p>\n","protected":false},"excerpt":{"rendered":"<p>&nbsp; l\u2019adolescent-e, comment \u00e7a marche ? Entre papa et ado, qui est le boss ? nos ados et les \u00e9crans, fuite ou refuge ? les usages \u00e0 risques de l\u2019internet &nbsp;<\/p>\n","protected":false},"author":2,"featured_media":1458,"parent":596,"menu_order":0,"comment_status":"closed","ping_status":"closed","template":"","meta":{"footnotes":""},"class_list":["post-1656","page","type-page","status-publish","has-post-thumbnail","hentry"],"_links":{"self":[{"href":"https:\/\/www.asso-resppi.fr\/index.php\/wp-json\/wp\/v2\/pages\/1656","targetHints":{"allow":["GET"]}}],"collection":[{"href":"https:\/\/www.asso-resppi.fr\/index.php\/wp-json\/wp\/v2\/pages"}],"about":[{"href":"https:\/\/www.asso-resppi.fr\/index.php\/wp-json\/wp\/v2\/types\/page"}],"author":[{"embeddable":true,"href":"https:\/\/www.asso-resppi.fr\/index.php\/wp-json\/wp\/v2\/users\/2"}],"replies":[{"embeddable":true,"href":"https:\/\/www.asso-resppi.fr\/index.php\/wp-json\/wp\/v2\/comments?post=1656"}],"version-history":[{"count":3,"href":"https:\/\/www.asso-resppi.fr\/index.php\/wp-json\/wp\/v2\/pages\/1656\/revisions"}],"predecessor-version":[{"id":1686,"href":"https:\/\/www.asso-resppi.fr\/index.php\/wp-json\/wp\/v2\/pages\/1656\/revisions\/1686"}],"up":[{"embeddable":true,"href":"https:\/\/www.asso-resppi.fr\/index.php\/wp-json\/wp\/v2\/pages\/596"}],"wp:featuredmedia":[{"embeddable":true,"href":"https:\/\/www.asso-resppi.fr\/index.php\/wp-json\/wp\/v2\/media\/1458"}],"wp:attachment":[{"href":"https:\/\/www.asso-resppi.fr\/index.php\/wp-json\/wp\/v2\/media?parent=1656"}],"curies":[{"name":"wp","href":"https:\/\/api.w.org\/{rel}","templated":true}]}}