{"id":1660,"date":"2019-07-07T20:49:02","date_gmt":"2019-07-07T18:49:02","guid":{"rendered":"https:\/\/www.asso-resppi.fr\/?page_id=1660"},"modified":"2020-03-18T14:44:24","modified_gmt":"2020-03-18T13:44:24","slug":"nos-rapports-a-lecole-et-a-lenseignement","status":"publish","type":"page","link":"https:\/\/www.asso-resppi.fr\/index.php\/notre-bibliographie\/nos-rapports-a-lecole-et-a-lenseignement\/","title":{"rendered":"Nos rapports \u00e0 l&rsquo;\u00e9cole et \u00e0 l&rsquo;enseignement"},"content":{"rendered":"<p>&nbsp;<\/p>\n<ul>\n<li><a href=\"https:\/\/www.asso-resppi.fr\/index.php\/notre-bibliographie\/mon-enfant-a-fait-sa-rentree-comment-laccompagner\/\">la rentr\u00e9e scolaire<\/a><\/li>\n<li><a href=\"https:\/\/www.asso-resppi.fr\/index.php\/comment-gerer-les-problemes-de-harcelement-scolaire\/\">le harc\u00e8lement scolaire<\/a><\/li>\n<\/ul>\n<p>&nbsp;<\/p>\n","protected":false},"excerpt":{"rendered":"<p>&nbsp; la rentr\u00e9e scolaire le harc\u00e8lement scolaire &nbsp;<\/p>\n","protected":false},"author":2,"featured_media":895,"parent":596,"menu_order":0,"comment_status":"closed","ping_status":"closed","template":"","meta":{"footnotes":""},"class_list":["post-1660","page","type-page","status-publish","has-post-thumbnail","hentry"],"_links":{"self":[{"href":"https:\/\/www.asso-resppi.fr\/index.php\/wp-json\/wp\/v2\/pages\/1660","targetHints":{"allow":["GET"]}}],"collection":[{"href":"https:\/\/www.asso-resppi.fr\/index.php\/wp-json\/wp\/v2\/pages"}],"about":[{"href":"https:\/\/www.asso-resppi.fr\/index.php\/wp-json\/wp\/v2\/types\/page"}],"author":[{"embeddable":true,"href":"https:\/\/www.asso-resppi.fr\/index.php\/wp-json\/wp\/v2\/users\/2"}],"replies":[{"embeddable":true,"href":"https:\/\/www.asso-resppi.fr\/index.php\/wp-json\/wp\/v2\/comments?post=1660"}],"version-history":[{"count":5,"href":"https:\/\/www.asso-resppi.fr\/index.php\/wp-json\/wp\/v2\/pages\/1660\/revisions"}],"predecessor-version":[{"id":1957,"href":"https:\/\/www.asso-resppi.fr\/index.php\/wp-json\/wp\/v2\/pages\/1660\/revisions\/1957"}],"up":[{"embeddable":true,"href":"https:\/\/www.asso-resppi.fr\/index.php\/wp-json\/wp\/v2\/pages\/596"}],"wp:featuredmedia":[{"embeddable":true,"href":"https:\/\/www.asso-resppi.fr\/index.php\/wp-json\/wp\/v2\/media\/895"}],"wp:attachment":[{"href":"https:\/\/www.asso-resppi.fr\/index.php\/wp-json\/wp\/v2\/media?parent=1660"}],"curies":[{"name":"wp","href":"https:\/\/api.w.org\/{rel}","templated":true}]}}