{"id":18,"date":"2018-01-20T15:28:06","date_gmt":"2018-01-20T14:28:06","guid":{"rendered":"https:\/\/www.asso-resppi.fr\/?page_id=18"},"modified":"2023-10-04T18:12:22","modified_gmt":"2023-10-04T16:12:22","slug":"vivre_ensemble","status":"publish","type":"page","link":"https:\/\/www.asso-resppi.fr\/index.php\/themes_actions\/vivre_ensemble\/","title":{"rendered":"L&rsquo;\u00e9ducation au vivre ensemble"},"content":{"rendered":"<h3><strong>Mai est le mois qui c\u00e9l\u00e8bre la journ\u00e9e internationale du Vivre ensemble et de la paix ( 16 mai) !<\/strong><\/h3>\n<p><span style=\"color: #0000ff;\">Mai-Juin-Juillet<\/span><\/p>\n<p>C&rsquo;est pourquoi nous avons choisi de centrer notre second parcours <strong>RES&rsquo;PPI+<\/strong> sur <span style=\"color: #0000ff;\"><strong>l&rsquo;\u00e9ducation au vivre ensemble.<\/strong><\/span><\/p>\n<p><em><strong>Comment cohabiter de fa\u00e7on harmonieuse ?<\/strong><\/em><\/p>\n<p><em><strong>Comment le respect mutuel se construit au sein de nos familles , \u00e0 l&rsquo;\u00e9cole, sur l&rsquo;espace public ou ai pied de mon immeuble ?<\/strong><\/em><\/p>\n<p>Avec le soutien des centres socioculturels accoord, <strong>RES&rsquo;PPI +<\/strong> s&rsquo;associe aux habitants des quartiers <strong>Beaulieu et \u00cele de Nantes<\/strong>, pour proposer aux familles nantaises, un itin\u00e9raire centr\u00e9 sur ce <strong>th\u00e8me \u00e9ducatif important,<\/strong> l&rsquo;apprentissage du vivre ensemble au quotidien !<\/p>\n<p>Ecoute, \u00e9change et partage, sont au c\u0153ur de ce nouveau programme, pour s&rsquo;informer en famille, d\u00e9couvrir\u00a0 et comprendre, ce qui se vit \u00e0 l&rsquo;\u00e9cole, dans nos familles et nos quartiers !<\/p>\n<p><strong>Au programme :<\/strong><\/p>\n<ul>\n<li><strong>Pauses-kawa<\/strong>, pour parler sans tabou, mais de fa\u00e7on ludique, du\u00a0 <strong><em>\u00ab\u00a0Vivre ensemble \u00e0 l&rsquo;\u00e9cole\u00a0\u00bb<\/em><\/strong> ou du <strong><em>\u00ab\u00a0Vivre ensemble dans mon quartier\u00a0\u00bb<\/em><\/strong><\/li>\n<li><strong>Ateliers cr\u00e9atifs<\/strong>, pour r\u00e9aliser en famille, des affiches susceptibles d&rsquo;am\u00e9liorer notre vivre ensemble, de fa\u00e7on color\u00e9e,<\/li>\n<li><strong>Exposition<\/strong> : <strong><em>Nous ! Comment faire soci\u00e9t\u00e9 commune ?<\/em><\/strong> pour r\u00e9fl\u00e9chir avec nos ados, aux probl\u00e9matiques des discriminations,<\/li>\n<li><strong>Go\u00fbter-Spectacle<\/strong>, pour rire et d\u00e9battre en famille, autour de la pi\u00e8ce de th\u00e9\u00e2tre : <strong><em>Le mieux \u00e0 faire<\/em><\/strong>.<\/li>\n<\/ul>\n<p>Programme \u00e0 t\u00e9l\u00e9charger : <a href=\"https:\/\/www.asso-resppi.fr\/index.php\/themes_actions\/vivre_ensemble\/flyer_resppi-parcours-vivre-ensemble-3\/\" rel=\"attachment wp-att-2375\">flyer_resppi-parcours-vivre-ensemble-3<\/a><\/p>\n<p>Tout est gratuit, il faut <strong>juste s&rsquo;inscrire avant<\/strong>, parce que le nombre de places est limit\u00e9, mais surtout si vous voulez b\u00e9n\u00e9ficier de notre garderie occasionnelle pour vos plus petits !<\/p>\n<p>A minima, une inscription par mail : asso.resppi@gmail.com<\/p>\n<p>&nbsp;<\/p>\n<p>&nbsp;<\/p>\n<p>&nbsp;<\/p>\n","protected":false},"excerpt":{"rendered":"<p>Mai est le mois qui c\u00e9l\u00e8bre la journ\u00e9e internationale du Vivre ensemble et de la paix ( 16 mai) ! Mai-Juin-Juillet C&rsquo;est pourquoi nous avons choisi de centrer notre second parcours RES&rsquo;PPI+ sur l&rsquo;\u00e9ducation au vivre ensemble. Comment cohabiter de fa\u00e7on harmonieuse ? Comment le respect mutuel se construit au sein de nos familles , [&hellip;]<\/p>\n","protected":false},"author":1,"featured_media":2372,"parent":14,"menu_order":0,"comment_status":"closed","ping_status":"closed","template":"","meta":{"footnotes":""},"class_list":["post-18","page","type-page","status-publish","has-post-thumbnail","hentry"],"_links":{"self":[{"href":"https:\/\/www.asso-resppi.fr\/index.php\/wp-json\/wp\/v2\/pages\/18","targetHints":{"allow":["GET"]}}],"collection":[{"href":"https:\/\/www.asso-resppi.fr\/index.php\/wp-json\/wp\/v2\/pages"}],"about":[{"href":"https:\/\/www.asso-resppi.fr\/index.php\/wp-json\/wp\/v2\/types\/page"}],"author":[{"embeddable":true,"href":"https:\/\/www.asso-resppi.fr\/index.php\/wp-json\/wp\/v2\/users\/1"}],"replies":[{"embeddable":true,"href":"https:\/\/www.asso-resppi.fr\/index.php\/wp-json\/wp\/v2\/comments?post=18"}],"version-history":[{"count":53,"href":"https:\/\/www.asso-resppi.fr\/index.php\/wp-json\/wp\/v2\/pages\/18\/revisions"}],"predecessor-version":[{"id":2435,"href":"https:\/\/www.asso-resppi.fr\/index.php\/wp-json\/wp\/v2\/pages\/18\/revisions\/2435"}],"up":[{"embeddable":true,"href":"https:\/\/www.asso-resppi.fr\/index.php\/wp-json\/wp\/v2\/pages\/14"}],"wp:featuredmedia":[{"embeddable":true,"href":"https:\/\/www.asso-resppi.fr\/index.php\/wp-json\/wp\/v2\/media\/2372"}],"wp:attachment":[{"href":"https:\/\/www.asso-resppi.fr\/index.php\/wp-json\/wp\/v2\/media?parent=18"}],"curies":[{"name":"wp","href":"https:\/\/api.w.org\/{rel}","templated":true}]}}