{"id":182,"date":"2018-01-26T20:08:00","date_gmt":"2018-01-26T19:08:00","guid":{"rendered":"https:\/\/www.asso-resppi.fr\/?page_id=182"},"modified":"2023-02-14T15:53:31","modified_gmt":"2023-02-14T14:53:31","slug":"notre-asso","status":"publish","type":"page","link":"https:\/\/www.asso-resppi.fr\/index.php\/notre-asso\/","title":{"rendered":"Notre association"},"content":{"rendered":"<p>En novembre 2016, nous co-organisions les premi\u00e8res Rencontres entre Parents Parfaitement Imparfaits \u00e0 Saint S\u00e9bastien sur Loire.<br \/>\nAvec certains participants de ces journ\u00e9es,\u00a0 nous avons imagin\u00e9 la suite en cr\u00e9ant l\u2019association <strong>Res\u2019PPI<\/strong> :<\/p>\n<p style=\"text-align: center;\">le <strong>R<\/strong>\u00e9seau des <strong>P<\/strong>arents <strong>P<\/strong>arfaitement <strong>I<\/strong>mparfaits.<\/p>\n<p style=\"text-align: left;\">Depuis sa cr\u00e9ation, notre projet associatif a re\u00e7u un accueil tr\u00e8s favorable et de nombreux soutiens, parmi lesquels ceux de <strong>Mitsiko MILLER<\/strong> et de <strong>Christine BARRAS<\/strong>, nos deux marraines.<\/p>\n<h2>Res\u2019PPI c\u2019est quoi ?<\/h2>\n<ul>\n<li>C&rsquo;est un collectif d&rsquo;accompagnement \u00e0 la parentalit\u00e9, compos\u00e9 exclusivement de <strong>parents b\u00e9n\u00e9voles<\/strong>, tous engag\u00e9s dans des initiatives parentales sur leur commune, leur quartier, ou leur village.<\/li>\n<li>Il est ouvert \u00e0 tous les parents int\u00e9ress\u00e9s et motiv\u00e9s \u00e0 agir pour une <strong>parentalit\u00e9 bienveillante et responsable<\/strong>, bas\u00e9e sur l&rsquo;\u00e9coute,\u00a0 l&rsquo;entraide et l&rsquo;\u00e9change entre pairs.<\/li>\n<li>Notre approche, sociale, citoyenne et apprenante, vise \u00e0 <strong>redonner la parole aux parents et leur pouvoir d&rsquo;agir<\/strong> au quotidien dans l&rsquo;\u00e9ducation de leurs enfants.<\/li>\n<\/ul>\n<h2>Res\u2019PPI c\u2019est qui ?<\/h2>\n<ul>\n<li style=\"list-style-type: none;\">\n<ul>\n<li>\u00e0 l&rsquo;origine, des parents b\u00e9n\u00e9voles issus d&rsquo;un collectif du Sud Loire, qui ont souhait\u00e9 mettre en partage leur exp\u00e9rience de cinq ann\u00e9es, \u00e0 l&rsquo;\u00e9coute des familles de leur commune.<\/li>\n<li>mais aussi, de nouveaux parents porteurs de projets, investis comme ressources aupr\u00e8s de leurs pairs, sur diff\u00e9rentes communes du d\u00e9partement de Loire Atlantique.<\/li>\n<\/ul>\n<\/li>\n<\/ul>\n<h2>Pour aller plus loin et vous donner envie de nous rejoindre, prenez le temps d&rsquo;\u00e9couter le t\u00e9moignage de deux mamans b\u00e9n\u00e9voles du Res&rsquo;PPI !<\/h2>\n<ul>\n<li style=\"list-style-type: none;\"><a href=\"https:\/\/www.alternantesfm.net\/emissions\/alternmamans-emission-speciale-le-reseau-des-parents-parfaitement-imparfaits\/?prenom=Emilie&amp;email=emiliefaure.bouffard%40gmail.com&amp;ev=228236\">https:\/\/www.alternantesfm.net\/emissions\/alternmamans-emission-speciale-le-reseau-des-parents-parfaitement-imparfaits\/?prenom=Emilie&amp;email=emiliefaure.bouffard%40gmail.com&amp;ev=228236<\/a><\/li>\n<\/ul>\n","protected":false},"excerpt":{"rendered":"<p>En novembre 2016, nous co-organisions les premi\u00e8res Rencontres entre Parents Parfaitement Imparfaits \u00e0 Saint S\u00e9bastien sur Loire. Avec certains participants de ces journ\u00e9es,\u00a0 nous avons imagin\u00e9 la suite en cr\u00e9ant l\u2019association Res\u2019PPI : le R\u00e9seau des Parents Parfaitement Imparfaits. Depuis sa cr\u00e9ation, notre projet associatif a re\u00e7u un accueil tr\u00e8s favorable et de nombreux soutiens, [&hellip;]<\/p>\n","protected":false},"author":3,"featured_media":2297,"parent":0,"menu_order":1,"comment_status":"closed","ping_status":"closed","template":"","meta":{"footnotes":""},"class_list":["post-182","page","type-page","status-publish","has-post-thumbnail","hentry"],"_links":{"self":[{"href":"https:\/\/www.asso-resppi.fr\/index.php\/wp-json\/wp\/v2\/pages\/182","targetHints":{"allow":["GET"]}}],"collection":[{"href":"https:\/\/www.asso-resppi.fr\/index.php\/wp-json\/wp\/v2\/pages"}],"about":[{"href":"https:\/\/www.asso-resppi.fr\/index.php\/wp-json\/wp\/v2\/types\/page"}],"author":[{"embeddable":true,"href":"https:\/\/www.asso-resppi.fr\/index.php\/wp-json\/wp\/v2\/users\/3"}],"replies":[{"embeddable":true,"href":"https:\/\/www.asso-resppi.fr\/index.php\/wp-json\/wp\/v2\/comments?post=182"}],"version-history":[{"count":12,"href":"https:\/\/www.asso-resppi.fr\/index.php\/wp-json\/wp\/v2\/pages\/182\/revisions"}],"predecessor-version":[{"id":2252,"href":"https:\/\/www.asso-resppi.fr\/index.php\/wp-json\/wp\/v2\/pages\/182\/revisions\/2252"}],"wp:featuredmedia":[{"embeddable":true,"href":"https:\/\/www.asso-resppi.fr\/index.php\/wp-json\/wp\/v2\/media\/2297"}],"wp:attachment":[{"href":"https:\/\/www.asso-resppi.fr\/index.php\/wp-json\/wp\/v2\/media?parent=182"}],"curies":[{"name":"wp","href":"https:\/\/api.w.org\/{rel}","templated":true}]}}