{"id":187,"date":"2018-01-26T20:30:02","date_gmt":"2018-01-26T19:30:02","guid":{"rendered":"https:\/\/www.asso-resppi.fr\/?page_id=187"},"modified":"2018-04-07T13:33:48","modified_gmt":"2018-04-07T11:33:48","slug":"nos-adherents","status":"publish","type":"page","link":"https:\/\/www.asso-resppi.fr\/index.php\/notre-asso\/nos-adherents\/","title":{"rendered":"Nos adh\u00e9rents"},"content":{"rendered":"<h1><span style=\"color: #00f5ac;\">Pourquoi ont-ils adh\u00e9r\u00e9s \u00e0 Res&rsquo;PPI?<\/span><\/h1>\n<p><em><strong>Maryl\u00e8ne<\/strong>,\u00a0 4 enfants (responsable d&rsquo;un lieu de vie et d&rsquo;accueil d&rsquo;enfants mineurs):<\/em><\/p>\n<p>\u00ab\u00a0Partager avec d&rsquo;autres mes convictions et mes comp\u00e9tences pour redonner une juste place aux parents et partager des moments de convivialit\u00e9.\u00a0\u00bb<\/p>\n<p><em><strong>Josette<\/strong>, <\/em>2 Enfants (consultante-formatrice):<\/p>\n<p><em>\u00ab\u00a0<\/em>Un parcours de monoparent complexe, mais surtout une belle aventure \u00e9ducative aux c\u00f4t\u00e9s de mes deux fistons. Rejoindre Res\u2019PPI, c\u2019est pour moi, l\u2019occasion de partager cette exp\u00e9rience avec d\u2019autres monoparents, mais plus globalement de faciliter la transmission de pair \u00e0 pair, mon \u00ab\u00a0dada professionnel\u00a0\u00bb depuis tant d\u2019ann\u00e9es\u00a0! \u00ab\u00a0.<\/p>\n<p><em><strong>Marie-Claire,\u00a0<\/strong> 6 enfants (en r\u00e9orientation professionnelle):<\/em><\/p>\n<p>\u00ab\u00a0Mon engagement personnel est de partager mes comp\u00e9tences et mon exp\u00e9rience de Maman de famille nombreuse pour \u00e9couter et rappeler aux parents l&rsquo;importance de leur r\u00f4le \u00ab\u00a0.<\/p>\n<p><em><strong>Claudia,<\/strong> 2 enfants<strong> (<\/strong>Aide M\u00e9dico Psychologique):<\/em><\/p>\n<p>\u00a0\u00bb J&rsquo;appr\u00e9cie l&rsquo;\u00e9coute, le partage mais aussi le fait d&rsquo;apprendre encore et toujours sur le r\u00f4le des parents, en restant \u00a0 toujours en capacit\u00e9 de se remettre en question\u00a0\u00bb.<\/p>\n<p><em><strong>Fran\u00e7oise<\/strong>,\u00a0 3 enfants et 2 petits-enfants (Animatrice d&rsquo;un r\u00e9seau universit\u00e9s\/entreprises)<\/em>:<\/p>\n<p>\u00a0\u00bb Ce qui me correspond le mieux est la phrase de Paul Valery: Enrichissons nous de nos diff\u00e9rences mutuelles\u00a0\u00bb.<\/p>\n<p><em><strong>Pascale<\/strong><\/em>, 2 enfants (<em>professeur d&rsquo;arts plastiques):<\/em><\/p>\n<p>\u00ab\u00a0Mettre \u00e0 disposition mes comp\u00e9tences pour redonner aux parents leur place de premiers \u00e9ducateurs de leurs enfants\u00a0\u00bb.<\/p>\n<p><em><strong>Aline,<\/strong>\u00a0 1 enfant (Animatrice sociale en formation):<br \/>\n<\/em><\/p>\n<p>\u00ab\u00a0Partager mon exp\u00e9rience professionnelle et personnelle en tant que maman solo, pour accompagner d&rsquo;autres parents \u00e0 mettre en \u0153uvre eux-m\u00eames des solutions qui r\u00e9pondent \u00e0 leurs besoins et ainsi, faire ma part de \u00ab\u00a0colibri\u00a0\u00bb sur le terrain de la parentalit\u00e9, tout simplement\u00a0\u00bb.<\/p>\n<p><strong><em>Audrey,\u00a0 <\/em><\/strong><em>1 enfant (<\/em><em>Kin\u00e9siologue):<\/em><\/p>\n<p>\u00ab\u00a0Mettre mes qualit\u00e9s d&rsquo;\u00e9coute et d&rsquo;accueil, au service des parents du r\u00e9seau et partager avec eux mon exp\u00e9rience de parent\u00a0\u00bb.<\/p>\n<p><em><strong>V\u00e9ronique<\/strong>, 4 enfants et 2 petits enfants, (Directrice de projets informatique):<\/em><\/p>\n<p>\u00ab\u00a0J appr\u00e9cie l&rsquo;enthousiasme et la loyaut\u00e9 d&rsquo;engagement qui transparait dans l&rsquo;association. Sensible \u00e0 l&rsquo;\u00e9quilibre pro-perso, mon challenge personnel est de cr\u00e9er des groupes de parentalit\u00e9 au sein d&rsquo;entreprises : parce qu&rsquo;un parent \u00e9panoui est aussi un salari\u00e9 \u00e9panoui\u00a0\u00bb.<\/p>\n<p><em><strong>Carole: <\/strong>3 enfants,\u00a0 dans une famille interculturelle,(infirmi\u00e8re et animatrice pr\u00e9vention):<\/em><\/p>\n<p>\u00ab\u00a0J&rsquo;ai rejoint l&rsquo;aventure Res&rsquo;PPI parce que je suis convaincue qu&rsquo;en prenant soin\u00a0de nous, parents, on prend soin de nos enfants\u00a0\u00bb.<\/p>\n<p><em><strong>Nathalie,\u00a0 <\/strong>maman de 2 ados, en instance de divorce (en recherche d&#8217;emploi) :<\/em><\/p>\n<p><strong> \u00ab\u00a0<\/strong>Accompagner deux gar\u00e7ons dans la p\u00e9riode de l&rsquo;adolescence est parfois d\u00e9stabilisant, surtout dans un contexte de s\u00e9paration. Rencontrer d&rsquo;autres parents qui sont pass\u00e9s par cette p\u00e9riode, partager ses doutes mais aussi prendre conscience de ses ressources par les \u00e9changes est tr\u00e8s soutenant. J&rsquo;ai envie de transmettre \u00e0 mon tour mon exp\u00e9rience et ne pas rester toute seule.\u00a0\u00bb<em><strong><br \/>\n<\/strong><\/em><\/p>\n<p><em><strong>Marie-Annick,\u00a0 <\/strong>3 enfants et 3 petits-enfants (Infirmi\u00e8re en Psychiatrie):<strong><br \/>\n<\/strong><\/em><\/p>\n<p>\u00a0\u00bb M&rsquo;appuyer sur le r\u00e9seau pour renforcer ma confiance en moi et partager avec d&rsquo;autres mon exp\u00e9rience de parent\u00a0\u00bb.<\/p>\n<p><em><strong>F\u00e9lix:\u00a0 <\/strong>3 enfants et 6 petits-enfants(Assistant social):<\/em><\/p>\n<p>\u00ab\u00a0Disponible, avec des comp\u00e9tences d&rsquo;\u00e9coute\u00a0 et d&rsquo;animation d&rsquo;un groupe de papa solo, je contribue \u00e0 initier la parit\u00e9 au sein de l&rsquo;association !\u00a0\u00bb.<\/p>\n<p><em><strong>Annick :\u00a0 <\/strong>3 enfants et 6 petits-enfants(Auxiliaire pu\u00e9ricultrice):<strong><br \/>\n<\/strong><\/em><\/p>\n<p>\u00a0\u00bb Le travail en collectif au sein de l&rsquo;association enrichi de r\u00e9guli\u00e8res analyses des pratiques me permet une progression constante dans ma capacit\u00e9 d&rsquo;\u00e9coute\u00a0\u00bb.<\/p>\n<p><em><strong>Marie, <\/strong>m\u00e8re et grand-m\u00e8re, (M\u00e9decin) :<br \/>\n<\/em><\/p>\n<p>\u00a0\u00bb Promouvoir Res&rsquo;PPI, au sein de mon r\u00e9seau professionnel, parce que j&rsquo;y retrouve les valeurs fondamentales \u00e0 mes engagements personnels et professionnels, pour faire \u00e9merger des projets nouveaux, en mati\u00e8re de pair-aidance \u00a0\u00bb<\/p>\n<p><em><strong>Colette:\u00a0 <\/strong>2 enfants (Auxiliaire de pu\u00e9riculture en p\u00e9diatrie):<\/em><\/p>\n<p>\u00a0\u00bb M&rsquo;engager dans Res&rsquo;PPI est pour moi une \u00e9vidence, dans le prolongement de mon engagement professionnel et le partage entre pairs d&rsquo;une exp\u00e9rience parentale particuli\u00e8re (famille adoptante) \u00ab\u00a0.<\/p>\n<p><em><strong>Caroline<\/strong>: 3 enfants (psychologue):<\/em><\/p>\n","protected":false},"excerpt":{"rendered":"<p>Pourquoi ont-ils adh\u00e9r\u00e9s \u00e0 Res&rsquo;PPI? Maryl\u00e8ne,\u00a0 4 enfants (responsable d&rsquo;un lieu de vie et d&rsquo;accueil d&rsquo;enfants mineurs): \u00ab\u00a0Partager avec d&rsquo;autres mes convictions et mes comp\u00e9tences pour redonner une juste place aux parents et partager des moments de convivialit\u00e9.\u00a0\u00bb Josette, 2 Enfants (consultante-formatrice): \u00ab\u00a0Un parcours de monoparent complexe, mais surtout une belle aventure \u00e9ducative aux c\u00f4t\u00e9s [&hellip;]<\/p>\n","protected":false},"author":3,"featured_media":0,"parent":182,"menu_order":0,"comment_status":"closed","ping_status":"closed","template":"","meta":{"footnotes":""},"class_list":["post-187","page","type-page","status-publish","hentry"],"_links":{"self":[{"href":"https:\/\/www.asso-resppi.fr\/index.php\/wp-json\/wp\/v2\/pages\/187","targetHints":{"allow":["GET"]}}],"collection":[{"href":"https:\/\/www.asso-resppi.fr\/index.php\/wp-json\/wp\/v2\/pages"}],"about":[{"href":"https:\/\/www.asso-resppi.fr\/index.php\/wp-json\/wp\/v2\/types\/page"}],"author":[{"embeddable":true,"href":"https:\/\/www.asso-resppi.fr\/index.php\/wp-json\/wp\/v2\/users\/3"}],"replies":[{"embeddable":true,"href":"https:\/\/www.asso-resppi.fr\/index.php\/wp-json\/wp\/v2\/comments?post=187"}],"version-history":[{"count":10,"href":"https:\/\/www.asso-resppi.fr\/index.php\/wp-json\/wp\/v2\/pages\/187\/revisions"}],"predecessor-version":[{"id":263,"href":"https:\/\/www.asso-resppi.fr\/index.php\/wp-json\/wp\/v2\/pages\/187\/revisions\/263"}],"up":[{"embeddable":true,"href":"https:\/\/www.asso-resppi.fr\/index.php\/wp-json\/wp\/v2\/pages\/182"}],"wp:attachment":[{"href":"https:\/\/www.asso-resppi.fr\/index.php\/wp-json\/wp\/v2\/media?parent=187"}],"curies":[{"name":"wp","href":"https:\/\/api.w.org\/{rel}","templated":true}]}}