{"id":1880,"date":"2020-02-14T11:59:24","date_gmt":"2020-02-14T10:59:24","guid":{"rendered":"https:\/\/www.asso-resppi.fr\/?page_id=1880"},"modified":"2020-02-14T11:59:24","modified_gmt":"2020-02-14T10:59:24","slug":"papa-cest-quoi-un-clito","status":"publish","type":"page","link":"https:\/\/www.asso-resppi.fr\/index.php\/papa-cest-quoi-un-clito\/","title":{"rendered":"Papa , c&rsquo;est quoi un clito ?"},"content":{"rendered":"<h3>Parler de sexualit\u00e9, pas toujours simple\u2026 Comment r\u00e9pondre aux questions ou \u00e9voquer la sexualit\u00e9 selon l\u2019\u00e2ge des enfants\/ados\u00a0?<\/h3>\n<ul>\n<li>Comment r\u00e9pondre aux questions des enfants \u00e0 propos de la sexualit\u00e9\u00a0?<\/li>\n<li>Comment \u00e9voquer la question de la sexualit\u00e9 avec les ados ?<\/li>\n<li>\u00a0Que faire s\u2019ils ne l\u2019\u00e9voquent pas ?<\/li>\n<li>Que faire si je ne sais pas quoi r\u00e9pondre ?<\/li>\n<\/ul>\n<p>C&rsquo;\u00e9tait l&rsquo;objet de la derni\u00e8re rencontre \u00ab\u00a0Entre-papas\u00a0\u00bb de 2019. A la fin de cet \u00e9change, les papas ont partag\u00e9 les ressources\u00a0 dont ils avaient connaissance et voici le r\u00e9sultats de leur r\u00e9flexion\u00a0 : une compilation de ressources \u00e0 exploiter en tant que parent et avec nos enfants.<\/p>\n<h3><span style=\"color: #000080;\"><em><strong>1. Bibliographie :<\/strong><\/em><\/span><\/h3>\n<p><em><span style=\"color: #993366;\">Livres pour les parents : <\/span><\/em><\/p>\n<ul>\n<li>DOLTO, Fran\u00e7oise. Tout est langage. Paris, \u00c9ditions Gallimard, coll. \u00ab Folio essais \u00bb, 2002, 288 p.<\/li>\n<li>ROBERT, Jocelyne. Parlez-leur d\u2019amour\u2026 et de sexualit\u00e9. Montr\u00e9al, Les \u00c9ditions de l\u2019Homme, 1999, 192 p.<\/li>\n<li>RUFO, Marcel (Pr). Tout ce que vous ne devriez jamais savoir sur la sexualit\u00e9 de vos enfants. Paris, Livre de poche, 2005, 220 p.<\/li>\n<li>ROSSANT, Lyonel et Jacqueline ROSSANT-LUMBROSO. Votre enfant. Guide \u00e0 l\u2019usage des parents. Paris, \u00c9ditions Robert Laffont, coll. \u00ab Bouquins \u00bb, 2006, 1515 p.<\/li>\n<li>SAINT-PIERRE, Fr\u00e9d\u00e9rique et Marie-France VIAU. Que savoir sur la sexualit\u00e9 de mon enfant? Montr\u00e9al, \u00c9ditions du CHU Sainte-Justine, 2008, 80 p.<\/li>\n<li>Anne Vaisman, \u00ab\u00a0Comment parler de sexualit\u00e9 aux enfants\u00a0\u00bb, Editions Le baron perch\u00e9, 17.50 euros.<br \/>\n*<span style=\"color: #333399;\"><em> Dans son livre, Anne Vaisman aborde les grandes questions concernant le corps et la sexualit\u00e9 \u00e0 travers 30 fiches (le sexe de l&rsquo;homme, de la femme, faire l&rsquo;amour&#8230;). Chaque th\u00e8me est d\u00e9crit de fa\u00e7on diff\u00e9rente selon l&rsquo;\u00e2ge de l&rsquo;enfant, 5-8 ans \/ 9-12 ans \/ 13-15 ans.<\/em><\/span><\/li>\n<li><em>Ma\u00eblle Challan Belval \u00ab Savoir parler d&rsquo;amour et de sexualit\u00e9 avec ses enfants \u00bb, Intereditions.<\/em><\/li>\n<li>Jocelyne Robert \u00ab Parlez leur d\u2019amour\u2026 et de sexualit\u00e9 \u00bb , Les Editions de l\u2019Homme, 19\u20ac<br \/>\n<span style=\"color: #333399;\"><em>Ce livre est d&rsquo;abord un guide pour les parents qui trouvent des outils pour accompagner et encadrer les enfants au fil de leur d\u00e9veloppement. L&rsquo;auteure y aborde les diverses \u00e9tapes du d\u00e9veloppement psycho-sexuel de l&rsquo;enfant et propose des pistes concr\u00e8tes pour faire du parent un phare en cette mati\u00e8re.<\/em><\/span><br \/>\n<span style=\"color: #333399;\"><em>Il aborde les th\u00e8mes suivants : hypersexualisation, sexualisation des petites filles, culture du viol et de la violence sexuelle, multiplication des<\/em> <em>identit\u00e9s de genre, omnipr\u00e9sence de la pornographie, d\u00e9pendance sexuelle et d\u00e9pendance \u00e0 la pornographie, espace public hypersexualis\u00e9, banalisation de la violence sexuelle, de la prostitution et de l&rsquo;exploitation, sextage (envoi de messages \u00e0 caract\u00e8re sexuel par voie \u00e9lectronique , t\u00e9l\u00e9phone mobile, appli, courriel ou webcam) , nudit\u00e9 sur Internet, tenues vestimentaires et bien d&rsquo;autres!<\/em><\/span><br \/>\n<span style=\"color: #000000;\">Elle propose \u00e9galement une web conf\u00e9rence enregistr\u00e9e de 36 minutes (cf paragraphe suivant Vid\u00e9o)<\/span><\/li>\n<\/ul>\n<p><em><span style=\"color: #993366;\">Livres pour les enfants<br \/>\n<\/span><\/em><\/p>\n<ul>\n<li>FOUG\u00c8RE, Isabelle et Coline CITRON. L\u2019encyclo de la vie sexuelle 4-6 ans. Paris, Hachette Jeunesse, 2016, 32 pages)<\/li>\n<li>Le secret du petit cheval. Ottawa, minist\u00e8re de la Justice, Communications et affaires publiques, 1989, 15 pages. Un livre qui traite de l\u2019abus sexuel.<\/li>\n<li>Ma sexualit\u00e9 de 0 \u00e0 6 ans. ROBERT, Jocelyne et Jo-Anne JACOB. Montr\u00e9al, Les \u00c9ditions de l\u2019Homme, 2015, 88 pages. (Avec section pour parents.)<\/li>\n<li>ROSENSTIEHL, Agn\u00e8s. La naissance. Paris, Autrement Jeunesse, 2008, 42 pages.<\/li>\n<li>\u201cLe Guide du zizi sexuel\u201d (Gl\u00e9nat, 2001), de Zep et H\u00e9l\u00e8ne Bruller, avec Zep, cr\u00e9ateur du c\u00e9l\u00e8bre personnage de BD Titeuf. <span style=\"color: #333399;\">Zep indique \u00ab<em> C\u2019est en repensant aux questions que je me posais quand j\u2019\u00e9tais gamin que j\u2019ai d\u00e9cid\u00e9 de faire ce guide d\u2019\u00e9ducation sexuelle. A l\u2019\u00e9poque, j\u2019aurais ador\u00e9 avoir un bouquin qui m\u2019apporte des r\u00e9ponses simples et claires sur ce que signifiait \u201csortir avec quelqu\u2019un\u201d, \u201cfaire l\u2019amour\u201d ou \u201c\u00eatre puceau\u201d, comment embrasser une fille sur la bouche ou savoir si l\u2019on est entr\u00e9 dans la pubert\u00e9\u2026 Un jour, je me suis dit que Titeuf, mon personnage de BD, dr\u00f4le, na\u00eff, culott\u00e9 et maladroit, \u00e9tait tout indiqu\u00e9 pour r\u00e9pondre \u00e0 la curiosit\u00e9 sexuelle des 9-13 ans. J\u2019ai \u00e9galement veill\u00e9 \u00e0 ce que les dessins, aussi dr\u00f4les soient-ils, n\u2019\u00e9clipsent jamais les explications fournies par des m\u00e9decins, psychiatres et infirmi\u00e8res scolaires. C\u2019est finalement ce qui doit plaire aux enfants, mais aussi aux parents : depuis la sortie de l\u2019album, beaucoup nous ont \u00e9crit pour nous remercier d\u2019avoir fait un livre qui leur sert d\u2019outil de dialogue. A l\u2019heure des explications, il semble que cela soit pour eux un v\u00e9ritable soulagement\u2026<\/em> \u00bb<\/span><\/li>\n<\/ul>\n<ul>\n<li>\u201cNos enfants aussi ont un sexe\u201d de St\u00e9phane ClERGET.<br \/>\n<span style=\"color: #333399;\"><em>Un soutien pour aider les parents \u00e0 expliquer la sexualit\u00e9 aux enfants (Robert Laffont, 2001).<\/em><\/span><\/li>\n<li>\u201cL\u2019Enfant et sa sexualit\u00e9\u201d de Christiane Olivier. Aborder la sexualit\u00e9 d\u00e8s le plus jeune \u00e2ge (Fayard, 2001).<\/li>\n<\/ul>\n<p><em><span style=\"color: #993366;\">Pour parents et enfants :<\/span><\/em><\/p>\n<p><a href=\"https:\/\/letresordelilith.com\/\">\u00ab Le Tr\u00e9sor de Lilith \u00bb<\/a> de Carla Trepat qui traite de la sexualit\u00e9 de la femme, de ses cycles et du plaisir.<\/p>\n<h3><em><span style=\"color: #000080;\">2.<strong> Vid\u00e9os<\/strong><\/span><\/em><\/h3>\n<ul>\n<li>Comment r\u00e9pondre aux questions d\u2019ado sur la premi\u00e8re fois ?<br \/>\nhttps:\/\/www.allodocteurs.fr\/grossesse-enfant\/ado\/sexualite-des-ados\/comment-parler-de-sexualite-a-son-ado_20074.html<br \/>\n<a href=\"https:\/\/www.comitys.com\/videos-pour-parler-damour-et-de-sexualite-aux-6-12-ans\/\">Dessin anim\u00e9 sur la f\u00e9condation<\/a><br \/>\nadresse du lien : https:\/\/www.comitys.com\/videos-pour-parler-damour-et-de-sexualite-aux-6-12-ans\/<\/li>\n<li>Documentaire BISSONNETTE, Sophie. Sexy inc. Nos enfants sous influence.<br \/>\n<a href=\"https:\/\/www.onf.ca\/\">Office national du film du Canada<\/a>, 2007, 35 minutes 27 secondes. Un film sur l\u2019hypersexualisation et l\u2019\u00e9rotisation de l\u2019enfance, contenant \u00e9galement un guide d\u2019animation. Disponible chez : ONF, 514 283-9000 ou 1 800 267-7710. Pour acheter le DVD sur le site de l\u2019ONF ou pour visionner le film en ligne : www.onf.ca<\/li>\n<\/ul>\n<h3><em><strong><span style=\"color: #000080;\">3. Sites internet<\/span><\/strong><\/em><\/h3>\n<ul>\n<li>http:\/\/<a href=\"http:\/\/www.onsexprime.fr\/?gclid=CjwKCAiAp5nyBRABEiwApTwjXotLmODf4Piq5uGFTxQH8alzt8hT0jB0-VllKXO5U6pxomoTLCcvohoC5I4QAvD_BwE\">www.onsexprime.fr\/<\/a><br \/>\nUn site g\u00e9r\u00e9 par un \u00e9tablissement public sous tutelle du minist\u00e8re de la Sant\u00e9 : \u20227 rubriques : sexe anatomy \/ plaisir \/ 1\u00e8re fois \/ sexe &amp; sentiments \/ sexe &amp; sant\u00e9 \/ sexe &amp; \u00e9galit\u00e9\/sexe &amp; droits, des vid\u00e9os, des jeux, une recherche par mots cl\u00e9s<\/li>\n<li>Jocelyne Robert webconf\u00e9rence \u00ab<a href=\"https:\/\/youtu.be\/8kDKkCbTPhk\"> Parlez leur d\u2019amour et de sexualit\u00e9 \u00bb<\/a> 36 minutes -adresse du lien : https:\/\/www.youtube.com\/watch?v=8kDKkCbTPhk.<\/li>\n<li><a href=\"https:\/\/naitreetgrandir.com\/fr\/etape\/1_3_ans\/viefamille\/fiche.aspx?doc=parler-sexualite-enfant\">Site Naitre et grandir<\/a><br \/>\nadresse du site : https:\/\/naitreetgrandir.com\/fr\/etape\/1_3_ans\/viefamille\/fiche.aspx?doc=parler-sexualite-enfant<br \/>\nDonne des infos simples (accessible aux mal voyants)<br \/>\n&#8211;<span style=\"color: #333399;\"><em> Bien r\u00e9pondre \u00e0 ses questions sur la sexualit\u00e9<\/em><\/span><br \/>\n<span style=\"color: #333399;\"><em>&#8211; D\u2019o\u00f9 viennent les b\u00e9b\u00e9s?<\/em><\/span><br \/>\n<span style=\"color: #333399;\"><em>&#8211; Votre enfant vous surprend en train de faire l\u2019amour<\/em><\/span><br \/>\n<span style=\"color: #333399;\"><em>&#8211; La pr\u00e9vention des abus sexuels<\/em><\/span><br \/>\nTextes assez similaires mais adapt\u00e9s aux 3 \u00e0 5 ans.<\/li>\n<li>Deux vid\u00e9os sur le d\u00e9veloppement psycho sexuel de l\u2019enfant de 0 \u00e0 3 ans et de 3 \u00e0 5 ans.\n<ul>\n<li>https:\/\/naitreetgrandir.com\/fr\/etape\/0_12_mois\/developpement\/fiche.aspx?doc=developpement-psychosexuel-sexualite-0-3-ans.<\/li>\n<li>https:\/\/naitreetgrandir.com\/fr\/etape\/3-5-ans\/developpement\/fiche.aspx?doc=developpement-psychosexuel-sexualite-3-5-ans<\/li>\n<\/ul>\n<\/li>\n<\/ul>\n<ul>\n<li>Psychologies.com : 12 questions \/ 12 r\u00e9ponses<br \/>\nhttps:\/\/www.psychologies.com\/Famille\/Education\/Dialogue-parents-enfants\/Interviews\/La-sexualite-expliquee-aux-enfants<\/li>\n<li>www.nouveaux-parents.fr<\/li>\n<li>SOCI\u00c9T\u00c9 DES OBST\u00c9TRICIENS ET GYN\u00c9COLOGUES DU CANADA. Section pour les parents. www.masexualite.ca\/parents<br \/>\nPour consulter l\u2019\u00e9tude de Mark A. Schuster sur la sexualit\u00e9 des adolescents am\u00e9ricains et la communication parentale. Pediatrics.aappublications.org<\/li>\n<\/ul>\n<h3><em><span style=\"color: #000080;\">4.Ressources locales<\/span> <\/em><\/h3>\n<p>Planning familial 44 au 0240204151- https:\/\/www.planning-familial.org\/fr\/le-planning-familial-de-loire-atlantique-44<br \/>\nInfirmi\u00e8res scolaires si les enfants souhaitent en parler \u00e0 un adulte dans le milieu scolaire.<\/p>\n","protected":false},"excerpt":{"rendered":"<p>Parler de sexualit\u00e9, pas toujours simple\u2026 Comment r\u00e9pondre aux questions ou \u00e9voquer la sexualit\u00e9 selon l\u2019\u00e2ge des enfants\/ados\u00a0? Comment r\u00e9pondre aux questions des enfants \u00e0 propos de la sexualit\u00e9\u00a0? Comment \u00e9voquer la question de la sexualit\u00e9 avec les ados ? \u00a0Que faire s\u2019ils ne l\u2019\u00e9voquent pas ? Que faire si je ne sais pas quoi [&hellip;]<\/p>\n","protected":false},"author":2,"featured_media":0,"parent":0,"menu_order":0,"comment_status":"closed","ping_status":"closed","template":"","meta":{"footnotes":""},"class_list":["post-1880","page","type-page","status-publish","hentry"],"_links":{"self":[{"href":"https:\/\/www.asso-resppi.fr\/index.php\/wp-json\/wp\/v2\/pages\/1880","targetHints":{"allow":["GET"]}}],"collection":[{"href":"https:\/\/www.asso-resppi.fr\/index.php\/wp-json\/wp\/v2\/pages"}],"about":[{"href":"https:\/\/www.asso-resppi.fr\/index.php\/wp-json\/wp\/v2\/types\/page"}],"author":[{"embeddable":true,"href":"https:\/\/www.asso-resppi.fr\/index.php\/wp-json\/wp\/v2\/users\/2"}],"replies":[{"embeddable":true,"href":"https:\/\/www.asso-resppi.fr\/index.php\/wp-json\/wp\/v2\/comments?post=1880"}],"version-history":[{"count":4,"href":"https:\/\/www.asso-resppi.fr\/index.php\/wp-json\/wp\/v2\/pages\/1880\/revisions"}],"predecessor-version":[{"id":1884,"href":"https:\/\/www.asso-resppi.fr\/index.php\/wp-json\/wp\/v2\/pages\/1880\/revisions\/1884"}],"wp:attachment":[{"href":"https:\/\/www.asso-resppi.fr\/index.php\/wp-json\/wp\/v2\/media?parent=1880"}],"curies":[{"name":"wp","href":"https:\/\/api.w.org\/{rel}","templated":true}]}}