{"id":1901,"date":"2020-02-17T18:54:37","date_gmt":"2020-02-17T17:54:37","guid":{"rendered":"https:\/\/www.asso-resppi.fr\/?page_id=1901"},"modified":"2020-02-17T18:54:37","modified_gmt":"2020-02-17T17:54:37","slug":"parents-enfants-faisons-nous-confiance","status":"publish","type":"page","link":"https:\/\/www.asso-resppi.fr\/index.php\/parents-enfants-faisons-nous-confiance\/","title":{"rendered":"Parents, enfants, faisons-nous confiance !"},"content":{"rendered":"<h3><em>La confiance du parent, c&rsquo;est le carburant de l&rsquo;autonomie et de l&rsquo;\u00e9volution de l&rsquo;enfant !<\/em><\/h3>\n<h3><em>Faire confiance, fait grandir !<\/em><\/h3>\n<h3><em>Mais sur quoi se construit cette relation de confiance entre l&rsquo;enfant et ses parents ?<\/em><\/h3>\n<p>C&rsquo;\u00e9tait l&rsquo;objet de la rencontre \u00ab\u00a0ENTRE-PARENTS\u00a0\u00bb\u00a0 de\u00a0 samedi 15 f\u00e9vrier 2020 &#8211; Quartier Beaulieu.<\/p>\n<p>La pr\u00e9paration de cet \u00e9change entre pairs,nous\u00a0 a permis d&rsquo;identifier quelques ressources de r\u00e9f\u00e9rence sur le sujet, <strong>\u00e0 partager !<\/strong><\/p>\n<h3><span style=\"color: #000080;\">Bibliographie :<\/span><\/h3>\n<p><strong><em>La discipline positive \u2013 <\/em><\/strong>auteure Jane NELSEN \u2013 \u00e9ditions Poche- Marabout<\/p>\n<p>Offrir aux enfants une \u00e9ducation emprunte de s\u00e9r\u00e9nit\u00e9 et d\u2019autonomie. Cet ouvrage propose de <strong>mettre en confiance,<\/strong> d\u2019encourager, d\u2019impliquer et de contribuer \u00e0 faire grandir les enfants.<\/p>\n<p><strong><em>Vivre heureux avec son enfant<\/em> <\/strong>\u2013 auteure Catherine F+GUEGUEN \u2013 \u00e9ditions Pocket Evolution<\/p>\n<p>Un plaidoyer pour une autre vision de l\u2019\u00e9ducation, bas\u00e9e sur une <strong>relation empathique et bienveillante<\/strong> pour permettre \u00e0 l\u2019enfant de d\u00e9ployer toutes ses possibilit\u00e9s affectives et intellectuelles.<\/p>\n<p><strong><em>\u00c9duquer sans punir<\/em><\/strong> \u2013 auteur Thomas GORDON- \u00e9ditions Poche- Marabout<\/p>\n<p>Quand on veut obtenir un comportement ou une attitude d\u2019un enfant, on a deux moyens d\u2019y parvenir\u00a0: le forcer ou l\u2019influencer. Le motiver demande plus de communication, d\u2019\u00e9coute, d\u2019authenticit\u00e9, <strong>de confiance et de soutien.<\/strong> Ces \u00e9l\u00e9ments sont indispensables pour aider l\u2019enfant \u00e0 construire une solide estime de soi, \u00e9l\u00e9ment cl\u00e9s d\u2019une personnalit\u00e9 accomplie et d\u2019une vie r\u00e9ussie.<\/p>\n<h3><span style=\"color: #000080;\">Articles et sites internet utiles\u00a0:<\/span><\/h3>\n<p><strong><em>La relation parents-enfants\u00a0: 5 fa\u00e7ons de renforcer le lien de confiance<\/em><\/strong><\/p>\n<p>Extrait du site : \u00ab vers une parentalit\u00e9 positive \u00bb. Le lien de confiance est une des bases n\u00e9cessaires \u00e0 toutes relations<\/p>\n<p><a href=\"https:\/\/versuneparentalitepositive.com\/parent-enfant-renforcer-confiance\/\">https:\/\/versuneparentalitepositive.com\/parent-enfant-renforcer-confiance\/<\/a><\/p>\n<p><strong><em>Comment donner confiance en soi \u00e0 son enfant\u00a0?<\/em><\/strong><\/p>\n<p>\u00ab La confiance en soi est un atout pour bien grandir \u00bb, suppl\u00e9ment pour les parents, du magazine Pomme d\u2019api \u2013 f\u00e9vrier 2017 Anne Bideault<\/p>\n<p><a href=\"https:\/\/www.bayard-jeunesse.com\/actualites\/comment-donner-confiance-en-soi-a-son-enfant\/\">https:\/\/www.bayard-jeunesse.com\/actualites\/comment-donner-confiance-en-soi-a-son-enfant\/<\/a><\/p>\n<p><strong><em>Liens et attachement <\/em><\/strong><\/p>\n<p>Article extrait du site \u00ab\u00a0na\u00eetre et grandir\u00a0\u00bb<\/p>\n<p><a href=\"https:\/\/naitreetgrandir.com\/fr\/etape\/0_12_mois\/viefamille\/fiche.aspx?doc=ik-naitre-grandir-bebe-lien-attachement-solide\">https:\/\/naitreetgrandir.com\/fr\/etape\/0_12_mois\/viefamille\/fiche.aspx?doc=ik-naitre-grandir-bebe-lien-attachement-solide<\/a><\/p>\n<h3><span style=\"color: #000080;\">Ressources locales :<\/span><\/h3>\n<p><em><strong>Le site d\u00e9partemental\u00a0 \u00ab\u00a0Questions de parents\u00a0\u00bb<\/strong><\/em><\/p>\n<p>Le d\u00e9veloppement de l\u2019enfant jusqu\u2019\u00e0 6 ans\u00a0: <a href=\"https:\/\/parents.loire-atlantique.fr\/petite-enfance-0-a-6-ans\/le-developpement-de-l-enfant\/\">https:\/\/parents.loire-atlantique.fr\/petite-enfance-0-a-6-ans\/le-developpement-de-l-enfant\/<\/a><\/p>\n<p>Le bien-\u00eatre des enfants (0 \u00e0 6 ans)\u00a0: <a href=\"https:\/\/parents.loire-atlantique.fr\/petite-enfance-0-a-6-ans\/le-developpement-de-l-enfant\/le-bien-etre-des-enfants-0-a-6-ans\/\">https:\/\/parents.loire-atlantique.fr\/petite-enfance-0-a-6-ans\/le-developpement-de-l-enfant\/le-bien-etre-des-enfants-0-a-6-ans\/<\/a><\/p>\n<p>Le bien-\u00eatre des enfants (7 \u00e0 11 ans)\u00a0: <a href=\"https:\/\/parents.loire-atlantique.fr\/enfance-7-a-11-ans\/le-developpement-de-l-enfant\/le-bien-etre-des-enfants-7-a-11-ans\/\">https:\/\/parents.loire-atlantique.fr\/enfance-7-a-11-ans\/le-developpement-de-l-enfant\/le-bien-etre-des-enfants-7-a-11-ans\/<\/a><\/p>\n","protected":false},"excerpt":{"rendered":"<p>La confiance du parent, c&rsquo;est le carburant de l&rsquo;autonomie et de l&rsquo;\u00e9volution de l&rsquo;enfant ! Faire confiance, fait grandir ! Mais sur quoi se construit cette relation de confiance entre l&rsquo;enfant et ses parents ? C&rsquo;\u00e9tait l&rsquo;objet de la rencontre \u00ab\u00a0ENTRE-PARENTS\u00a0\u00bb\u00a0 de\u00a0 samedi 15 f\u00e9vrier 2020 &#8211; Quartier Beaulieu. La pr\u00e9paration de cet \u00e9change entre [&hellip;]<\/p>\n","protected":false},"author":2,"featured_media":1902,"parent":0,"menu_order":0,"comment_status":"closed","ping_status":"closed","template":"","meta":{"footnotes":""},"class_list":["post-1901","page","type-page","status-publish","has-post-thumbnail","hentry"],"_links":{"self":[{"href":"https:\/\/www.asso-resppi.fr\/index.php\/wp-json\/wp\/v2\/pages\/1901","targetHints":{"allow":["GET"]}}],"collection":[{"href":"https:\/\/www.asso-resppi.fr\/index.php\/wp-json\/wp\/v2\/pages"}],"about":[{"href":"https:\/\/www.asso-resppi.fr\/index.php\/wp-json\/wp\/v2\/types\/page"}],"author":[{"embeddable":true,"href":"https:\/\/www.asso-resppi.fr\/index.php\/wp-json\/wp\/v2\/users\/2"}],"replies":[{"embeddable":true,"href":"https:\/\/www.asso-resppi.fr\/index.php\/wp-json\/wp\/v2\/comments?post=1901"}],"version-history":[{"count":5,"href":"https:\/\/www.asso-resppi.fr\/index.php\/wp-json\/wp\/v2\/pages\/1901\/revisions"}],"predecessor-version":[{"id":1908,"href":"https:\/\/www.asso-resppi.fr\/index.php\/wp-json\/wp\/v2\/pages\/1901\/revisions\/1908"}],"wp:featuredmedia":[{"embeddable":true,"href":"https:\/\/www.asso-resppi.fr\/index.php\/wp-json\/wp\/v2\/media\/1902"}],"wp:attachment":[{"href":"https:\/\/www.asso-resppi.fr\/index.php\/wp-json\/wp\/v2\/media?parent=1901"}],"curies":[{"name":"wp","href":"https:\/\/api.w.org\/{rel}","templated":true}]}}