{"id":1917,"date":"2020-02-20T15:33:52","date_gmt":"2020-02-20T14:33:52","guid":{"rendered":"https:\/\/www.asso-resppi.fr\/?page_id=1917"},"modified":"2020-02-20T15:33:52","modified_gmt":"2020-02-20T14:33:52","slug":"papa-ou-est-ce-quon-sort","status":"publish","type":"page","link":"https:\/\/www.asso-resppi.fr\/index.php\/papa-ou-est-ce-quon-sort\/","title":{"rendered":"Papa, o\u00f9 est-ce qu&rsquo;on sort ?"},"content":{"rendered":"<h3>C&rsquo;\u00e9tait la question trait\u00e9e par les papas durant la soir\u00e9e du 28 mars 2019 , au studio 11\/15<\/h3>\n<p><strong>Voici quelques id\u00e9es pour prolonger nos \u00e9changes :<\/strong><\/p>\n<p><strong><span style=\"color: #333399;\"><em>\u00a01\u00b0 <\/em><em>Des id\u00e9es de sortie en famille<\/em><\/span><\/strong><\/p>\n<p><strong>Sites qui proposent des sorties en famille \u00e0 Nantes (arts, ateliers, spectacles)\u2026<\/strong><\/p>\n<p><u><a href=\"https:\/\/www.familiscope.fr\/nantes\/\">https:\/\/www.familiscope.fr\/nantes\/<\/a><\/u><u>\u00a0 <\/u><\/p>\n<p><u><a href=\"https:\/\/www.nantes-tourisme.com\/fr\/sortir-avec-les-enfants\">https:\/\/www.nantes-tourisme.com\/fr\/sortir-avec-les-enfants<\/a><\/u><\/p>\n<p><u><a href=\"http:\/\/rdvludique.fr\/\">http:\/\/rdvludique.fr\/<\/a> <\/u>(un agenda en bas de 1<sup>\u00e8re<\/sup> page, tr\u00e8s pratique)<\/p>\n<p><u><a href=\"https:\/\/www.nantes-tourisme.com\/fr\/activites-avec-enfants\">https:\/\/www.nantes-tourisme.com\/fr\/activites-avec-enfants<\/a><\/u><\/p>\n<p><span style=\"color: #333399;\"><em><strong>2\u00b0Des id\u00e9es pour organiser des sorties durant les p\u00e9riodes de vacances<\/strong><\/em><\/span><\/p>\n<p><u><a href=\"https:\/\/www.evous.fr\/Que-faire-avec-vos-enfants-a-Nantes-Des-idees-de-sorties-en-famille-1189201.html\">https:\/\/www.evous.fr\/Que-faire-avec-vos-enfants-a-Nantes-Des-idees-de-sorties-en-famille-1189201.html<\/a><\/u> (concerne les vacances de f\u00e9vrier mais les id\u00e9es restent bonnes toute l\u2019ann\u00e9e)<\/p>\n<p><u><a href=\"https:\/\/www.20minutes.fr\/nantes\/1464739-20141021-nantes-sept-bons-plans-occuper-enfants-pendant-vacances\">https:\/\/www.20minutes.fr\/nantes\/1464739-20141021-nantes-sept-bons-plans-occuper-enfants-pendant-vacances<\/a> <\/u>(valable aussi pour Ouest France, des parutions \u00e0 la veille des vacances)<\/p>\n<p>Penser aussi\u00a0:<\/p>\n<p><em><span style=\"color: #993366;\"><strong>Le cin\u00e9ma, mieux que le petit \u00e9cran<\/strong>.<\/span><\/em><\/p>\n<p>Le\u00a0<strong><a href=\"http:\/\/www.lecinematographe.com\/\">Cin\u00e9matographe<\/a><\/strong><u>\u00a0<\/u>\u00e0 Nantes programme des dessins anim\u00e9s et films d\u2019animation adapt\u00e9s \u00e0 tous les \u00e2ges. Parfois des s\u00e9ances sp\u00e9cifiques pour les 2-3 ans, peu longues, sont aussi \u00e0 l\u2019affiche.\u00a0<a href=\"https:\/\/nantes.katorza.fr\/\">Le <strong>Katorza<\/strong>\u00a0<\/a>diffuse aussi des courts-m\u00e9trages, des films jeune public. Les cin\u00e9mas\u00a0<strong><a href=\"http:\/\/www.cinemalebonnegarde.com\/animations?field_th_me_tid_1%5B%5D=9\">Bonne-Garde<\/a><\/strong>\u00a0\u00e0 Nantes, <strong><a href=\"http:\/\/www.cinemalebeaulieu.com\/jeunepublic.php\">Le Beaulieu<\/a><\/strong>\u00a0\u00e0 Bouguenais, le <strong><a href=\"http:\/\/www.cinemasgaumontpathe.com\/cinemas\/cinema-gaumont-nantes\/\">Gaumont\u00a0<\/a><\/strong>\u00e0 Nantes ont parfois aussi de belles programmations pour enfants.<\/p>\n<p><span style=\"color: #993366;\"><em><strong>Galipy, d\u00e9foulement assur\u00e9 pour les plus jeunes<\/strong><\/em><\/span><\/p>\n<p>Parc de loisirs des \u00ab\u00a0m\u00f4mes\u00a0\u00bb de 1 \u00e0 12ans dans l\u2019agglom\u00e9ration nantaise. Deux sites\u00a0<a href=\"http:\/\/www.galipy.com\/\">Galipy\u00a0<\/a>ouverts existent:\u00a0l\u2019un \u00e0 Saint-S\u00e9bastien zone des Grip\u00f4ts, l\u2019autre \u00e0 Orvault route de Vannes.<\/p>\n<p>Parcours d\u2019obstacles et d\u2019aventures, trampolines, toboggans\u00a0:\u00a0tout est r\u00e9uni pour se d\u00e9penser physiquement. Compter 9 euros de 1 \u00e0 3 ans, 12 euros de 4 \u00e0 12 ans et 2 euros pour les parents.<\/p>\n<p><em><span style=\"color: #993366;\"><strong>St\u00e9r\u00e9olux, il n&rsquo;y a pas d&rsquo;\u00e2ge pour le num\u00e9rique.<\/strong><\/span><\/em><\/p>\n<p>Des ateliers interactifs (jardin d&rsquo;\u00e9veil au num\u00e9rique, fen\u00eatre d&rsquo;\u00e9veil sonore, conte num\u00e9rique) ont \u00e9t\u00e9 organis\u00e9s en octobre dernier pour les b\u00e9b\u00e9s d\u00e8s l&rsquo;\u00e2ge de 3 mois jusqu&rsquo;aux enfants de 3 ans, un concert participatif pour les 6 ans et +, baptis\u00e9 Anima Fyesta.<\/p>\n<p><em><span style=\"color: #333399;\"><strong>3\u00b0Des id\u00e9es de sortie sp\u00e9ciales Ados<\/strong><\/span><\/em><\/p>\n<p><u><a href=\"https:\/\/www.wondercity.com\/nantes\/recherche-activite-enfant\/f-a_adapte-aux-12-ans.html\">https:\/\/www.wondercity.com\/nantes\/recherche-activite-enfant\/f-a_adapte-aux-12-ans.html<\/a><\/u><\/p>\n<p>une News Letter \u00e0 recevoir apr\u00e8s inscription en fonction de l\u2019\u00e2ge des enfants.<\/p>\n<p><u><a href=\"https:\/\/www.nantes.fr\/home\/a-nantes-et-pas-ailleurs\/decouvrir-nantes\/un-ete-a-nantes\/demandez-le-programme-de-lete\/les-ados--par-ici-les-sorties.html\">https:\/\/www.nantes.fr\/home\/a-nantes-et-pas-ailleurs\/decouvrir-nantes\/un-ete-a-nantes\/demandez-le-programme-de-lete\/les-ados&#8211;par-ici-les-sorties.html<\/a> <\/u>(activit\u00e9s propos\u00e9es par l\u2019Accord et les studios 11\/15 en 2018, le m\u00eame devrait paraitre pour 2019 peut-\u00eatre)<\/p>\n<p><u><a href=\"https:\/\/www.nantes-tourisme.com\/fr\/activites-pour-jeunes-et-ados\">https:\/\/www.nantes-tourisme.com\/fr\/activites-pour-jeunes-et-ados<\/a><\/u><\/p>\n<p><u><a href=\"https:\/\/44.kidiklik.fr\/bouge-ado.html\">https:\/\/44.kidiklik.fr\/bouge-ado.html<\/a><\/u> (s\u00e9lection de sorties sports et loisirs)<\/p>\n<p>&nbsp;<\/p>\n<ol start=\"4\">\n<li><em><span style=\"color: #000080;\"><strong> Des sites d\u2019infos en ligne<\/strong><\/span><\/em><\/li>\n<\/ol>\n<p><strong>Les petits citoyens pour initier des discussions avec les 7-11 ans<\/strong><\/p>\n<p>Celui du 4 f\u00e9vrier 2019 par exemple<\/p>\n<p><u><a href=\"http:\/\/ir26.mjt.lu\/nl2\/ir26\/ln3t4.html?m=AMoAACxKzHAAAcUpR7gAAGlhzzQAASJ_izAAGvFeAAiWKABcV3k2sNqxPr1tT42vF0YznTt93QAIJmg&amp;b=b3ddaaa3&amp;e=f9f2322f&amp;x=1_trRavwbVJr8-5vr4kXXG1CzbZ46XRWvnno1vulJ34\">http:\/\/ir26.mjt.lu\/nl2\/ir26\/ln3t4.html?m=AMoAACxKzHAAAcUpR7gAAGlhzzQAASJ_izAAGvFeAAiWKABcV3k2sNqxPr1tT42vF0YznTt93QAIJmg&amp;b=b3ddaaa3&amp;e=f9f2322f&amp;x=1_trRavwbVJr8-5vr4kXXG1CzbZ46XRWvnno1vulJ34<\/a><\/u><\/p>\n<p><strong>\u00a0<\/strong><\/p>\n<ol start=\"5\">\n<li><span style=\"color: #000080;\"><em><strong> Des lieux pour se r\u00e9chauffer, jouer, se d\u00e9fouler, ensemble<\/strong><\/em><\/span><\/li>\n<\/ol>\n<p><strong>Pour se poser et jouer tranquillement ensemble\u2026<\/strong><\/p>\n<p><u><a href=\"https:\/\/www.citizenkid.com\/article\/top-salons-de-the-pour-gouter-famille-nantes-a1057483\">https:\/\/www.citizenkid.com\/article\/top-salons-de-the-pour-gouter-famille-nantes-a1057483<\/a><\/u><\/p>\n<p><strong>L\u2019Abordage<\/strong>\u00a0 &#8211; Le caf\u00e9 des enfants &#8211; 94 rue de la Ville-en-Pierre<\/p>\n<p>Mercredi, vendredi et samedi de 10h \u00e0 18h30 &#8211; Jeudi de 10h \u00e0 18h30 uniquement pendant les vacances scolaires &#8211; Participation de 7\u20ac \u00e0 60\u20ac par famille et par an &#8211; T\u00e9l. : 02 40 48 71 46<\/p>\n<p>Bus : lignes 11 et 12 &#8211; Arr\u00eat : Dalby<\/p>\n<p>&nbsp;<\/p>\n<p><strong>Pour se d\u00e9fouler<\/strong><\/p>\n<p><u><a href=\"http:\/\/lien.citizenkid.com\/u\/gm.php?prm=eCTjIYXNkD_437585660_2919539_2509\">http:\/\/lien.citizenkid.com\/u\/gm.php?prm=eCTjIYXNkD_437585660_2919539_2509<\/a><\/u><\/p>\n<p><strong>Skate Park<\/strong> du quai des Antilles<\/p>\n<p><strong>Caf\u00e9 Pioche<\/strong>\u00a0(pr\u00e8s de Talensac) <u><a href=\"http:\/\/www.pioche.co\/\">http:\/\/www.pioche.co\/<\/a> <\/u>Boire un verre en jouant \u00e0 des petits jeux de soci\u00e9t\u00e9s sur les tables + Salles de jeux coop\u00e9ratifs (La r\u00e9servation de 3 jeux : 15 \u20ac par personne. Location d\u2019une salle de jeu \u00e0 l\u2019unit\u00e9 sur place (en fonction des disponibilit\u00e9s) : 4\u20ac par personne.)<\/p>\n<p>CORPORE SANO (\u00ab\u00a0tape-lumi\u00e8re\u00a0\u00bb) Encercl\u00e9s par une centaine de cibles, coordonnez-vous pour en d\u00e9sactiver le maximum. 3 modes de jeux originaux.<\/p>\n<p>D\u00c9S\u00c9QUILIBRE (\u00ab\u00a0la-salle-bient\u00f4t-ouverte-et-enfin-ouverte\u00a0\u00bb) Autour d\u2019une balance en \u00e9quilibre, prenez les bonnes d\u00e9cisions pour \u00e9viter la chute.<\/p>\n<p>VOL DE NUIT (\u00ab\u00a0le jeu dans le noir\u00a0\u00bb) Plong\u00e9s dans le noir, communiquez efficacement pour retrouver le maximum d\u2019objets en double.<\/p>\n<p>PHOTO BUNKER (\u00ab\u00a0la salle des costumes\u00a0\u00bb) Dans un incroyable vestiaire, organisez-vous pour reproduire des photos \u00e0 l\u2019identique.<\/p>\n<p>&nbsp;<\/p>\n<p><strong>Et pour toutes nouvelles id\u00e9es, pensez \u00e0 les partager sur notre groupe FaceBook : <\/strong><strong>\u00ab\u00a0Entre Papas Res&rsquo;PPI\u00a0\u00bb\u2026<\/strong><\/p>\n","protected":false},"excerpt":{"rendered":"<p>C&rsquo;\u00e9tait la question trait\u00e9e par les papas durant la soir\u00e9e du 28 mars 2019 , au studio 11\/15 Voici quelques id\u00e9es pour prolonger nos \u00e9changes : \u00a01\u00b0 Des id\u00e9es de sortie en famille Sites qui proposent des sorties en famille \u00e0 Nantes (arts, ateliers, spectacles)\u2026 https:\/\/www.familiscope.fr\/nantes\/\u00a0 https:\/\/www.nantes-tourisme.com\/fr\/sortir-avec-les-enfants http:\/\/rdvludique.fr\/ (un agenda en bas de 1\u00e8re page, [&hellip;]<\/p>\n","protected":false},"author":2,"featured_media":0,"parent":0,"menu_order":0,"comment_status":"closed","ping_status":"closed","template":"","meta":{"footnotes":""},"class_list":["post-1917","page","type-page","status-publish","hentry"],"_links":{"self":[{"href":"https:\/\/www.asso-resppi.fr\/index.php\/wp-json\/wp\/v2\/pages\/1917","targetHints":{"allow":["GET"]}}],"collection":[{"href":"https:\/\/www.asso-resppi.fr\/index.php\/wp-json\/wp\/v2\/pages"}],"about":[{"href":"https:\/\/www.asso-resppi.fr\/index.php\/wp-json\/wp\/v2\/types\/page"}],"author":[{"embeddable":true,"href":"https:\/\/www.asso-resppi.fr\/index.php\/wp-json\/wp\/v2\/users\/2"}],"replies":[{"embeddable":true,"href":"https:\/\/www.asso-resppi.fr\/index.php\/wp-json\/wp\/v2\/comments?post=1917"}],"version-history":[{"count":3,"href":"https:\/\/www.asso-resppi.fr\/index.php\/wp-json\/wp\/v2\/pages\/1917\/revisions"}],"predecessor-version":[{"id":1920,"href":"https:\/\/www.asso-resppi.fr\/index.php\/wp-json\/wp\/v2\/pages\/1917\/revisions\/1920"}],"wp:attachment":[{"href":"https:\/\/www.asso-resppi.fr\/index.php\/wp-json\/wp\/v2\/media?parent=1917"}],"curies":[{"name":"wp","href":"https:\/\/api.w.org\/{rel}","templated":true}]}}