{"id":1941,"date":"2020-02-23T17:22:20","date_gmt":"2020-02-23T16:22:20","guid":{"rendered":"https:\/\/www.asso-resppi.fr\/?page_id=1941"},"modified":"2020-02-23T17:22:20","modified_gmt":"2020-02-23T16:22:20","slug":"quel-role-quelle-place-pour-le-beau-parent-dans-une-famille-recomposee","status":"publish","type":"page","link":"https:\/\/www.asso-resppi.fr\/index.php\/quel-role-quelle-place-pour-le-beau-parent-dans-une-famille-recomposee\/","title":{"rendered":"Quel r\u00f4le, quelle place pour le \u00ab beau-parent \u00bb dans une famille recompos\u00e9e ?"},"content":{"rendered":"<p>Que r\u00e9pondre \u00e0 \u00ab T\u2019es pas mon p\u00e8re ? \u00bb ou \u00ab T\u2019es pas ma m\u00e8re ? \u00bb. Quelle place quel r\u00f4le ai-je envie de prendre ? Quelle place, quel r\u00f4le me laisse-t-on prendre ? Quelle place quel r\u00f4le ai-je d\u00e9j\u00e0 pris ? De nombreuses questions qui se posent pour un beau-parent\u2026 Quelle place laisser \u00e0 mon (ma)nouveau(nouvelle) conjoint(e) ?<\/p>\n<p>Une s\u00e9rie de questions abord\u00e9es au cours de la derni\u00e8re rencontre \u00ab\u00a0Entre-Parents\u00a0\u00bb de l&rsquo;ann\u00e9e 2019 !<\/p>\n<p><strong>Quelques vid\u00e9os pour \u00e9voquer le sujet : <\/strong><\/p>\n<ul>\n<li><em><strong>Sur la place du beau-p\u00e8re (T\u00e9l\u00e9matin 5\u201936 assez large sur les questions \u00ab\u00a0int\u00e9ressant\u00a0\u00bb) <\/strong><a href=\"https:\/\/www.youtube.com\/watch?v=FTRP-FUcdTE\">https:\/\/www.youtube.com\/watch?v=FTRP-FUcdTE<\/a><\/em><\/li>\n<li><em><strong>Beau-p\u00e8re, belle-m\u00e8re, un r\u00f4le pas toujours facile&#8230; (RTBF d\u00e9marrer \u00e0 1\u201930 jusqu\u2019\u00e0 8\u2019) : <\/strong><u><a href=\"https:\/\/www.youtube.com\/watch?v=RquRBoZ2KtI\">https:\/\/www.youtube.com\/watch?v=RquRBoZ2KtI<\/a><\/u><\/em><\/li>\n<li><em><strong>Pr\u00e9senter son nouveau conjoint \u00e0 ses enfants (Comment \u00e7a va bien ? 6\u201924) <\/strong><\/em><u><a href=\"https:\/\/www.youtube.com\/watch?v=8zQ57jcMaCE\">https:\/\/www.youtube.com\/watch?v=8zQ57jcMaCE<\/a><\/u><\/li>\n<\/ul>\n<h3><span style=\"color: #993366;\"><strong>Et pour aller plus loin :<\/strong><\/span><\/h3>\n<p><em><span style=\"color: #333399;\"><strong>Bibliographie\u00a0:<\/strong><\/span><\/em><\/p>\n<ul>\n<li><strong>\u00ab\u00a0Comment t\u2019aimer toi et tes enfants\u00a0\u00bb<\/strong> de Christophe Faur\u00e9 (Albin Michel) Ouvrage de r\u00e9f\u00e9rence pour savoir comment construire son couple recompos\u00e9 de fa\u00e7on harmonieuse et d\u00e9finir sa position \u00e0 adopter face \u00e0 l\u2019enfant de son conjoint.<\/li>\n<li><strong>\u00ab\u00a0Les familles mosa\u00efques\u00a0\u00bb<\/strong> Claire Gabar et Francis Th\u00e9odore (Nathan)\u00a0: Un guide \u00e0 l\u2019attention des familles qui se d\u00e9font puis se recomposent, pour les aider \u00e0 garder un certain \u00e9quilibre et \u00e0 pr\u00e9server le bien-\u00eatre des enfants.<\/li>\n<li><strong>\u00ab\u00a0Dr\u00f4le de familles\u00a0\u00bb<\/strong> de Marie-Dominique et Th\u00e9o Linder (Hachette)\u00a0: En s\u2019appuyant sur des exp\u00e9riences v\u00e9cues, cet ouvrage, accessible \u00e0 tout public, permet de comprendre les r\u00e9seaux de relations qui caract\u00e9risent les nouvelles familles.<\/li>\n<li><strong>\u00ab\u00a0Etre parent, \u00eatre beau-parent\u00a0\u00bb<\/strong> de Sylvie Cadolle\u00a0(Odile Jacob) : Les r\u00e9sultats d\u2019une enqu\u00eate large.<\/li>\n<li><strong>\u00ab\u00a0Beau-p\u00e8re quelle aventure\u00a0!\u00a0\u00bb <\/strong>de Mich\u00e8le Gaubert(Payot Psy) Cf. vid\u00e9o t\u00e9l\u00e9matin qui le pr\u00e9sente<\/li>\n<\/ul>\n<p><em><span style=\"color: #333399;\"><strong>Quelques vid\u00e9os courtes, pratiques et int\u00e9ressantes\u00a0:<\/strong><\/span><\/em><\/p>\n<p><strong>Quand pr\u00e9senter ses enfants apr\u00e8s une rencontre ?<\/strong> &#8211; Alexandre Cormont-Coach &#8211; 5\u201950<\/p>\n<p><a href=\"https:\/\/www.youtube.com\/watch?v=9wf4OX1Tmdk\">https:\/\/www.youtube.com\/watch?v=9wf4OX1Tmdk<\/a><\/p>\n<p>Il interroge Miali Alexandra \u2013 Blog La nouvelle maman solo<\/p>\n<p><strong>Nouveau conjoint: L&rsquo;annoncer \u00e0 ses enfants<\/strong> &#8211; Uni Edition- CQFP \u2013 2\u201906<\/p>\n<p><a href=\"https:\/\/www.youtube.com\/watch?v=8BddRaIOOQw\">https:\/\/www.youtube.com\/watch?v=8BddRaIOOQw<\/a><\/p>\n<p><strong>Vivre avec ses beaux enfants : Les difficult\u00e9s !<\/strong> &#8211; Uni Edition- CQFP \u2013 2\u201947<\/p>\n<p><u><a href=\"https:\/\/www.youtube.com\/watch?v=D_eyYdOXfe4\">https:\/\/www.youtube.com\/watch?v=D_eyYdOXfe4<\/a><\/u><\/p>\n<p><strong>Mamans ! &#8211; Famille recompos\u00e9e : t\u00e9moignages<\/strong> \u2013 Emission \u00ab\u00a0Mamans\u00a0\u00bb \u2013 7\u201937<\/p>\n<p><u><a href=\"https:\/\/www.youtube.com\/watch?v=zrrX2HoIXrY\">https:\/\/www.youtube.com\/watch?v=zrrX2HoIXrY<\/a><\/u><\/p>\n<p>T\u00e9moignages de 2 mamans en famille recompos\u00e9e<\/p>\n<p><strong>Les d\u00e9fis de la famille recompos\u00e9e<\/strong> \u2013 Benoit Clotteau Th\u00e9rapeute familial \u00e0 Montr\u00e9al &#8211; IFACEF \u2013 13\u201917<\/p>\n<p><u><a href=\"https:\/\/www.youtube.com\/watch?v=_z7QAhgri8I\">https:\/\/www.youtube.com\/watch?v=_z7QAhgri8I<\/a><\/u><\/p>\n<p>Redonner une place au couple dans la famille recompos\u00e9e, accepter les pertes et valoriser les gains, recr\u00e9er des rituels\u2026<\/p>\n<p><strong>L&rsquo;art d\u00e9licat de la famille recompos\u00e9e<\/strong> &#8211; <a href=\"http:\/\/www.terreducation.com\">www.terreducation.com<\/a> \u2013 Emission TSUP \u2013 4\u201930<\/p>\n<p><u><a href=\"https:\/\/www.youtube.com\/watch?v=coxlOtMtUcQ\">https:\/\/www.youtube.com\/watch?v=coxlOtMtUcQ<\/a><\/u><\/p>\n<p>Sur les places \u00e0 prendre\u00a0: amoureux(se), le conjoint(e), r\u00e9f\u00e9rent(e) \u00e9ducatif, confident<\/p>\n<p>&nbsp;<\/p>\n","protected":false},"excerpt":{"rendered":"<p>Que r\u00e9pondre \u00e0 \u00ab T\u2019es pas mon p\u00e8re ? \u00bb ou \u00ab T\u2019es pas ma m\u00e8re ? \u00bb. Quelle place quel r\u00f4le ai-je envie de prendre ? Quelle place, quel r\u00f4le me laisse-t-on prendre ? Quelle place quel r\u00f4le ai-je d\u00e9j\u00e0 pris ? De nombreuses questions qui se posent pour un beau-parent\u2026 Quelle place laisser [&hellip;]<\/p>\n","protected":false},"author":2,"featured_media":1943,"parent":0,"menu_order":0,"comment_status":"closed","ping_status":"closed","template":"","meta":{"footnotes":""},"class_list":["post-1941","page","type-page","status-publish","has-post-thumbnail","hentry"],"_links":{"self":[{"href":"https:\/\/www.asso-resppi.fr\/index.php\/wp-json\/wp\/v2\/pages\/1941","targetHints":{"allow":["GET"]}}],"collection":[{"href":"https:\/\/www.asso-resppi.fr\/index.php\/wp-json\/wp\/v2\/pages"}],"about":[{"href":"https:\/\/www.asso-resppi.fr\/index.php\/wp-json\/wp\/v2\/types\/page"}],"author":[{"embeddable":true,"href":"https:\/\/www.asso-resppi.fr\/index.php\/wp-json\/wp\/v2\/users\/2"}],"replies":[{"embeddable":true,"href":"https:\/\/www.asso-resppi.fr\/index.php\/wp-json\/wp\/v2\/comments?post=1941"}],"version-history":[{"count":1,"href":"https:\/\/www.asso-resppi.fr\/index.php\/wp-json\/wp\/v2\/pages\/1941\/revisions"}],"predecessor-version":[{"id":1942,"href":"https:\/\/www.asso-resppi.fr\/index.php\/wp-json\/wp\/v2\/pages\/1941\/revisions\/1942"}],"wp:featuredmedia":[{"embeddable":true,"href":"https:\/\/www.asso-resppi.fr\/index.php\/wp-json\/wp\/v2\/media\/1943"}],"wp:attachment":[{"href":"https:\/\/www.asso-resppi.fr\/index.php\/wp-json\/wp\/v2\/media?parent=1941"}],"curies":[{"name":"wp","href":"https:\/\/api.w.org\/{rel}","templated":true}]}}