{"id":198,"date":"2018-01-26T20:43:53","date_gmt":"2018-01-26T19:43:53","guid":{"rendered":"https:\/\/www.asso-resppi.fr\/?page_id=198"},"modified":"2018-04-17T20:58:13","modified_gmt":"2018-04-17T18:58:13","slug":"nos-marraines","status":"publish","type":"page","link":"https:\/\/www.asso-resppi.fr\/index.php\/notre-asso\/nos-marraines\/","title":{"rendered":"Nos marraines"},"content":{"rendered":"<h2><strong><img loading=\"lazy\" decoding=\"async\" class=\"size-full wp-image-71 alignright\" src=\"https:\/\/www.asso-resppi.fr\/wp-content\/uploads\/2018\/01\/Mitsiko-MILLER.jpg\" alt=\"\" width=\"147\" height=\"147\" \/>Mistsiko MILLER : <\/strong>Coach certifi\u00e9e et m\u00e8re parfaitement <em>imparfaite<\/em> de deux maitres zen.<\/h2>\n<p>Mitsiko cumule plus de 10 ans d\u2019exp\u00e9rience en d\u00e9veloppement personnel et dans l\u2019accompagnement de parents. Elle offre des outils pour vivre l\u2019harmonie et communiquer <em>collaborativement<\/em> pour le mieux-\u00eatre des familles et de tous collectifs. Son blogue <a href=\"https:\/\/familleharmonie.com\/\">\u00ab\u00a0Projet Famille en harmonie\u00a0\u00bb<\/a> a \u00e9t\u00e9 choisi par la revue fran\u00e7aise, <em>Marie-France<\/em>, comme \u00e9tant parmi les 10 meilleures r\u00e9f\u00e9rences sur l\u2019\u00e9ducation bienveillante. On peut lire ses articles dans :\u00a0 Montr\u00e9al pour enfants, Parents \u00e0 parents, Oh! B\u00e9b\u00e9, Moment pr\u00e9sent, Parents \u00e9clair\u00e9s et Mamans Zen.\u00a0 Mitsiko a particip\u00e9 \u00e0 plusieurs ann\u00e9es de formation en communication non-violente.Elle pratique cette approche au quotidien depuis une d\u00e9cennie et y int\u00e8gre des \u00e9l\u00e9ments de pleine conscience et de Focusing IRF. Mitsiko est gradu\u00e9e de la formation \u00ab Familles en paix \u00bb du Centre de la Communication NonViolente (Peer Parenting Leadership Program) d\u00e9velopp\u00e9e par Inbal Kashtan pour partager la Communication Non-violente aupr\u00e8s des familles.\u00a0\u00bb<\/p>\n<p>Mitsiko a\u00a0 \u00e9t\u00e9 sollicit\u00e9e pour accompagner les parents ressources de Res&rsquo;PPI, dans <strong>les apprentissages relevant de l&rsquo;\u00e9coute empathique et la communication collaborative.<\/strong><\/p>\n<p>&nbsp;<\/p>\n<h2><img loading=\"lazy\" decoding=\"async\" class=\"wp-image-72 alignleft\" src=\"https:\/\/www.asso-resppi.fr\/wp-content\/uploads\/2018\/01\/CBarras-300x275.png\" alt=\"\" width=\"143\" height=\"131\" srcset=\"https:\/\/www.asso-resppi.fr\/wp-content\/uploads\/2018\/01\/CBarras-300x275.png 300w, https:\/\/www.asso-resppi.fr\/wp-content\/uploads\/2018\/01\/CBarras-768x705.png 768w, https:\/\/www.asso-resppi.fr\/wp-content\/uploads\/2018\/01\/CBarras-1024x940.png 1024w, https:\/\/www.asso-resppi.fr\/wp-content\/uploads\/2018\/01\/CBarras.png 1436w\" sizes=\"auto, (max-width: 143px) 100vw, 143px\" \/><\/h2>\n<h2>\u00a0C<strong>hristine BARRAS : <\/strong>Chercheuse, formatrice et consultante en promotion de la sant\u00e9 et dans le domaine du soutien \u00e0 la parentalit\u00e9.<\/h2>\n<p>Apr\u00e8s son parcours de chercheuse en sciences psychop\u00e9dagogiques \u00e0 l\u2019Universit\u00e9 de Mons, puis en sant\u00e9 publique \u00e0 l\u2019Universit\u00e9 de Louvain, elle m\u00e8ne aujourd\u2019hui des interventions aupr\u00e8s de familles confront\u00e9es \u00e0 des difficult\u00e9s \u00e9ducatives et accompagne les professionnels travaillant au contact des familles. En 2009, elle publie<em><strong> \u00ab\u00a0Les groupes de parole pour les parents. Comment d\u00e9velopper ses comp\u00e9tences parentales sans le recours \u00e0 un expert\u00a0\u00bb<\/strong> <\/em>(Bruxelles, De Boeck) puis, en 2011, \u00ab\u00a0<em>Sociologie de la fess\u00e9e\u00a0\u00bb<\/em>. R\u00e9flexion sur la violence ordinaire dans la famille (Gen\u00e8ve, Eclectica). En 2014, elle analyse des textes d\u2019adolescents dans un ouvrage intitul\u00e9 \u00ab\u00a0<em>On est trop s\u00e9rieux quand on a quinze ans\u00a0\u00bb<\/em>. Des jeunes \u00e9crivent sur la mort, l\u2019amour et la vie (Vevey, L\u2019Aire).<\/p>\n<p>Christine a \u00e9t\u00e9 sollicit\u00e9e pour accompagner les parents ressources de Res&rsquo;PPI, dans <strong>les apprentissages relevant de la constitution et de l&rsquo;animation de groupe d&rsquo;expression (de parole) entre pairs<\/strong>.<\/p>\n<p>Pourquoi est-elle Marraine du Res&rsquo;PPI ?<\/p>\n<p><a href=\"https:\/\/www.youtube.com\/watch?v=IfrFtLFMeXU\">cliquer ici<\/a> pour retrouver son interview<\/p>\n","protected":false},"excerpt":{"rendered":"<p>Mistsiko MILLER : Coach certifi\u00e9e et m\u00e8re parfaitement imparfaite de deux maitres zen. Mitsiko cumule plus de 10 ans d\u2019exp\u00e9rience en d\u00e9veloppement personnel et dans l\u2019accompagnement de parents. Elle offre des outils pour vivre l\u2019harmonie et communiquer collaborativement pour le mieux-\u00eatre des familles et de tous collectifs. Son blogue \u00ab\u00a0Projet Famille en harmonie\u00a0\u00bb a \u00e9t\u00e9 [&hellip;]<\/p>\n","protected":false},"author":3,"featured_media":0,"parent":182,"menu_order":0,"comment_status":"closed","ping_status":"closed","template":"","meta":{"footnotes":""},"class_list":["post-198","page","type-page","status-publish","hentry"],"_links":{"self":[{"href":"https:\/\/www.asso-resppi.fr\/index.php\/wp-json\/wp\/v2\/pages\/198","targetHints":{"allow":["GET"]}}],"collection":[{"href":"https:\/\/www.asso-resppi.fr\/index.php\/wp-json\/wp\/v2\/pages"}],"about":[{"href":"https:\/\/www.asso-resppi.fr\/index.php\/wp-json\/wp\/v2\/types\/page"}],"author":[{"embeddable":true,"href":"https:\/\/www.asso-resppi.fr\/index.php\/wp-json\/wp\/v2\/users\/3"}],"replies":[{"embeddable":true,"href":"https:\/\/www.asso-resppi.fr\/index.php\/wp-json\/wp\/v2\/comments?post=198"}],"version-history":[{"count":3,"href":"https:\/\/www.asso-resppi.fr\/index.php\/wp-json\/wp\/v2\/pages\/198\/revisions"}],"predecessor-version":[{"id":425,"href":"https:\/\/www.asso-resppi.fr\/index.php\/wp-json\/wp\/v2\/pages\/198\/revisions\/425"}],"up":[{"embeddable":true,"href":"https:\/\/www.asso-resppi.fr\/index.php\/wp-json\/wp\/v2\/pages\/182"}],"wp:attachment":[{"href":"https:\/\/www.asso-resppi.fr\/index.php\/wp-json\/wp\/v2\/media?parent=198"}],"curies":[{"name":"wp","href":"https:\/\/api.w.org\/{rel}","templated":true}]}}