{"id":1986,"date":"2020-08-22T16:12:59","date_gmt":"2020-08-22T14:12:59","guid":{"rendered":"https:\/\/www.asso-resppi.fr\/?page_id=1986"},"modified":"2022-09-08T14:39:31","modified_gmt":"2022-09-08T12:39:31","slug":"la-tribu-des-grands-parents","status":"publish","type":"page","link":"https:\/\/www.asso-resppi.fr\/index.php\/la-tribu-des-grands-parents\/","title":{"rendered":"La Tribu des grands-parents"},"content":{"rendered":"<h3><em><span style=\"color: #800080;\"><strong>C&rsquo;est quoi ?<\/strong><\/span><\/em><\/h3>\n<p>Un cycle de rencontres entre parents qui partagent une m\u00eame r\u00e9alit\u00e9, <strong><em>celle de grands parents !<\/em><\/strong><\/p>\n<p>C&rsquo;est un temps pour \u00e9voquer entre nous, notre place aupr\u00e8s des petits-enfants, notre r\u00f4le dans la transmission familiale, etc&#8230;<\/p>\n<h3><strong><span style=\"color: #800080;\"><em>Qui les animent ? <\/em><\/span><\/strong><strong>\u00a0\u00a0\u00a0\u00a0\u00a0\u00a0\u00a0\u00a0\u00a0\u00a0\u00a0\u00a0\u00a0\u00a0\u00a0\u00a0\u00a0\u00a0\u00a0\u00a0\u00a0\u00a0\u00a0\u00a0\u00a0\u00a0\u00a0\u00a0\u00a0\u00a0\u00a0\u00a0\u00a0\u00a0\u00a0\u00a0\u00a0\u00a0\u00a0\u00a0\u00a0\u00a0\u00a0\u00a0\u00a0\u00a0\u00a0\u00a0\u00a0\u00a0\u00a0\u00a0\u00a0\u00a0\u00a0\u00a0\u00a0\u00a0\u00a0\u00a0\u00a0\u00a0\u00a0\u00a0\u00a0\u00a0\u00a0\u00a0\u00a0\u00a0\u00a0\u00a0\u00a0\u00a0\u00a0\u00a0\u00a0\u00a0\u00a0\u00a0\u00a0\u00a0\u00a0\u00a0\u00a0\u00a0\u00a0\u00a0\u00a0\u00a0\u00a0\u00a0\u00a0\u00a0\u00a0\u00a0\u00a0\u00a0\u00a0\u00a0\u00a0 <\/strong><\/h3>\n<p>Des <strong><em>\u00ab\u00a0grands parents ressources\u00a0\u00bb<\/em><\/strong> b\u00e9n\u00e9voles \u00e0 <strong><em>Res&rsquo;PPI<\/em><\/strong>, form\u00e9s \u00e0 l&rsquo;\u00e9coute active et bienveillante, et \u00e0 l&rsquo;animation de groupes d&rsquo;\u00e9changes entre pairs.<\/p>\n<h3><span style=\"color: #800080;\"><em><strong>\u00a0<\/strong><strong>De quoi parle-t-on ?<\/strong><\/em><\/span><\/h3>\n<p>Les questions et sujets\u00a0 abord\u00e9s sont propos\u00e9s par les grands parents qui s&rsquo;inscrivent au cycle des rencontres. Chacun peut \u00e9voquer son v\u00e9cu, ses propres difficult\u00e9s et parfois les retrouver chez d&rsquo;autres participants. <strong><em>On y\u00a0 apprend des autres autant que de soi-m\u00eame !<\/em><\/strong><\/p>\n<h3><em><strong><span style=\"color: #800080;\"><a href=\"https:\/\/www.asso-resppi.fr\/index.php\/la-tribu-des-grands-parents\/flyers-semestre-gp\/\" rel=\"attachment wp-att-2272\"><img loading=\"lazy\" decoding=\"async\" class=\"size-medium wp-image-2272 alignright\" src=\"https:\/\/www.asso-resppi.fr\/wp-content\/uploads\/2022\/09\/flyers-semestre-GP-212x300.jpg\" alt=\"\" width=\"212\" height=\"300\" srcset=\"https:\/\/www.asso-resppi.fr\/wp-content\/uploads\/2022\/09\/flyers-semestre-GP-212x300.jpg 212w, https:\/\/www.asso-resppi.fr\/wp-content\/uploads\/2022\/09\/flyers-semestre-GP-724x1024.jpg 724w, https:\/\/www.asso-resppi.fr\/wp-content\/uploads\/2022\/09\/flyers-semestre-GP-768x1086.jpg 768w, https:\/\/www.asso-resppi.fr\/wp-content\/uploads\/2022\/09\/flyers-semestre-GP-1086x1536.jpg 1086w, https:\/\/www.asso-resppi.fr\/wp-content\/uploads\/2022\/09\/flyers-semestre-GP.jpg 1414w\" sizes=\"auto, (max-width: 212px) 100vw, 212px\" \/><\/a>Comment c&rsquo;est organis\u00e9 ? <\/span> <\/strong><\/em><\/h3>\n<p>Selon un cycle de <strong>4 \u00e0 5 rencontres mensuelles <\/strong>qui permettent :<\/p>\n<ul>\n<li>un recueil de <strong>questions partag\u00e9es par les grands parents, <\/strong>class\u00e9es par priorit\u00e9,<\/li>\n<li>le <strong>traitement collectif d&rsquo;une question<\/strong> par s\u00e9ance sur les 3 ou 4 s\u00e9ances suivantes,<\/li>\n<li>la <strong>r\u00e9daction d&rsquo;une fiche de synth\u00e8se<\/strong> r\u00e9capitulant le contenu des \u00e9changes et les ressources identifi\u00e9es pour agir. Cette fiche sert \u00e0 garder le lien entre les participants (pr\u00e9sents ou pas).<\/li>\n<li>le cycle est cl\u00f4tur\u00e9 par <strong>une s\u00e9ance bilan<\/strong>, pour faire le point et envisager la poursuite (ou non) de la r\u00e9flexion collective. Cette s\u00e9ance est ouverte \u00e0 de nouveaux grands parents coopt\u00e9s ou inscrits.<\/li>\n<\/ul>\n<p><strong>Dur\u00e9e : 2 heures <\/strong>entre 10h00 et 12h00<\/p>\n<h3><em><span style=\"color: #800080;\"><strong>O\u00f9 \u00e7a se passe ?<\/strong><\/span><\/em><\/h3>\n<table>\n<tbody>\n<tr>\n<td width=\"349\"><strong>Maison de quartier Madeleine Champ de Mars\u00a0\u00a0 <\/strong><\/p>\n<p><strong>22 rue Emile P\u00e9hant \u2013 Nantes<\/strong><\/td>\n<td width=\"349\">\uf076Ligne C2, C3, C5\u00a0: arr\u00eat Monteil<\/p>\n<p>\uf075Ligne 2\u00a0: arr\u00eat H\u00f4tel Dieu<\/td>\n<\/tr>\n<\/tbody>\n<\/table>\n<h3><span style=\"color: #800080;\"><em><strong>\u00a0<\/strong><\/em><strong><em>Comment y participer\u00a0?\u00a0<\/em> <\/strong><\/span><\/h3>\n<p>Ces rencontres sont <strong><em>gratuites<\/em><\/strong> et organis\u00e9es en <strong><em>petit gro<\/em>upe<\/strong> (6 \u00e0 8 participants) pour faciliter les \u00e9changes et l&rsquo;\u00e9coute mutuelle, et <span style=\"color: #ff0000;\"><strong><u>dans le respect des mesures sanitaires en vigueur.<\/u><\/strong><\/span><\/p>\n<h3><em><span style=\"color: #800080;\"><strong>Comment s\u2019inscrire\u00a0?<\/strong><\/span><\/em><\/h3>\n<ul>\n<li>Remplir le Bulletin d&rsquo;Inscription ci-dessous<\/li>\n<li>Par messagerie : <a href=\"mailto:asso.resppi@gmail.com\">mharbonn@wanadoo.fr<\/a><\/li>\n<li>Par SMS : 06 87 24 11 50<\/li>\n<\/ul>\n<p>[wpforms id=\u00a0\u00bb2000&Prime; title=\u00a0\u00bbtrue\u00a0\u00bb]<\/p>\n","protected":false},"excerpt":{"rendered":"<p>C&rsquo;est quoi ? Un cycle de rencontres entre parents qui partagent une m\u00eame r\u00e9alit\u00e9, celle de grands parents ! C&rsquo;est un temps pour \u00e9voquer entre nous, notre place aupr\u00e8s des petits-enfants, notre r\u00f4le dans la transmission familiale, etc&#8230; Qui les animent ? \u00a0\u00a0\u00a0\u00a0\u00a0\u00a0\u00a0\u00a0\u00a0\u00a0\u00a0\u00a0\u00a0\u00a0\u00a0\u00a0\u00a0\u00a0\u00a0\u00a0\u00a0\u00a0\u00a0\u00a0\u00a0\u00a0\u00a0\u00a0\u00a0\u00a0\u00a0\u00a0\u00a0\u00a0\u00a0\u00a0\u00a0\u00a0\u00a0\u00a0\u00a0\u00a0\u00a0\u00a0\u00a0\u00a0\u00a0\u00a0\u00a0\u00a0\u00a0\u00a0\u00a0\u00a0\u00a0\u00a0\u00a0\u00a0\u00a0\u00a0\u00a0\u00a0\u00a0\u00a0\u00a0\u00a0\u00a0\u00a0\u00a0\u00a0\u00a0\u00a0\u00a0\u00a0\u00a0\u00a0\u00a0\u00a0\u00a0\u00a0\u00a0\u00a0\u00a0\u00a0\u00a0\u00a0\u00a0\u00a0\u00a0\u00a0\u00a0\u00a0\u00a0\u00a0\u00a0\u00a0\u00a0\u00a0\u00a0\u00a0\u00a0 Des \u00ab\u00a0grands parents ressources\u00a0\u00bb b\u00e9n\u00e9voles \u00e0 Res&rsquo;PPI, form\u00e9s \u00e0 l&rsquo;\u00e9coute active et [&hellip;]<\/p>\n","protected":false},"author":2,"featured_media":1990,"parent":0,"menu_order":0,"comment_status":"closed","ping_status":"closed","template":"","meta":{"footnotes":""},"class_list":["post-1986","page","type-page","status-publish","has-post-thumbnail","hentry"],"_links":{"self":[{"href":"https:\/\/www.asso-resppi.fr\/index.php\/wp-json\/wp\/v2\/pages\/1986","targetHints":{"allow":["GET"]}}],"collection":[{"href":"https:\/\/www.asso-resppi.fr\/index.php\/wp-json\/wp\/v2\/pages"}],"about":[{"href":"https:\/\/www.asso-resppi.fr\/index.php\/wp-json\/wp\/v2\/types\/page"}],"author":[{"embeddable":true,"href":"https:\/\/www.asso-resppi.fr\/index.php\/wp-json\/wp\/v2\/users\/2"}],"replies":[{"embeddable":true,"href":"https:\/\/www.asso-resppi.fr\/index.php\/wp-json\/wp\/v2\/comments?post=1986"}],"version-history":[{"count":19,"href":"https:\/\/www.asso-resppi.fr\/index.php\/wp-json\/wp\/v2\/pages\/1986\/revisions"}],"predecessor-version":[{"id":2273,"href":"https:\/\/www.asso-resppi.fr\/index.php\/wp-json\/wp\/v2\/pages\/1986\/revisions\/2273"}],"wp:featuredmedia":[{"embeddable":true,"href":"https:\/\/www.asso-resppi.fr\/index.php\/wp-json\/wp\/v2\/media\/1990"}],"wp:attachment":[{"href":"https:\/\/www.asso-resppi.fr\/index.php\/wp-json\/wp\/v2\/media?parent=1986"}],"curies":[{"name":"wp","href":"https:\/\/api.w.org\/{rel}","templated":true}]}}