{"id":2049,"date":"2020-10-17T18:32:19","date_gmt":"2020-10-17T16:32:19","guid":{"rendered":"https:\/\/www.asso-resppi.fr\/?page_id=2049"},"modified":"2020-10-17T18:46:40","modified_gmt":"2020-10-17T16:46:40","slug":"quelle-place-pour-les-grands-parents-aujourdhui","status":"publish","type":"page","link":"https:\/\/www.asso-resppi.fr\/index.php\/quelle-place-pour-les-grands-parents-aujourdhui\/","title":{"rendered":"Quelle place pour les grands parents, aujourd&rsquo;hui ?"},"content":{"rendered":"<h3><em>La famille a chang\u00e9 : elle se s\u00e9pare et se recompose, se forme et se reforme. <\/em><\/h3>\n<p><em>Les grands-parents, encore actifs ou non, restent pour leurs petits-enfants, un rep\u00e8re essentiel. Ils les inscrivent dans une lign\u00e9e, t\u00e9moignent du fait que leurs propres parents ont \u00e9t\u00e9 eux-m\u00eames des enfants et sont souvent des recours en cas de crises.<\/em><\/p>\n<p><em>Mais comment assurer cette fonction de stabilit\u00e9, de transmission, quand on est soi-m\u00eame tr\u00e8s occup\u00e9 ou loin de ses petits-enfants ? <\/em><\/p>\n<p><em>Comment se situer \u00e0 une juste place pour ne pas \u00eatre intrusif ni se substituer aux parents ? <\/em><\/p>\n<p><em>Que faire en cas de conflit ? <\/em><\/p>\n<p><em>Comment trouver la bonne distance lorsque l\u2019on on a des \u00ab beaux-petits-enfants \u00bb ou quand ce sont les enfants qui ont des \u00ab\u00a0beaux-enfants\u00a0\u00bb ?<\/em><\/p>\n<h3><em>La place des grands parents \u00e9volue aussi avec le temps !<\/em><\/h3>\n<p>Devenir Grands-parents, appara\u00eet pour certains d&rsquo;entre nous, comme une suite logique \u00e0 nos parcours personnels, une \u00e9tape nouvelle qui vient nous apporter un surcro\u00eet de sens \u00e0 nos vies !<\/p>\n<p>Pour d&rsquo;autres, c&rsquo;est plus compliqu\u00e9\u00a0 et\u00a0 certains sombrent dans un gouffre de questionnements, tant vis \u00e0 vis d&rsquo;eux-m\u00eames que de leurs propres enfants.<\/p>\n<p>C&rsquo;est pour partager nos exp\u00e9riences de grands parents, \u00e9voquer le lien affectif et pr\u00e9cieux qui nous lie \u00e0 nos enfants et petits enfants,\u00a0 que nous avons d\u00e9cid\u00e9 de lancer ce groupe de parole entre pairs.<\/p>\n<p>Fran\u00e7oise et Josette, deux mamans et mamies parfaitement imparfaites du Res&rsquo;PPI, ont t\u00e9moign\u00e9 de l&rsquo;int\u00e9r\u00eat \u00e0 recueillir la parole des grands parents, sur le plateau de l\u2019\u00e9mission \u00ab\u00a0Ensemble c&rsquo;est mieux\u00a0\u00bb anim\u00e9e par Ahlam NOUSSAIR sur France , le 12 octobre dernier.<\/p>\n<p>Pour acc\u00e9der et\/ou t\u00e9l\u00e9charger l&rsquo;\u00e9mission cliquer <a href=\"https:\/\/drive.google.com\/file\/d\/1msWAOOtxOrdiKnMDebY_9rMfPNIRktnL\/view?usp=sharing\">ICI<\/a><\/p>\n","protected":false},"excerpt":{"rendered":"<p>La famille a chang\u00e9 : elle se s\u00e9pare et se recompose, se forme et se reforme. Les grands-parents, encore actifs ou non, restent pour leurs petits-enfants, un rep\u00e8re essentiel. Ils les inscrivent dans une lign\u00e9e, t\u00e9moignent du fait que leurs propres parents ont \u00e9t\u00e9 eux-m\u00eames des enfants et sont souvent des recours en cas de [&hellip;]<\/p>\n","protected":false},"author":2,"featured_media":2052,"parent":0,"menu_order":0,"comment_status":"closed","ping_status":"closed","template":"","meta":{"footnotes":""},"class_list":["post-2049","page","type-page","status-publish","has-post-thumbnail","hentry"],"_links":{"self":[{"href":"https:\/\/www.asso-resppi.fr\/index.php\/wp-json\/wp\/v2\/pages\/2049","targetHints":{"allow":["GET"]}}],"collection":[{"href":"https:\/\/www.asso-resppi.fr\/index.php\/wp-json\/wp\/v2\/pages"}],"about":[{"href":"https:\/\/www.asso-resppi.fr\/index.php\/wp-json\/wp\/v2\/types\/page"}],"author":[{"embeddable":true,"href":"https:\/\/www.asso-resppi.fr\/index.php\/wp-json\/wp\/v2\/users\/2"}],"replies":[{"embeddable":true,"href":"https:\/\/www.asso-resppi.fr\/index.php\/wp-json\/wp\/v2\/comments?post=2049"}],"version-history":[{"count":6,"href":"https:\/\/www.asso-resppi.fr\/index.php\/wp-json\/wp\/v2\/pages\/2049\/revisions"}],"predecessor-version":[{"id":2058,"href":"https:\/\/www.asso-resppi.fr\/index.php\/wp-json\/wp\/v2\/pages\/2049\/revisions\/2058"}],"wp:featuredmedia":[{"embeddable":true,"href":"https:\/\/www.asso-resppi.fr\/index.php\/wp-json\/wp\/v2\/media\/2052"}],"wp:attachment":[{"href":"https:\/\/www.asso-resppi.fr\/index.php\/wp-json\/wp\/v2\/media?parent=2049"}],"curies":[{"name":"wp","href":"https:\/\/api.w.org\/{rel}","templated":true}]}}