{"id":2146,"date":"2021-04-29T12:09:42","date_gmt":"2021-04-29T10:09:42","guid":{"rendered":"https:\/\/www.asso-resppi.fr\/?page_id=2146"},"modified":"2021-04-29T12:09:42","modified_gmt":"2021-04-29T10:09:42","slug":"le-sommeil-de-nos-enfants","status":"publish","type":"page","link":"https:\/\/www.asso-resppi.fr\/index.php\/le-sommeil-de-nos-enfants\/","title":{"rendered":"Le sommeil de nos enfants"},"content":{"rendered":"<h3><em>Allez, tout le monde au lit ! Pas si simple que \u00e7a pour certains enfants !<\/em><\/h3>\n<ul>\n<li><em>Comment les aider \u00e0 mieux s\u2019endormir ? <\/em><em>Quelles routines, quels rituels, peuvent nous aider\u00a0?<\/em><\/li>\n<\/ul>\n<h3><em>Et quand mon enfant dort mal, moi aussi de fait, que faire ?<\/em><\/h3>\n<ul>\n<li>Cauchemars, r\u00e9veils et accidents nocturnes, comment en rep\u00e9rer les causes et comprendre ce qui se passe ?<\/li>\n<\/ul>\n<h3><em>Et nos ados, alors ?<\/em><\/h3>\n<ul>\n<li>Parce qu&rsquo;on ne r\u00e9veille pas un ado qui dort ! Un site \u00e0 d\u00e9couvrir au plus vite, celui de l&rsquo;IREPS : <a href=\"https:\/\/plongeenocturne.org\/\">Plong\u00e9e nocturme<\/a><\/li>\n<\/ul>\n<h3><span style=\"color: #993366;\">Voici ci-dessous, pour aller plus loin, quelques ressources rep\u00e9r\u00e9es par les parents au fil des rencontres :<\/span><\/h3>\n<h3><em>Les sites internet \u00e0 consulter\u00a0<\/em><\/h3>\n<p><strong>Un site canadien\u00a0(Qu\u00e9bec) : <\/strong><strong><u><a href=\"about:blank\">http:\/\/www.enfant-encyclop\u00e9die.com<\/a><\/u><\/strong><\/p>\n<ul>\n<li>un dossier d\u00e9di\u00e9 au sommeil :<a href=\"https:\/\/www.asso-resppi.fr\/index.php\/le-sommeil-de-nos-enfants\/bulletinvol7no1mar08fr\/\" rel=\"attachment wp-att-2151\">bulletinvol7no1mar08fr<\/a><\/li>\n<li>un guide pratique \u00ab\u00a0Le sommeil, bien dormir, pour bien grandir\u00a0\u00bb: <a href=\"https:\/\/www.asso-resppi.fr\/index.php\/le-sommeil-de-nos-enfants\/sommeil-info\/\" rel=\"attachment wp-att-2152\">sommeil-info<\/a><\/li>\n<\/ul>\n<p><strong>\u00a0<\/strong><strong>Le site \u00ab\u00a0Na\u00eetre et grandir\u00a0\u00bb<\/strong>\u00a0: <u><a href=\"https:\/\/naitreetgrandir.com\/fr\/etape\/1_3_ans\/soins\/fiche.aspx?doc=ik-naitre-grandir-enfant-sommeil-aider-faire-ses-nuits-dodo\">https:\/\/naitreetgrandir.com\/fr\/etape\/1_3_ans\/soins\/fiche.aspx?doc=ik-naitre-grandir-enfant-sommeil-aider-faire-ses-nuits-dodo<\/a><\/u><\/p>\n<p>Un dossier d\u00e9di\u00e9 plut\u00f4t \u00e0 l\u2019endormissement mais avec des vid\u00e9os (Etapes par \u00e9tape, suivez la routine du coucher)<\/p>\n<p><strong>Le site : <a href=\"http:\/\/www.enfant.com\">www.enfant.com<\/a><\/strong><\/p>\n<p>Endormir son b\u00e9b\u00e9 n\u2019est pas de tout repos\u00a0! Et s\u2019il y avait des astuces\u00a0?<\/p>\n<p>Sur YouTube des parents postent leur technique \u00ab infaillible \u00bb : La technique n\u00e9o-z\u00e9landaise pour en sourire. Technique de\u00a0l&rsquo;hypnotiseur, du train Tchou-Tchou, du jeu d&rsquo;acteur\u2026 \u00a0<u><a href=\"https:\/\/www.youtube.com\/user\/watsojg1\/featured\">How to dad<\/a><\/u>, ce papa n\u00e9o-z\u00e9landais nous prouve par A + B qu&rsquo;il existe bien des techniques pour endormir b\u00e9b\u00e9\u2026 mais que toutes ne fonctionnent pas avec le m\u00eame r\u00e9sultat. <a href=\"https:\/\/www.youtube.com\/watch?v=UiHrA1Si0Gw\">https:\/\/www.youtube.com\/watch?v=UiHrA1Si0Gw<\/a><\/p>\n<p><strong>La Maison des Maternelles et des Parents\u00a0:<\/strong><\/p>\n<p>Comment aider mon enfant \u00e0 se coucher seul et apais\u00e9\u00a0? <a href=\"https:\/\/www.youtube.com\/watch?v=p8YFDkMCX7g\">https:\/\/www.youtube.com\/watch?v=p8YFDkMCX7g<\/a><\/p>\n<p>Mon enfant ne veut pas aller se coucher. <a href=\"https:\/\/www.youtube.com\/watch?v=wkwVY0zInRI\">https:\/\/www.youtube.com\/watch?v=wkwVY0zInRI<\/a><strong>.<\/strong><\/p>\n<h3><em><strong>\u00a0Petite bibliographie :\u00a0<\/strong><\/em><\/h3>\n<ul>\n<li><strong>Huiles essentielles sp\u00e9cial enfants :\u00a0<\/strong>Dani\u00e8le FESTY- \u00a0Editions Le duc<\/li>\n<li><strong>Petites peurs ou grosses terreurs \u00ab\u00a0apaiser son enfant pour l\u2019aider \u00e0 grandir\u00a0\u00bb <\/strong>Peur du noir, de l\u2019\u00e9cole, des grands, de dormir, des attentats- <strong>Saverio TOMASELLA<\/strong><\/li>\n<li><strong>L\u2019hypnose \u00e0 la maison pour les enfants\u00a0: <\/strong>mieux dormir, prendre confiance en soi,\u00a0 se concentrer, g\u00e9rer son stress, moins d\u2019\u00e9cran : 19 histoires th\u00e9rapeutiques pour les 5-10 ans Jos\u00e9phine SERROR<\/li>\n<li><strong>M\u00c9DITATION GUID\u00c9E<\/strong> pour enfant. Lecture de : [LE LAPIN QUI VEUT S\u2019ENDORMIR] <a href=\"https:\/\/www.youtube.com\/watch?v=LrshjSadvX8\">https:\/\/www.youtube.com\/watch?v=LrshjSadvX8<\/a><\/li>\n<\/ul>\n<p><strong>Une piste \u00e0 creuser : l&rsquo;ost\u00e9opathie \u00e0 la rescousse !<\/strong><\/p>\n<ul>\n<li><strong>Site OSTEO-BEBES<\/strong> : pour comprendre l\u2019int\u00e9r\u00eat de l\u2019ost\u00e9opathie p\u00e9diatrique :\u00a0<a href=\"http:\/\/www.osteo-bebe.com\/\">http:\/\/www.osteo-bebe.com\/<\/a><\/li>\n<li><strong>\u00a0<\/strong><strong>Ressources locales : <\/strong>Ost\u00e9opathes nantais\u00a0sp\u00e9cialis\u00e9s nourrissons<strong>:<\/strong> <a href=\"http:\/\/arnosteo-formationbebe.fr\/liste-des-confreres\">http:\/\/arnosteo-formationbebe.fr\/liste-des-confreres<\/a><\/li>\n<\/ul>\n<p><strong>\u00a0<\/strong><\/p>\n<p>&nbsp;<\/p>\n","protected":false},"excerpt":{"rendered":"<p>Allez, tout le monde au lit ! Pas si simple que \u00e7a pour certains enfants ! Comment les aider \u00e0 mieux s\u2019endormir ? Quelles routines, quels rituels, peuvent nous aider\u00a0? Et quand mon enfant dort mal, moi aussi de fait, que faire ? Cauchemars, r\u00e9veils et accidents nocturnes, comment en rep\u00e9rer les causes et comprendre [&hellip;]<\/p>\n","protected":false},"author":2,"featured_media":2148,"parent":0,"menu_order":0,"comment_status":"closed","ping_status":"closed","template":"","meta":{"footnotes":""},"class_list":["post-2146","page","type-page","status-publish","has-post-thumbnail","hentry"],"_links":{"self":[{"href":"https:\/\/www.asso-resppi.fr\/index.php\/wp-json\/wp\/v2\/pages\/2146","targetHints":{"allow":["GET"]}}],"collection":[{"href":"https:\/\/www.asso-resppi.fr\/index.php\/wp-json\/wp\/v2\/pages"}],"about":[{"href":"https:\/\/www.asso-resppi.fr\/index.php\/wp-json\/wp\/v2\/types\/page"}],"author":[{"embeddable":true,"href":"https:\/\/www.asso-resppi.fr\/index.php\/wp-json\/wp\/v2\/users\/2"}],"replies":[{"embeddable":true,"href":"https:\/\/www.asso-resppi.fr\/index.php\/wp-json\/wp\/v2\/comments?post=2146"}],"version-history":[{"count":4,"href":"https:\/\/www.asso-resppi.fr\/index.php\/wp-json\/wp\/v2\/pages\/2146\/revisions"}],"predecessor-version":[{"id":2155,"href":"https:\/\/www.asso-resppi.fr\/index.php\/wp-json\/wp\/v2\/pages\/2146\/revisions\/2155"}],"wp:featuredmedia":[{"embeddable":true,"href":"https:\/\/www.asso-resppi.fr\/index.php\/wp-json\/wp\/v2\/media\/2148"}],"wp:attachment":[{"href":"https:\/\/www.asso-resppi.fr\/index.php\/wp-json\/wp\/v2\/media?parent=2146"}],"curies":[{"name":"wp","href":"https:\/\/api.w.org\/{rel}","templated":true}]}}