{"id":2356,"date":"2023-05-09T09:50:53","date_gmt":"2023-05-09T07:50:53","guid":{"rendered":"https:\/\/www.asso-resppi.fr\/?page_id=2356"},"modified":"2023-10-04T18:11:10","modified_gmt":"2023-10-04T16:11:10","slug":"alimentation","status":"publish","type":"page","link":"https:\/\/www.asso-resppi.fr\/index.php\/themes_actions\/alimentation\/","title":{"rendered":"L&rsquo;\u00e9ducation \u00e0 l&rsquo;alimentation"},"content":{"rendered":"<h3>A la rentr\u00e9e,\u00a0 RES&rsquo;PPI + se penche sur la question de l&rsquo;alimentation et vous fait passer aux fourneaux de fa\u00e7on ludique et conviviale.<\/h3>\n<p><strong><em>Septembre-Octobre 2023<\/em><\/strong><\/p>\n<p>Comment favoriser la coh\u00e9sion familiale gr\u00e2ce aux repas\u00a0 ?<\/p>\n<p>Comment transmettre le go\u00fbt de la cuisine ?<\/p>\n<p>Comment faire son march\u00e9 sans se ruiner ?<\/p>\n<p>Ce troisi\u00e8me parcours organis\u00e9 en partenariat avec l&rsquo;association des commer\u00e7ants de le rue Joffre, sera lanc\u00e9 le <strong>samedi 14 octobre<\/strong> .<\/p>\n<p><a href=\"https:\/\/www.asso-resppi.fr\/index.php\/themes_actions\/alimentation\/flyer-joffre-23052022\/\" rel=\"attachment wp-att-2427\">Flyer Joffre &#8211; 23052022<\/a><\/p>\n<p>Il va se poursuivre tout au long du mois \u00e0 travers diff\u00e9rentes actions concoct\u00e9es avec les centres socioculturels Accoord ( Nantes Centre et Botti\u00e8re) et la Maison D\u00e9partementale des Adolescents.<\/p>\n<p><a href=\"https:\/\/www.asso-resppi.fr\/index.php\/themes_actions\/alimentation\/flyer_resppi-parcours-alimentation-web-1\/\" rel=\"attachment wp-att-2428\">flyer_resppi-parcours-alimentation-web-1<\/a><\/p>\n<p>Tout est gratuit, il faut <strong>juste s\u2019inscrire avant<\/strong>, parce que le nombre de places est limit\u00e9, mais surtout si vous voulez b\u00e9n\u00e9ficier de notre garderie occasionnelle pour vos plus petits !<\/p>\n<p>A minima, une inscription par mail : asso.resppi@gmail.com, sinon !<\/p>\n<p>Merci de renseigner le formulaire ci-dessous :<\/p>\n<p>[wpforms id=\u00a0\u00bb1501&Prime; title=\u00a0\u00bbfalse\u00a0\u00bb]<\/p>\n<p>&nbsp;<\/p>\n<p>&nbsp;<\/p>\n<p>&nbsp;<\/p>\n<p>&nbsp;<\/p>\n<p>&nbsp;<\/p>\n<p>&nbsp;<\/p>\n<p>&nbsp;<\/p>\n","protected":false},"excerpt":{"rendered":"<p>A la rentr\u00e9e,\u00a0 RES&rsquo;PPI + se penche sur la question de l&rsquo;alimentation et vous fait passer aux fourneaux de fa\u00e7on ludique et conviviale. Septembre-Octobre 2023 Comment favoriser la coh\u00e9sion familiale gr\u00e2ce aux repas\u00a0 ? Comment transmettre le go\u00fbt de la cuisine ? Comment faire son march\u00e9 sans se ruiner ? Ce troisi\u00e8me parcours organis\u00e9 en [&hellip;]<\/p>\n","protected":false},"author":2,"featured_media":2141,"parent":14,"menu_order":0,"comment_status":"closed","ping_status":"closed","template":"","meta":{"footnotes":""},"class_list":["post-2356","page","type-page","status-publish","has-post-thumbnail","hentry"],"_links":{"self":[{"href":"https:\/\/www.asso-resppi.fr\/index.php\/wp-json\/wp\/v2\/pages\/2356","targetHints":{"allow":["GET"]}}],"collection":[{"href":"https:\/\/www.asso-resppi.fr\/index.php\/wp-json\/wp\/v2\/pages"}],"about":[{"href":"https:\/\/www.asso-resppi.fr\/index.php\/wp-json\/wp\/v2\/types\/page"}],"author":[{"embeddable":true,"href":"https:\/\/www.asso-resppi.fr\/index.php\/wp-json\/wp\/v2\/users\/2"}],"replies":[{"embeddable":true,"href":"https:\/\/www.asso-resppi.fr\/index.php\/wp-json\/wp\/v2\/comments?post=2356"}],"version-history":[{"count":11,"href":"https:\/\/www.asso-resppi.fr\/index.php\/wp-json\/wp\/v2\/pages\/2356\/revisions"}],"predecessor-version":[{"id":2426,"href":"https:\/\/www.asso-resppi.fr\/index.php\/wp-json\/wp\/v2\/pages\/2356\/revisions\/2426"}],"up":[{"embeddable":true,"href":"https:\/\/www.asso-resppi.fr\/index.php\/wp-json\/wp\/v2\/pages\/14"}],"wp:featuredmedia":[{"embeddable":true,"href":"https:\/\/www.asso-resppi.fr\/index.php\/wp-json\/wp\/v2\/media\/2141"}],"wp:attachment":[{"href":"https:\/\/www.asso-resppi.fr\/index.php\/wp-json\/wp\/v2\/media?parent=2356"}],"curies":[{"name":"wp","href":"https:\/\/api.w.org\/{rel}","templated":true}]}}