{"id":2358,"date":"2023-05-09T10:02:23","date_gmt":"2023-05-09T08:02:23","guid":{"rendered":"https:\/\/www.asso-resppi.fr\/?page_id=2358"},"modified":"2023-11-20T19:33:50","modified_gmt":"2023-11-20T18:33:50","slug":"place_du_jeu","status":"publish","type":"page","link":"https:\/\/www.asso-resppi.fr\/index.php\/themes_actions\/place_du_jeu\/","title":{"rendered":"Familles en jeux !"},"content":{"rendered":"<h3>C&rsquo;est le dernier parcours de l&rsquo;ann\u00e9e !<\/h3>\n<p><em><strong>D\u00e9cembre 2023<\/strong><\/em><\/p>\n<p>Pourquoi jouer avec son enfant est essentiel ? Comment faire du jeu un vrai temps de rencontre avec son enfant\/adolescent ?<br \/>\nEn quoi les activit\u00e9s ludiques permettent le d\u00e9veloppement social, cognitif ou encore affectif ?<\/p>\n<ul>\n<li><strong><em>\u00c9panouissement, Renforcement des liens, Partage de moments de qualit\u00e9, d\u00e9couverte de l&rsquo;autre et coh\u00e9sion familiale<\/em><\/strong><\/li>\n<li><strong><em>Transmission de valeurs, Exp\u00e9rimentation de la notion <\/em><\/strong><strong><em>de r\u00e8gles, Gestion des \u00e9motions, etc. <\/em><\/strong><\/li>\n<\/ul>\n<p>Construit\u00a0 en partenariats avec :<\/p>\n<ul>\n<li>la <a href=\"https:\/\/contact23841.wixsite.com\/monsite\">Maison des Jeux de Nantes,\u00a0<\/a><\/li>\n<li>a <a href=\"https:\/\/parents.loire-atlantique.fr\/annuaire-des-structures\/maison-de-quartier-ile-de-nantes--accoord\/\">Ludoth\u00e8que de l&rsquo;Ile\u00a0 de Nantes<\/a><\/li>\n<\/ul>\n<p>Le dernier parcours RES\u2019PPI+ de l\u2019ann\u00e9e 2023 aborde un bien large sujet qui place la coh\u00e9sion familiale au centre des d\u00e9bats avec au programme : une pause-kawa, des ateliers-sandwichs et un apr\u00e8s-midi complet pour exp\u00e9rimenter le jeu en famille de 6 mois \u00e0 77 ans !<\/p>\n<p><strong>Dimanche 3 d\u00e9cembre \u2022 13h45 &gt; 17h30<\/strong><br \/>\nUn apr\u00e8s-midi pour exp\u00e9rimenter ou re-d\u00e9couvrir le plaisir du jeu en famille et ses bienfaits \u00e9ducatifs, mais aussi pour vivre un bon moment entre enfants, adolescents, parents et grands-parents !<br \/>\nOrganis\u00e9 en partenariat avec la Maison des Jeux de Nantes, cet atelier est l\u2019occasion de :<br \/>\n\u2022 tester des jeux de soci\u00e9t\u00e9, de construction et d\u2019imitation, ainsi que des activit\u00e9s pour les plus petits (d\u00e8s 6 mois),<br \/>\n\u2022 repartir avec toute une s\u00e9rie d\u2019astuces et habitudes en mati\u00e8re de jeux (des activit\u00e9s ludiques incontournables ? o\u00f9 louer des jeux\/jouets ? pourquoi tester la seconde main ? Etc.)<br \/>\n<strong>Cette rencontre inclut un go\u00fbter.<\/strong><br \/>\nMaison des Jeux de Nantes \/ Gratuit. Sur inscription<\/p>\n<p><strong>Mercredi 6 d\u00e9cembre \u2022 15h &gt; 17h<\/strong><br \/>\nPause-Kawa \u00ab Pourquoi jouer \u00e7a fait grandir ? \u00bb. Valeurs, Savoir-faire, Savoir-\u00eatre, R\u00e8gles de la vie quotidienne, Limites, etc.<br \/>\nComment faire du jeu un outil d\u2019apprentissage pour l\u2019enfant comme pour l\u2019adolescent ?<br \/>\nGarderie gratuite d\u00e8s 2 ans (sur inscription).<br \/>\n<strong>Cette rencontre inclut un go\u00fbter.<\/strong><br \/>\nLudoth\u00e8que de la Maison de quartier de l\u2019\u00cele de Nantes \/ Gratuit. Sur inscription<\/p>\n<p><strong>Jeudi 7 d\u00e9cembre \u2022 18h &gt; 20h<\/strong><br \/>\nAtelier-Sandwich \u00ab Les jeux vid\u00e9o, moi ? JAMAIS !!! \u00bb. Et si on arr\u00eatait de diaboliser les jeux vid\u00e9o ? Cette rencontre propose de d\u00e9couvrir des jeux-vid\u00e9o aux r\u00e8gles simples et originales, dont les b\u00e9n\u00e9fices p\u00e9dagogiques sont r\u00e9els.<br \/>\nCaf\u00e9 Le Zinc de tr\u00e8fle \/ Gratuit. Sur inscription<\/p>\n<p><strong>Jeudi 14 d\u00e9cembre \u2022 18h &gt; 20h<\/strong><br \/>\nAtelier-Sandwich \u00ab Si le plaisir de jouer n\u2019a pas d\u2019\u00e2ge ? Alors, partageons-le ! \u00bb. Deux heures pour appr\u00e9hender le jeu comme vecteur<br \/>\nde transmission de valeurs et de savoir-faire entre les diff\u00e9rentes g\u00e9n\u00e9rations, mais aussi comme outil au service du renforcement des liens intrafamiliaux.<br \/>\nCaf\u00e9 Le Zinc de tr\u00e8fle \/ Gratuit. Sur inscription<\/p>\n<p>&nbsp;<\/p>\n<hr \/>\n<hr \/>\n<p>[wpforms id=\u00a0\u00bb2453&Prime; title=\u00a0\u00bbtrue\u00a0\u00bb]<\/p>\n<h4><\/h4>\n<p>&nbsp;<\/p>\n","protected":false},"excerpt":{"rendered":"<p>C&rsquo;est le dernier parcours de l&rsquo;ann\u00e9e ! D\u00e9cembre 2023 Pourquoi jouer avec son enfant est essentiel ? Comment faire du jeu un vrai temps de rencontre avec son enfant\/adolescent ? En quoi les activit\u00e9s ludiques permettent le d\u00e9veloppement social, cognitif ou encore affectif ? \u00c9panouissement, Renforcement des liens, Partage de moments de qualit\u00e9, d\u00e9couverte de [&hellip;]<\/p>\n","protected":false},"author":2,"featured_media":2446,"parent":14,"menu_order":0,"comment_status":"closed","ping_status":"closed","template":"","meta":{"footnotes":""},"class_list":["post-2358","page","type-page","status-publish","has-post-thumbnail","hentry"],"_links":{"self":[{"href":"https:\/\/www.asso-resppi.fr\/index.php\/wp-json\/wp\/v2\/pages\/2358","targetHints":{"allow":["GET"]}}],"collection":[{"href":"https:\/\/www.asso-resppi.fr\/index.php\/wp-json\/wp\/v2\/pages"}],"about":[{"href":"https:\/\/www.asso-resppi.fr\/index.php\/wp-json\/wp\/v2\/types\/page"}],"author":[{"embeddable":true,"href":"https:\/\/www.asso-resppi.fr\/index.php\/wp-json\/wp\/v2\/users\/2"}],"replies":[{"embeddable":true,"href":"https:\/\/www.asso-resppi.fr\/index.php\/wp-json\/wp\/v2\/comments?post=2358"}],"version-history":[{"count":14,"href":"https:\/\/www.asso-resppi.fr\/index.php\/wp-json\/wp\/v2\/pages\/2358\/revisions"}],"predecessor-version":[{"id":2479,"href":"https:\/\/www.asso-resppi.fr\/index.php\/wp-json\/wp\/v2\/pages\/2358\/revisions\/2479"}],"up":[{"embeddable":true,"href":"https:\/\/www.asso-resppi.fr\/index.php\/wp-json\/wp\/v2\/pages\/14"}],"wp:featuredmedia":[{"embeddable":true,"href":"https:\/\/www.asso-resppi.fr\/index.php\/wp-json\/wp\/v2\/media\/2446"}],"wp:attachment":[{"href":"https:\/\/www.asso-resppi.fr\/index.php\/wp-json\/wp\/v2\/media?parent=2358"}],"curies":[{"name":"wp","href":"https:\/\/api.w.org\/{rel}","templated":true}]}}