{"id":353,"date":"2018-04-07T13:07:00","date_gmt":"2018-04-07T11:07:00","guid":{"rendered":"https:\/\/www.asso-resppi.fr\/?page_id=353"},"modified":"2018-04-08T17:54:10","modified_gmt":"2018-04-08T15:54:10","slug":"regles-dutilisation-du-site-resppi","status":"publish","type":"page","link":"https:\/\/www.asso-resppi.fr\/index.php\/a-propos-du-site\/regles-dutilisation-du-site-resppi\/","title":{"rendered":"R\u00e8gles d&rsquo;utilisation du site Res&rsquo;PPI"},"content":{"rendered":"<h3><img loading=\"lazy\" decoding=\"async\" class=\"wp-image-405 alignright\" src=\"https:\/\/www.asso-resppi.fr\/wp-content\/uploads\/2018\/04\/Geek-Ecriture-300x300.jpg\" alt=\"\" width=\"180\" height=\"180\" srcset=\"https:\/\/www.asso-resppi.fr\/wp-content\/uploads\/2018\/04\/Geek-Ecriture-300x300.jpg 300w, https:\/\/www.asso-resppi.fr\/wp-content\/uploads\/2018\/04\/Geek-Ecriture-150x150.jpg 150w, https:\/\/www.asso-resppi.fr\/wp-content\/uploads\/2018\/04\/Geek-Ecriture.jpg 347w\" sizes=\"auto, (max-width: 180px) 100vw, 180px\" \/><span style=\"color: #333399;\">Ce site est d\u00e9di\u00e9 aux parents qui souhaitent \u00e9changer sur diff\u00e9rents sujets de parentalit\u00e9.<\/span><\/h3>\n<p>Les publications et les commentaires se veulent respectueux des autres, apolitiques, non confessionnels.<\/p>\n<p>Pour pouvoir contribuer sur ce site, vous devez \u00eatre connect\u00e9 et disposer d&rsquo;une adresse email valide . Soucieux de pr\u00e9server votre vie priv\u00e9e, votre identit\u00e9 et votre adresse email ne seront ni transmises \u00e0 des tiers, ni revendues et ne seront utilis\u00e9es que pour correspondre avec vous sur les th\u00e9matiques du Res&rsquo;PPI.<\/p>\n<p>Nous souhaitons laisser chacun libre d&rsquo;exprimer ses id\u00e9es. Les commentaires sont par cons\u00e9quent libres et non mod\u00e9r\u00e9s, tant qu&rsquo;ils respectent l&rsquo;esprit du site et les consignes suivantes :<\/p>\n<ul>\n<li>N\u2019utilisez des caract\u00e8res majuscules que si n\u00e9cessaire. <span style=\"color: #ff0000;\">LES MAJUSCULES DONNENT L\u2019IMPRESSION QUE VOUS CRIEZ<\/span> et ne donnent pas envie de vous r\u00e9pondre.<\/li>\n<li>Avant de poster une question, v\u00e9rifiez bien que c\u2019\u00e9tait le sujet de l&rsquo;article \u2026<\/li>\n<li><span style=\"color: #ff0000;\">\u00c9vitez le langage SMS<\/span> lorsque les articles et les commentaires sont en fran\u00e7ais\u00a0!<\/li>\n<li>Utilisez des smileys pour indiquer votre \u00e9tat d\u2019esprit, mais utilisez-les mod\u00e9r\u00e9ment. Ne partez pas du principe que le smiley excuse tout ou permet d\u2019\u00e9dulcorer un commentaire insultant par ailleurs.<\/li>\n<li>Attention \u00e0 votre niveau de langage, vous communiquez avec des gens du monde entier. Soyez prudent avec l\u2019argot et les expressions locales.<\/li>\n<li>Ne postez pas simplement pour faire remarquer les fautes de frappe ou d\u2019orthographe des autres.<\/li>\n<li><strong><span style=\"color: #000080;\">Soyez constructif !<\/span><\/strong> \u00c9vitez de mettre simplement en commentaires des textes comme\u00a0: \u00ab\u00a0vffvdsv\u00a0\u00bb, \u00ab\u00a0salut\u00a0\u00bb, \u00ab\u00a0coucou\u00a0\u00bb, etc.<\/li>\n<li>La falsification (usurpation d\u2019identit\u00e9) et la mystification (pseudos multiples\u2026) n\u2019est pas tol\u00e9rable.<\/li>\n<li><span style=\"color: #800080;\">La publicit\u00e9 n\u2019est pas accept\u00e9e sur ce site<\/span>. Par contre, un lien ou un trackback peut \u00eatre ins\u00e9r\u00e9 \u00e0 condition que le commentaire soit pertinent et ne serve pas d\u2019alibi \u00e0 une publicit\u00e9 d\u00e9guis\u00e9e.<\/li>\n<li><strong><span style=\"color: #ff0000;\">Les commentaires injurieux ou agressifs n\u2019ont pas leur place dans ces pages.<\/span><\/strong><\/li>\n<li>Attendez d\u2019avoir dormi avant d\u2019envoyer des r\u00e9ponses violentes ou charg\u00e9es d\u2019\u00e9motion si vous en avez vraiment gros sur le c\u0153ur \u00e0 propos d\u2019un sujet donn\u00e9\u00a0; les blogs sont de grands amplificateurs de conflits, car l\u2019absence physique de votre interlocuteur augmente les tensions.<\/li>\n<li>Les commentaires pornographiques, r\u00e9visionnistes, ou en g\u00e9n\u00e9ral tout sujet contraire \u00e0 la loi ou aux bonnes m\u0153urs sont proscrits dans les commentaires.<\/li>\n<li>Ne reprochez pas au gestionnaire du site, le comportement des participants.<\/li>\n<li>Ne reprochez pas aux r\u00e9dacteurs des articles de ne pas r\u00e9pondre \u00e0 vos questions, rien ne les y oblige.<\/li>\n<li>Avant de diffuser une information, v\u00e9rifiez l\u2019exactitude des faits et la valeur de la source. Parfois mieux vaut attendre que de diffuser une information fausse. En cas de doute, indiquez le et en cas d\u2019erreur, merci de reconnaitre vos erreurs.<\/li>\n<\/ul>\n","protected":false},"excerpt":{"rendered":"<p>Ce site est d\u00e9di\u00e9 aux parents qui souhaitent \u00e9changer sur diff\u00e9rents sujets de parentalit\u00e9. Les publications et les commentaires se veulent respectueux des autres, apolitiques, non confessionnels. Pour pouvoir contribuer sur ce site, vous devez \u00eatre connect\u00e9 et disposer d&rsquo;une adresse email valide . Soucieux de pr\u00e9server votre vie priv\u00e9e, votre identit\u00e9 et votre adresse [&hellip;]<\/p>\n","protected":false},"author":2,"featured_media":0,"parent":355,"menu_order":0,"comment_status":"closed","ping_status":"closed","template":"","meta":{"footnotes":""},"class_list":["post-353","page","type-page","status-publish","hentry"],"_links":{"self":[{"href":"https:\/\/www.asso-resppi.fr\/index.php\/wp-json\/wp\/v2\/pages\/353","targetHints":{"allow":["GET"]}}],"collection":[{"href":"https:\/\/www.asso-resppi.fr\/index.php\/wp-json\/wp\/v2\/pages"}],"about":[{"href":"https:\/\/www.asso-resppi.fr\/index.php\/wp-json\/wp\/v2\/types\/page"}],"author":[{"embeddable":true,"href":"https:\/\/www.asso-resppi.fr\/index.php\/wp-json\/wp\/v2\/users\/2"}],"replies":[{"embeddable":true,"href":"https:\/\/www.asso-resppi.fr\/index.php\/wp-json\/wp\/v2\/comments?post=353"}],"version-history":[{"count":3,"href":"https:\/\/www.asso-resppi.fr\/index.php\/wp-json\/wp\/v2\/pages\/353\/revisions"}],"predecessor-version":[{"id":407,"href":"https:\/\/www.asso-resppi.fr\/index.php\/wp-json\/wp\/v2\/pages\/353\/revisions\/407"}],"up":[{"embeddable":true,"href":"https:\/\/www.asso-resppi.fr\/index.php\/wp-json\/wp\/v2\/pages\/355"}],"wp:attachment":[{"href":"https:\/\/www.asso-resppi.fr\/index.php\/wp-json\/wp\/v2\/media?parent=353"}],"curies":[{"name":"wp","href":"https:\/\/api.w.org\/{rel}","templated":true}]}}