{"id":355,"date":"2018-04-07T13:16:27","date_gmt":"2018-04-07T11:16:27","guid":{"rendered":"https:\/\/www.asso-resppi.fr\/?page_id=355"},"modified":"2018-04-07T13:42:12","modified_gmt":"2018-04-07T11:42:12","slug":"a-propos-du-site","status":"publish","type":"page","link":"https:\/\/www.asso-resppi.fr\/index.php\/a-propos-du-site\/","title":{"rendered":"A propos du site"},"content":{"rendered":"<p>Vous trouverez dans ces pages les informations relatives \u00e0 :<\/p>\n<ul>\n<li>l&rsquo;identit\u00e9 de l&rsquo;\u00e9diteur et les informations relatives au droit d&rsquo;auteur (en construction)<\/li>\n<li>Les r\u00e8gles d&rsquo;utilisation du site (n\u00e9tiquette)<\/li>\n<li>Les moyens de nous contacter<\/li>\n<\/ul>\n","protected":false},"excerpt":{"rendered":"<p>Vous trouverez dans ces pages les informations relatives \u00e0 : l&rsquo;identit\u00e9 de l&rsquo;\u00e9diteur et les informations relatives au droit d&rsquo;auteur (en construction) Les r\u00e8gles d&rsquo;utilisation du site (n\u00e9tiquette) Les moyens de nous contacter<\/p>\n","protected":false},"author":2,"featured_media":0,"parent":0,"menu_order":4,"comment_status":"closed","ping_status":"closed","template":"","meta":{"footnotes":""},"class_list":["post-355","page","type-page","status-publish","hentry"],"_links":{"self":[{"href":"https:\/\/www.asso-resppi.fr\/index.php\/wp-json\/wp\/v2\/pages\/355","targetHints":{"allow":["GET"]}}],"collection":[{"href":"https:\/\/www.asso-resppi.fr\/index.php\/wp-json\/wp\/v2\/pages"}],"about":[{"href":"https:\/\/www.asso-resppi.fr\/index.php\/wp-json\/wp\/v2\/types\/page"}],"author":[{"embeddable":true,"href":"https:\/\/www.asso-resppi.fr\/index.php\/wp-json\/wp\/v2\/users\/2"}],"replies":[{"embeddable":true,"href":"https:\/\/www.asso-resppi.fr\/index.php\/wp-json\/wp\/v2\/comments?post=355"}],"version-history":[{"count":3,"href":"https:\/\/www.asso-resppi.fr\/index.php\/wp-json\/wp\/v2\/pages\/355\/revisions"}],"predecessor-version":[{"id":359,"href":"https:\/\/www.asso-resppi.fr\/index.php\/wp-json\/wp\/v2\/pages\/355\/revisions\/359"}],"wp:attachment":[{"href":"https:\/\/www.asso-resppi.fr\/index.php\/wp-json\/wp\/v2\/media?parent=355"}],"curies":[{"name":"wp","href":"https:\/\/api.w.org\/{rel}","templated":true}]}}