{"id":36,"date":"2018-01-20T15:33:10","date_gmt":"2018-01-20T14:33:10","guid":{"rendered":"https:\/\/www.asso-resppi.fr\/?page_id=36"},"modified":"2018-04-07T13:37:30","modified_gmt":"2018-04-07T11:37:30","slug":"nos-valeurs","status":"publish","type":"page","link":"https:\/\/www.asso-resppi.fr\/index.php\/notre-asso\/nos-valeurs\/","title":{"rendered":"Nos principes et nos valeurs"},"content":{"rendered":"<p>Les membres du r\u00e9seau Res&rsquo;PPI, adh\u00e8rent aux valeurs et principes g\u00e9n\u00e9raux qui sous\u2010tendent toute action de soutien \u00e0 la parentalit\u00e9.<\/p>\n<ul>\n<li><strong>Reconnaissance du parent comme premier \u00e9ducateur de l\u2019enfant :<\/strong> les parents sont les premiers impliqu\u00e9s dans l\u2019\u00e9ducation de leurs enfants et \u00eatre parent est une t\u00e2che d\u00e9licate. C\u2019est un parcours rempli de d\u00e9couvertes, de plaisirs, de fiert\u00e9 et d\u2019espoir mais aussi d\u2019obligations, d\u2019incertitudes et de doutes. Demander un conseil, un soutien ne remet pas en cause la l\u00e9gitimit\u00e9 du parent.<\/li>\n<li><strong>Universalisme :<\/strong> les dispositifs et les actions de soutien \u00e0 la parentalit\u00e9 s\u2019adressent \u00e0 l\u2019ensemble des parents sans ciblage d\u2019une cat\u00e9gorie sp\u00e9cifique. Reconna\u00eetre qu\u2019il existe de multiples fa\u00e7ons d\u2019\u00eatre parent, c\u2019est offrir \u00e0 chacun la possibilit\u00e9 de parler de sa culture familiale et de son v\u00e9cu personnel.<\/li>\n<li><strong>Ouverture \u00e0 la diversit\u00e9 des modes d\u2019organisation et des configurations familiales<\/strong>, des cultures, des caract\u00e9ristiques socio\u2010\u00e9conomiques, dans le respect des droits de l\u2019enfant et dans le cadre de la loi. La pluralit\u00e9 des formes familiales, la vari\u00e9t\u00e9 des modes de vie, les diff\u00e9rents choix \u00e9ducatifs sont des richesses et non des obstacles aux \u00e9changes entre parents.<\/li>\n<li><strong>Prise en compte du principe d\u2019\u00e9galit\u00e9<\/strong> femme\/homme dans l\u2019exercice de la parentalit\u00e9.<\/li>\n<li><strong>Respect des places, statuts et r\u00f4les de chacun :<\/strong> parents, professionnels, b\u00e9n\u00e9voles. L\u2019\u00e9ducation d\u2019un enfant est une mission partag\u00e9e. Si les parents sont naturellement en premi\u00e8re ligne, la responsabilit\u00e9 \u00e9ducative n\u2019incombe pas \u00e0 eux seuls. Elle est collective. Elle se construit dans une dimension partag\u00e9e entre les parents, la famille, les amis, les professionnels. Toutes les personnes participant \u00e0 la vie de l\u2019enfant contribuent ainsi \u00e0 son \u00e9ducation.<\/li>\n<li><strong>L\u2019enfant est un individu \u00e0 part enti\u00e8re<\/strong> qui doit \u00eatre trait\u00e9 dans le respect de son identit\u00e9 et de sa singularit\u00e9. En ce sens, tous les membres du r\u00e9seau Res&rsquo;PPI adh\u00e8rent naturellement \u00e0 la Charte Nationale des R\u00e9seaux d\u2019\u00c9coute d&rsquo;Appui et d&rsquo;Accompagnement des Parents qui figurera sur le document d&rsquo;adh\u00e9sion des membres de l&rsquo;association.<\/li>\n<\/ul>\n","protected":false},"excerpt":{"rendered":"<p>Les membres du r\u00e9seau Res&rsquo;PPI, adh\u00e8rent aux valeurs et principes g\u00e9n\u00e9raux qui sous\u2010tendent toute action de soutien \u00e0 la parentalit\u00e9. Reconnaissance du parent comme premier \u00e9ducateur de l\u2019enfant : les parents sont les premiers impliqu\u00e9s dans l\u2019\u00e9ducation de leurs enfants et \u00eatre parent est une t\u00e2che d\u00e9licate. C\u2019est un parcours rempli de d\u00e9couvertes, de plaisirs, [&hellip;]<\/p>\n","protected":false},"author":1,"featured_media":0,"parent":182,"menu_order":0,"comment_status":"closed","ping_status":"closed","template":"","meta":{"footnotes":""},"class_list":["post-36","page","type-page","status-publish","hentry"],"_links":{"self":[{"href":"https:\/\/www.asso-resppi.fr\/index.php\/wp-json\/wp\/v2\/pages\/36","targetHints":{"allow":["GET"]}}],"collection":[{"href":"https:\/\/www.asso-resppi.fr\/index.php\/wp-json\/wp\/v2\/pages"}],"about":[{"href":"https:\/\/www.asso-resppi.fr\/index.php\/wp-json\/wp\/v2\/types\/page"}],"author":[{"embeddable":true,"href":"https:\/\/www.asso-resppi.fr\/index.php\/wp-json\/wp\/v2\/users\/1"}],"replies":[{"embeddable":true,"href":"https:\/\/www.asso-resppi.fr\/index.php\/wp-json\/wp\/v2\/comments?post=36"}],"version-history":[{"count":2,"href":"https:\/\/www.asso-resppi.fr\/index.php\/wp-json\/wp\/v2\/pages\/36\/revisions"}],"predecessor-version":[{"id":110,"href":"https:\/\/www.asso-resppi.fr\/index.php\/wp-json\/wp\/v2\/pages\/36\/revisions\/110"}],"up":[{"embeddable":true,"href":"https:\/\/www.asso-resppi.fr\/index.php\/wp-json\/wp\/v2\/pages\/182"}],"wp:attachment":[{"href":"https:\/\/www.asso-resppi.fr\/index.php\/wp-json\/wp\/v2\/media?parent=36"}],"curies":[{"name":"wp","href":"https:\/\/api.w.org\/{rel}","templated":true}]}}