{"id":399,"date":"2018-04-07T13:58:18","date_gmt":"2018-04-07T11:58:18","guid":{"rendered":"https:\/\/www.asso-resppi.fr\/?page_id=399"},"modified":"2018-04-19T15:16:04","modified_gmt":"2018-04-19T13:16:04","slug":"respect-du-droit-dauteur","status":"publish","type":"page","link":"https:\/\/www.asso-resppi.fr\/index.php\/a-propos-du-site\/respect-du-droit-dauteur\/","title":{"rendered":"Respect du droit d&rsquo;auteur"},"content":{"rendered":"<h2><img loading=\"lazy\" decoding=\"async\" class=\"size-full wp-image-402 alignright\" src=\"https:\/\/www.asso-resppi.fr\/wp-content\/uploads\/2018\/04\/annual-maintenance-contract-services-250x250.jpg\" alt=\"\" width=\"250\" height=\"250\" srcset=\"https:\/\/www.asso-resppi.fr\/wp-content\/uploads\/2018\/04\/annual-maintenance-contract-services-250x250.jpg 250w, https:\/\/www.asso-resppi.fr\/wp-content\/uploads\/2018\/04\/annual-maintenance-contract-services-250x250-150x150.jpg 150w\" sizes=\"auto, (max-width: 250px) 100vw, 250px\" \/><span style=\"color: #333399;\"><strong>PAGE EN COURS DE CONSTRUCTION<\/strong><\/span><\/h2>\n<p>Ce site est la propri\u00e9t\u00e9 de :<\/p>\n<ul>\n<li>l&rsquo;Association Res&rsquo;PPI : le R\u00e9seau des Parents Parfaitement Imparfaits<\/li>\n<\/ul>\n<p>Association loi 1901 enregistr\u00e9e le 4 septembre 2017, aupr\u00e8s de la Pr\u00e9fecture de Loire-Atlantique sous le num\u00e9ro : W442018582<br \/>\nParution au Journal Officiel n\u00b0663SIREN : 835 332388<\/p>\n<p>Dont le si\u00e8ge social est situ\u00e9 au : 9 rue de la pyramide &#8211; 44230 Saint S\u00e9bastien sur Loire<\/p>\n<p><span style=\"color: #800080;\"><em>Res&rsquo;PPI, le R\u00e9seau des Parents Parfaitement Imparfaits est une marque d\u00e9pos\u00e9e aupr\u00e8s de l&rsquo;INPI<\/em><\/span><\/p>\n<p>Les donn\u00e9es contenues dans ce site sont\u00a0 &#8230;<\/p>\n","protected":false},"excerpt":{"rendered":"<p>PAGE EN COURS DE CONSTRUCTION Ce site est la propri\u00e9t\u00e9 de : l&rsquo;Association Res&rsquo;PPI : le R\u00e9seau des Parents Parfaitement Imparfaits Association loi 1901 enregistr\u00e9e le 4 septembre 2017, aupr\u00e8s de la Pr\u00e9fecture de Loire-Atlantique sous le num\u00e9ro : W442018582 Parution au Journal Officiel n\u00b0663SIREN : 835 332388 Dont le si\u00e8ge social est situ\u00e9 au [&hellip;]<\/p>\n","protected":false},"author":2,"featured_media":0,"parent":355,"menu_order":0,"comment_status":"closed","ping_status":"closed","template":"","meta":{"footnotes":""},"class_list":["post-399","page","type-page","status-publish","hentry"],"_links":{"self":[{"href":"https:\/\/www.asso-resppi.fr\/index.php\/wp-json\/wp\/v2\/pages\/399","targetHints":{"allow":["GET"]}}],"collection":[{"href":"https:\/\/www.asso-resppi.fr\/index.php\/wp-json\/wp\/v2\/pages"}],"about":[{"href":"https:\/\/www.asso-resppi.fr\/index.php\/wp-json\/wp\/v2\/types\/page"}],"author":[{"embeddable":true,"href":"https:\/\/www.asso-resppi.fr\/index.php\/wp-json\/wp\/v2\/users\/2"}],"replies":[{"embeddable":true,"href":"https:\/\/www.asso-resppi.fr\/index.php\/wp-json\/wp\/v2\/comments?post=399"}],"version-history":[{"count":5,"href":"https:\/\/www.asso-resppi.fr\/index.php\/wp-json\/wp\/v2\/pages\/399\/revisions"}],"predecessor-version":[{"id":427,"href":"https:\/\/www.asso-resppi.fr\/index.php\/wp-json\/wp\/v2\/pages\/399\/revisions\/427"}],"up":[{"embeddable":true,"href":"https:\/\/www.asso-resppi.fr\/index.php\/wp-json\/wp\/v2\/pages\/355"}],"wp:attachment":[{"href":"https:\/\/www.asso-resppi.fr\/index.php\/wp-json\/wp\/v2\/media?parent=399"}],"curies":[{"name":"wp","href":"https:\/\/api.w.org\/{rel}","templated":true}]}}