{"id":596,"date":"2018-06-20T18:58:13","date_gmt":"2018-06-20T16:58:13","guid":{"rendered":"https:\/\/www.asso-resppi.fr\/?page_id=596"},"modified":"2019-07-08T12:33:56","modified_gmt":"2019-07-08T10:33:56","slug":"notre-bibliographie","status":"publish","type":"page","link":"https:\/\/www.asso-resppi.fr\/index.php\/notre-bibliographie\/","title":{"rendered":"Nos ressources"},"content":{"rendered":"<h2>Des ressources \u00e0 consulter ou \u00e0 t\u00e9l\u00e9charger librement<\/h2>\n<p>Une <strong><em>s\u00e9lection de sites, d&rsquo;articles, de vid\u00e9os<\/em><\/strong> libres de droit,<\/p>\n<p>Une <strong><em>bibliographie d&rsquo;ouvrages<\/em> <\/strong>s\u00e9lectionn\u00e9s par les parents ressources de Res&rsquo;PPI, pour \u00ab\u00a0outiller\u00a0\u00bb les rencontres \u00ab\u00a0Entre-parents\u00a0\u00bb !<\/p>\n<p>Pour aller plus loin et \u00e0 son rythme sur les sujets qui nous pr\u00e9occupent !<\/p>\n<ul>\n<li><a href=\"https:\/\/www.asso-resppi.fr\/index.php\/notre-bibliographie\/comprendre-le-developpement-de-nos-enfants\/\"><strong><em>comprendre le d\u00e9veloppement de nos enfants<\/em> <\/strong><\/a><\/li>\n<li><a href=\"https:\/\/www.asso-resppi.fr\/index.php\/notre-bibliographie\/comprendre-nos-ados-et-leur-environnement\/\"><strong><em>comprendre nos ados et leur environnement<\/em><\/strong><\/a><\/li>\n<li><a href=\"https:\/\/www.asso-resppi.fr\/index.php\/notre-bibliographie\/vivre-et-grandir-avec-nos-enfants\/\"><em><strong>vivre et grandir avec nos enfants <\/strong><\/em><\/a><\/li>\n<li><a href=\"https:\/\/www.asso-resppi.fr\/index.php\/notre-bibliographie\/nos-rapports-a-lecole-et-a-lenseignement\/\"><em><strong>nos rapports \u00e0 l&rsquo;\u00e9cole<\/strong><\/em><\/a><\/li>\n<li><a href=\"https:\/\/www.asso-resppi.fr\/index.php\/notre-bibliographie\/nos-enfants-face-a-la-separation-du-couple-parental\/\"><em><strong>nos enfants face \u00e0 la s\u00e9paration du couple parental<\/strong><\/em><\/a><\/li>\n<\/ul>\n<p>&nbsp;<\/p>\n<p>&nbsp;<\/p>\n<p class=\"entry-title\">\n","protected":false},"excerpt":{"rendered":"<p>Des ressources \u00e0 consulter ou \u00e0 t\u00e9l\u00e9charger librement Une s\u00e9lection de sites, d&rsquo;articles, de vid\u00e9os libres de droit, Une bibliographie d&rsquo;ouvrages s\u00e9lectionn\u00e9s par les parents ressources de Res&rsquo;PPI, pour \u00ab\u00a0outiller\u00a0\u00bb les rencontres \u00ab\u00a0Entre-parents\u00a0\u00bb ! Pour aller plus loin et \u00e0 son rythme sur les sujets qui nous pr\u00e9occupent ! comprendre le d\u00e9veloppement de nos enfants [&hellip;]<\/p>\n","protected":false},"author":2,"featured_media":1691,"parent":0,"menu_order":0,"comment_status":"closed","ping_status":"closed","template":"","meta":{"footnotes":""},"class_list":["post-596","page","type-page","status-publish","has-post-thumbnail","hentry"],"_links":{"self":[{"href":"https:\/\/www.asso-resppi.fr\/index.php\/wp-json\/wp\/v2\/pages\/596","targetHints":{"allow":["GET"]}}],"collection":[{"href":"https:\/\/www.asso-resppi.fr\/index.php\/wp-json\/wp\/v2\/pages"}],"about":[{"href":"https:\/\/www.asso-resppi.fr\/index.php\/wp-json\/wp\/v2\/types\/page"}],"author":[{"embeddable":true,"href":"https:\/\/www.asso-resppi.fr\/index.php\/wp-json\/wp\/v2\/users\/2"}],"replies":[{"embeddable":true,"href":"https:\/\/www.asso-resppi.fr\/index.php\/wp-json\/wp\/v2\/comments?post=596"}],"version-history":[{"count":34,"href":"https:\/\/www.asso-resppi.fr\/index.php\/wp-json\/wp\/v2\/pages\/596\/revisions"}],"predecessor-version":[{"id":1436,"href":"https:\/\/www.asso-resppi.fr\/index.php\/wp-json\/wp\/v2\/pages\/596\/revisions\/1436"}],"wp:featuredmedia":[{"embeddable":true,"href":"https:\/\/www.asso-resppi.fr\/index.php\/wp-json\/wp\/v2\/media\/1691"}],"wp:attachment":[{"href":"https:\/\/www.asso-resppi.fr\/index.php\/wp-json\/wp\/v2\/media?parent=596"}],"curies":[{"name":"wp","href":"https:\/\/api.w.org\/{rel}","templated":true}]}}