{"id":906,"date":"2018-10-07T16:50:57","date_gmt":"2018-10-07T14:50:57","guid":{"rendered":"https:\/\/www.asso-resppi.fr\/?page_id=906"},"modified":"2019-07-07T20:58:13","modified_gmt":"2019-07-07T18:58:13","slug":"mon-enfant-a-fait-sa-rentree-comment-laccompagner","status":"publish","type":"page","link":"https:\/\/www.asso-resppi.fr\/index.php\/notre-bibliographie\/nos-rapports-a-lecole-et-a-lenseignement\/mon-enfant-a-fait-sa-rentree-comment-laccompagner\/","title":{"rendered":"La rentr\u00e9e scolaire"},"content":{"rendered":"<h2><strong>Bibliographie :<\/strong><\/h2>\n<p>\u00ab\u00a06\/12 ans l\u2019\u00e2ge incertain, Mais qu\u2019est ce qu\u2019il a dans sa t\u00eate\u00a0?\u00a0\u00bb Chapitre 5\u00a0(pages 151 \u00e0 190) d\u2019Harry Ifergan et Rica Etienne<\/p>\n<p>\u00ab\u00a0Heureux \u00e0 l\u2019\u00e9cole\u00a0\u00bb de Nathalie de Boisgrollier<\/p>\n<p>\u00ab\u00a0Les meilleurs rituels pour mon enfant\u00a0\u00bb de P. Kunze et C. Salamender<\/p>\n<p>&nbsp;<\/p>\n<h2>Sites internet utiles\u00a0:<\/h2>\n<h3>Paroles de pros\u00a0:<\/h3>\n<p>Fabien Ollicard\u00a0: petites astuces pour apprendre en vid\u00e9o\u00a0 sur You Tube<\/p>\n<p>Site sur le d\u00e9veloppement de l\u2019enfant\u00a0 et des articles sp\u00e9cifiques sur l\u2019\u00e9cole\u00a0: <a href=\"https:\/\/naitreetgrandir.com\/fr\/etape\/5-8-ans\/ecole\/\">https:\/\/naitreetgrandir.com\/fr\/etape\/5-8-ans\/ecole\/<\/a><\/p>\n<p>site \u00e9voquant les lois et articles autour de la violence \u00e0 l\u2019\u00e9cole\u00a0: <a href=\"http:\/\/www.oveo.org\/\">http:\/\/www.oveo.org\/<\/a><\/p>\n<p>un site cr\u00e9\u00e9 par des enseignants \u00e0 destination des parents\u00a0: \u00a0<a href=\"https:\/\/www.lesclefsdelecole.com\/\">https:\/\/www.lesclefsdelecole.com\/<\/a><\/p>\n<p>&nbsp;<\/p>\n<h3>Paroles de Parents\u00a0:<\/h3>\n<h5>site cr\u00e9e par un papa \u00a0:<\/h5>\n<p><a href=\"http:\/\/papapositive.fr\/5-conseils-pour-transformer-les-devoirs-en-moments-de-complicite\/\">http:\/\/papapositive.fr\/5-conseils-pour-transformer-les-devoirs-en-moments-de-complicite\/<\/a><\/p>\n<p><a href=\"http:\/\/papapositive.fr\/10-methodes-pour-reduire-le-stress-a-lecole\/\">http:\/\/papapositive.fr\/10-methodes-pour-reduire-le-stress-a-lecole\/<\/a><\/p>\n<p><a href=\"http:\/\/papapositive.fr\/que-se-passe-t-il-dans-un-cerveau-qui-apprend-et-comment-motiver-les-eleves\/\">http:\/\/papapositive.fr\/que-se-passe-t-il-dans-un-cerveau-qui-apprend-et-comment-motiver-les-eleves\/<\/a><\/p>\n<p><a href=\"http:\/\/papapositive.fr\/les-50-regles-dor-pour-aider-son-enfant-a-se-concentrer\/\">http:\/\/papapositive.fr\/les-50-regles-dor-pour-aider-son-enfant-a-se-concentrer\/<\/a><\/p>\n<p><a href=\"http:\/\/papapositive.fr\/les-petites-marmailles-dexcellentes-ressources-pour-reussir-a-lecole\/\">http:\/\/papapositive.fr\/les-petites-marmailles-dexcellentes-ressources-pour-reussir-a-lecole\/<\/a><\/p>\n<p><a href=\"http:\/\/papapositive.fr\/nous-sommes-tous-intelligents\/\">http:\/\/papapositive.fr\/nous-sommes-tous-intelligents\/<\/a><\/p>\n<p><a href=\"http:\/\/papapositive.fr\/outil-gratuit-la-roue-de-conjugaison-des-verbes-du-1er-2eme-et-3eme-groupe-futur\/\">http:\/\/papapositive.fr\/outil-gratuit-la-roue-de-conjugaison-des-verbes-du-1er-2eme-et-3eme-groupe-futur\/<\/a><\/p>\n<h5>site cr\u00e9\u00e9 par une maman\u00a0: <a href=\"https:\/\/parents-du-21-eme-siecle.fr\/\">https:\/\/parents-du-21-eme-siecle.fr\/<\/a><\/h5>\n<h5>Site sur les relations parents\/ profs\u00a0: <a href=\"https:\/\/www.le-lab-des-parents.fr\/\">https:\/\/www.le-lab-des-parents.fr\/<\/a><\/h5>\n<p>&nbsp;<\/p>\n<h2>Videos\u00a0:<\/h2>\n<p><a href=\"http:\/\/viesdefamille.streamlike.com\/media.php?p=scolarite-comment-motiver-ses-enfants\">http:\/\/viesdefamille.streamlike.com\/media.php?p=scolarite-comment-motiver-ses-enfants<\/a>\u00a0: sur la motivation des enfants \u00e0 l\u2019\u00e9cole<\/p>\n<p><a href=\"https:\/\/www.youtube.com\/watch?v=JaoCwFDaLJE\">https:\/\/www.youtube.com\/watch?v=JaoCwFDaLJE<\/a>\u00a0: t\u00e9moignage de maman pour astuce pour la s\u00e9paration<\/p>\n<p><a href=\"https:\/\/www.youtube.com\/watch?v=Cp9XATtbZBo\">https:\/\/www.youtube.com\/watch?v=Cp9XATtbZBo<\/a>\u00a0: Hubert D\u2019Assignies, p\u00e9dopsychiatre sur \u00ab\u00a0Mon enfant n\u2019aime pas l\u2019\u00e9cole\u00a0\u00bb<\/p>\n","protected":false},"excerpt":{"rendered":"<p>Bibliographie : \u00ab\u00a06\/12 ans l\u2019\u00e2ge incertain, Mais qu\u2019est ce qu\u2019il a dans sa t\u00eate\u00a0?\u00a0\u00bb Chapitre 5\u00a0(pages 151 \u00e0 190) d\u2019Harry Ifergan et Rica Etienne \u00ab\u00a0Heureux \u00e0 l\u2019\u00e9cole\u00a0\u00bb de Nathalie de Boisgrollier \u00ab\u00a0Les meilleurs rituels pour mon enfant\u00a0\u00bb de P. Kunze et C. Salamender &nbsp; Sites internet utiles\u00a0: Paroles de pros\u00a0: Fabien Ollicard\u00a0: petites astuces pour [&hellip;]<\/p>\n","protected":false},"author":7,"featured_media":0,"parent":1660,"menu_order":0,"comment_status":"closed","ping_status":"closed","template":"","meta":{"footnotes":""},"class_list":["post-906","page","type-page","status-publish","hentry"],"_links":{"self":[{"href":"https:\/\/www.asso-resppi.fr\/index.php\/wp-json\/wp\/v2\/pages\/906","targetHints":{"allow":["GET"]}}],"collection":[{"href":"https:\/\/www.asso-resppi.fr\/index.php\/wp-json\/wp\/v2\/pages"}],"about":[{"href":"https:\/\/www.asso-resppi.fr\/index.php\/wp-json\/wp\/v2\/types\/page"}],"author":[{"embeddable":true,"href":"https:\/\/www.asso-resppi.fr\/index.php\/wp-json\/wp\/v2\/users\/7"}],"replies":[{"embeddable":true,"href":"https:\/\/www.asso-resppi.fr\/index.php\/wp-json\/wp\/v2\/comments?post=906"}],"version-history":[{"count":3,"href":"https:\/\/www.asso-resppi.fr\/index.php\/wp-json\/wp\/v2\/pages\/906\/revisions"}],"predecessor-version":[{"id":917,"href":"https:\/\/www.asso-resppi.fr\/index.php\/wp-json\/wp\/v2\/pages\/906\/revisions\/917"}],"up":[{"embeddable":true,"href":"https:\/\/www.asso-resppi.fr\/index.php\/wp-json\/wp\/v2\/pages\/1660"}],"wp:attachment":[{"href":"https:\/\/www.asso-resppi.fr\/index.php\/wp-json\/wp\/v2\/media?parent=906"}],"curies":[{"name":"wp","href":"https:\/\/api.w.org\/{rel}","templated":true}]}}