{"id":922,"date":"2018-10-22T16:28:59","date_gmt":"2018-10-22T14:28:59","guid":{"rendered":"https:\/\/www.asso-resppi.fr\/?page_id=922"},"modified":"2019-07-07T20:56:20","modified_gmt":"2019-07-07T18:56:20","slug":"le-rapport-aux-ecrans-dans-la-famille","status":"publish","type":"page","link":"https:\/\/www.asso-resppi.fr\/index.php\/notre-bibliographie\/vivre-et-grandir-avec-nos-enfants\/le-rapport-aux-ecrans-dans-la-famille\/","title":{"rendered":"Le rapport aux \u00e9crans dans la famille"},"content":{"rendered":"<ul>\n<li><em><strong>A t\u00e9l\u00e9charger<\/strong><\/em> : les documents transmis aux participants de l&rsquo;Entre-Parents\u00a0 du 20 octobre 2018 \u00e0 Beaulieu\n<ul>\n<li><a href=\"https:\/\/www.asso-resppi.fr\/index.php\/notre-bibliographie\/le-rapport-aux-ecrans-dans-la-famille\/un-quiz-pour-jouer-ensemble\/\" rel=\"attachment wp-att-926\">Un-quiz-pour-jouer-ensemble<\/a> ! r\u00e9alis\u00e9 par le Groupe de travail du R\u00e9seau d&rsquo;Ecoute, d&rsquo;Appui et d&rsquo;Accompagnement des Parents \u00bb<br \/>\nComit\u00e9 Local \u00ab Familles en sol mineur \u00bb, territoires de Lens, Li\u00e9vin, H\u00e9nin et Carvin (Pas de Calais)<\/li>\n<li>Livret de l&rsquo;agence de sant\u00e9 d&rsquo;Occitanie :\u00a0 <a href=\"https:\/\/www.asso-resppi.fr\/index.php\/notre-bibliographie\/le-rapport-aux-ecrans-dans-la-famille\/avec-les-ecrans-comment-je-my-prends-livret-pedagogique\/\" rel=\"attachment wp-att-927\">Avec les \u00e9crans, comment je m&rsquo;y prends &#8211; Livret p\u00e9dagogique<\/a><\/li>\n<li>Le Guide Atelier de la SISM \u2013 enfants et Adolescents (livres, jeux et ressources p\u00e9dagogiques)\u00a0 <a href=\"https:\/\/www.asso-resppi.fr\/index.php\/notre-bibliographie\/le-rapport-aux-ecrans-dans-la-famille\/guide_atelier_enfants_ado_sism_2019\/\" rel=\"attachment wp-att-936\">Guide_Atelier_Enfants_Ado_SISM_2019<\/a><\/li>\n<li>Une \u00e9tude documentaire de mars 2018, r\u00e9alis\u00e9e par L&rsquo; IREPS (Auvergne-Rh\u00f4ne Alpes) :<a href=\"https:\/\/www.asso-resppi.fr\/index.php\/notre-bibliographie\/le-rapport-aux-ecrans-dans-la-famille\/synthese_ecrans_mars_2018_\/\" rel=\"attachment wp-att-930\">SYNTHESE_ECRANS_mars_2018_<\/a><\/li>\n<li>le barom\u00e8tre des pratiques num\u00e9riques des habitants de l&rsquo;agglom\u00e9ration nantaise :<a href=\"https:\/\/www.asso-resppi.fr\/index.php\/notre-bibliographie\/le-rapport-aux-ecrans-dans-la-famille\/barometre-des-pratiques-numeriques-2018\/\" rel=\"attachment wp-att-931\">Barom\u00e8tre des pratiques num\u00e9riques 2018<\/a><\/li>\n<\/ul>\n<\/li>\n<li><em><strong>Bibliographie :<\/strong> <\/em>\n<ul>\n<li>L&rsquo;\u00e9cole des parents : trimestriels n\u00b0 625 -2017 consacr\u00e9 aux dangers de la surexposition aux \u00e9crans<\/li>\n<li>R\u00e9sultats de l\u2019enqu\u00eate <em>EU Kids Online <\/em>men\u00e9e aupr\u00e8s des 9-16 ans et de leurs parents en France<\/li>\n<li>Livre de S.TISSERON : 3-6-9-12, Apprivoiser les \u00e9crans et grandir<\/li>\n<\/ul>\n<\/li>\n<li><em><strong>Sites internet utiles<\/strong><\/em>\u00a0:\n<ul>\n<li>Pour prot\u00e9ger nos enfants sur tous les \u00e9crans disponibles dans la famille, le contr\u00f4le parental intelligent : <a href=\"https:\/\/www.parentsdanslesparages.com\/\">Parents dans les parages<\/a><\/li>\n<li>Blog de S.TISSERON : <a href=\"https:\/\/sergetisseron.com\/3-6-9-12\/\">https:\/\/sergetisseron.com\/3-6-9-12\/<\/a><\/li>\n<li>Edito du 15 octobre : <a href=\"https:\/\/www.3-6-9-12.org\/edito-bienvenue\/\">https:\/\/www.3-6-9-12.org\/edito-bienvenue\/<\/a><\/li>\n<li>Le site officiel : <a href=\"https:\/\/www.3-6-9-12.org\/\">https:\/\/www.3-6-9-12.org\/<\/a><\/li>\n<li>courtes vid\u00e9o en r\u00e9ponse \u00e0 des questions de parents : <a href=\"https:\/\/www.3-6-9-12.org\/videos-de-serge-tisseron\/\">https:\/\/www.3-6-9-12.org\/videos-de-serge-tisseron\/<\/a><\/li>\n<li>le site de l&rsquo;association \u00ab\u00a0e-enfance\u00a0\u00bb qui lutte contre les cyber-violences : <a href=\"https:\/\/www.e-enfance.org\/\">https:\/\/www.e-enfance.org\/<\/a><\/li>\n<li>le blog de Sabine DUFFLOT : 4 pas pour mieux grandir, les 4 temps sans les \u00e9crans :<a href=\"https:\/\/sabineduflofr.wordpress.com\/\">\u00a0https:\/\/sabineduflofr.wordpress.com\/<\/a><\/li>\n<\/ul>\n<\/li>\n<\/ul>\n","protected":false},"excerpt":{"rendered":"<p>A t\u00e9l\u00e9charger : les documents transmis aux participants de l&rsquo;Entre-Parents\u00a0 du 20 octobre 2018 \u00e0 Beaulieu Un-quiz-pour-jouer-ensemble ! r\u00e9alis\u00e9 par le Groupe de travail du R\u00e9seau d&rsquo;Ecoute, d&rsquo;Appui et d&rsquo;Accompagnement des Parents \u00bb Comit\u00e9 Local \u00ab Familles en sol mineur \u00bb, territoires de Lens, Li\u00e9vin, H\u00e9nin et Carvin (Pas de Calais) Livret de l&rsquo;agence de [&hellip;]<\/p>\n","protected":false},"author":2,"featured_media":0,"parent":1658,"menu_order":0,"comment_status":"closed","ping_status":"closed","template":"","meta":{"footnotes":""},"class_list":["post-922","page","type-page","status-publish","hentry"],"_links":{"self":[{"href":"https:\/\/www.asso-resppi.fr\/index.php\/wp-json\/wp\/v2\/pages\/922","targetHints":{"allow":["GET"]}}],"collection":[{"href":"https:\/\/www.asso-resppi.fr\/index.php\/wp-json\/wp\/v2\/pages"}],"about":[{"href":"https:\/\/www.asso-resppi.fr\/index.php\/wp-json\/wp\/v2\/types\/page"}],"author":[{"embeddable":true,"href":"https:\/\/www.asso-resppi.fr\/index.php\/wp-json\/wp\/v2\/users\/2"}],"replies":[{"embeddable":true,"href":"https:\/\/www.asso-resppi.fr\/index.php\/wp-json\/wp\/v2\/comments?post=922"}],"version-history":[{"count":15,"href":"https:\/\/www.asso-resppi.fr\/index.php\/wp-json\/wp\/v2\/pages\/922\/revisions"}],"predecessor-version":[{"id":945,"href":"https:\/\/www.asso-resppi.fr\/index.php\/wp-json\/wp\/v2\/pages\/922\/revisions\/945"}],"up":[{"embeddable":true,"href":"https:\/\/www.asso-resppi.fr\/index.php\/wp-json\/wp\/v2\/pages\/1658"}],"wp:attachment":[{"href":"https:\/\/www.asso-resppi.fr\/index.php\/wp-json\/wp\/v2\/media?parent=922"}],"curies":[{"name":"wp","href":"https:\/\/api.w.org\/{rel}","templated":true}]}}